{"id":399,"date":"2019-07-05T18:34:27","date_gmt":"2019-07-05T18:34:27","guid":{"rendered":"https:\/\/www.robsonbarros.com\/?page_id=399"},"modified":"2025-11-21T10:39:06","modified_gmt":"2025-11-21T10:39:06","slug":"biographie","status":"publish","type":"page","link":"https:\/\/www.robsonbarros.com\/fr\/biographie\/","title":{"rendered":"Biographie"},"content":{"rendered":"\t\t<div data-elementor-type=\"wp-page\" data-elementor-id=\"399\" class=\"elementor elementor-399 elementor-319\" data-elementor-post-type=\"page\">\n\t\t\t\t<div class=\"elementor-element elementor-element-27cbb4d e-flex e-con-boxed e-con e-parent\" data-id=\"27cbb4d\" data-element_type=\"container\">\n\t\t\t\t\t<div class=\"e-con-inner\">\n\t\t<div class=\"elementor-element elementor-element-e24cf2c e-con-full e-flex e-con e-child\" data-id=\"e24cf2c\" data-element_type=\"container\">\n\t\t\t\t<div class=\"elementor-element elementor-element-2dcaa7d elementor-widget elementor-widget-image\" data-id=\"2dcaa7d\" data-element_type=\"widget\" data-widget_type=\"image.default\">\n\t\t\t\t<div class=\"elementor-widget-container\">\n\t\t\t\t\t\t\t\t\t\t\t\t\t<img decoding=\"async\" src=\"https:\/\/www.robsonbarros.com\/wp-content\/uploads\/elementor\/thumbs\/IMG_20210418_153841_972-qw67wnqxg36xkzgwxhfosq96cxvd5u9azrm7xs3mtc.jpg\" title=\"IMG_20210418_153841_972\" alt=\"\" loading=\"lazy\" \/>\t\t\t\t\t\t\t\t\t\t\t\t\t<\/div>\n\t\t\t\t<\/div>\n\t\t\t\t<\/div>\n\t\t<div class=\"elementor-element elementor-element-5381f53 e-con-full e-flex e-con e-child\" data-id=\"5381f53\" data-element_type=\"container\">\n\t\t\t\t<div class=\"elementor-element elementor-element-94a9e1d elementor-widget elementor-widget-heading\" data-id=\"94a9e1d\" data-element_type=\"widget\" data-widget_type=\"heading.default\">\n\t\t\t\t<div class=\"elementor-widget-container\">\n\t\t\t<h1 class=\"elementor-heading-title elementor-size-default\">Biographie<\/h1>\t\t<\/div>\n\t\t\t\t<\/div>\n\t\t\t\t<div class=\"elementor-element elementor-element-19ed97b elementor-widget elementor-widget-heading\" data-id=\"19ed97b\" data-element_type=\"widget\" data-widget_type=\"heading.default\">\n\t\t\t\t<div class=\"elementor-widget-container\">\n\t\t\t<h2 class=\"elementor-heading-title elementor-size-default\">Voyage Musical et Spirituel<\/h2>\t\t<\/div>\n\t\t\t\t<\/div>\n\t\t\t\t<div class=\"elementor-element elementor-element-639addd elementor-widget elementor-widget-text-editor\" data-id=\"639addd\" data-element_type=\"widget\" data-widget_type=\"text-editor.default\">\n\t\t\t\t<div class=\"elementor-widget-container\">\n\t\t\t\t\t\t\t<p>Robson Barros est l&rsquo;un des musiciens br\u00e9siliens les plus talentueux de sa g\u00e9n\u00e9ration. N\u00e9 au c\u0153ur de l&rsquo;Amazonie, au Br\u00e9sil, il a d\u00e9but\u00e9 sa carri\u00e8re musicale \u00e0 l&rsquo;\u00e2ge de 14 ans en jouant avec la \u00ab\u00a0Jazz Band Amazonia\u00a0\u00bb. Son travail incarne les meilleurs aspects d&rsquo;une v\u00e9ritable globalisation culturelle, fusionnant jazz, rythmes du folklore amazonien, funk et grooves.<\/p><p>Robson est un multi-instrumentiste reconnu, notamment pour jouer sur une basse \u00e0 7 cordes. Il s&rsquo;est produit dans des lieux prestigieux au Br\u00e9sil et en Europe, aux c\u00f4t\u00e9s de grands artistes. En plus de ses propres compositions, Robson s&rsquo;est distingu\u00e9 comme arrangeur et producteur musical, cr\u00e9ant des arrangements puissants et des productions d&rsquo;enregistrements pour d&rsquo;importants documentaires de la t\u00e9l\u00e9vision fran\u00e7aise. Ces derni\u00e8res ann\u00e9es, il a d\u00e9velopp\u00e9 la M\u00e9thode TUDSAH, une approche th\u00e9rapeutique et spirituelle qui utilise la musique comme outil pour acc\u00e9der \u00e0 des r\u00e9alit\u00e9s parall\u00e8les et explorer en profondeur les \u00e9motions et la cr\u00e9ativit\u00e9.<\/p>\t\t\t\t\t\t<\/div>\n\t\t\t\t<\/div>\n\t\t\t\t<\/div>\n\t\t\t\t\t<\/div>\n\t\t\t\t<\/div>\n\t\t<div class=\"elementor-element elementor-element-1990d51 e-flex e-con-boxed e-con e-parent\" data-id=\"1990d51\" data-element_type=\"container\">\n\t\t\t\t\t<div class=\"e-con-inner\">\n\t\t<div class=\"elementor-element elementor-element-36a31ee e-con-full e-flex e-con e-child\" data-id=\"36a31ee\" data-element_type=\"container\">\n\t\t\t\t<div class=\"elementor-element elementor-element-64faac9 elementor-widget elementor-widget-text-editor\" data-id=\"64faac9\" data-element_type=\"widget\" data-widget_type=\"text-editor.default\">\n\t\t\t\t<div class=\"elementor-widget-container\">\n\t\t\t\t\t\t\t<p>Robson Barros est \u00e9galement le cr\u00e9ateur du Merkabah Musical, une m\u00e9thode visant \u00e0 \u00e9lever la conscience des auditeurs gr\u00e2ce \u00e0 des paysages sonores qui \u00e9voquent paix, harmonie et introspection. En tant que guide spirituel, il utilise sa musique pour aider les gens \u00e0 se connecter \u00e0 leur essence int\u00e9rieure et \u00e0 trouver la paix et l\u2019\u00e9quilibre dans leur vie.<\/p><p>En parall\u00e8le, ses concerts, tels que \u201cAlmazonia\u201d et \u201cMerkabah Musical Concert\u201d, sont des exp\u00e9riences transformantes qui allient musique et spiritualit\u00e9. Avec une carri\u00e8re marqu\u00e9e par l&rsquo;innovation et le d\u00e9vouement, Robson Barros continue d&rsquo;explorer de nouvelles fronti\u00e8res musicales et spirituelles, cherchant toujours \u00e0 inspirer et transformer des vies gr\u00e2ce \u00e0 son art.<\/p>\t\t\t\t\t\t<\/div>\n\t\t\t\t<\/div>\n\t\t\t\t<\/div>\n\t\t<div class=\"elementor-element elementor-element-3305d2c e-con-full e-flex e-con e-child\" data-id=\"3305d2c\" data-element_type=\"container\">\n\t\t\t\t<div class=\"elementor-element elementor-element-dca5bf1 elementor-widget elementor-widget-image\" data-id=\"dca5bf1\" data-element_type=\"widget\" data-widget_type=\"image.default\">\n\t\t\t\t<div class=\"elementor-widget-container\">\n\t\t\t\t\t\t\t\t\t\t\t\t\t<img fetchpriority=\"high\" decoding=\"async\" width=\"405\" height=\"405\" src=\"https:\/\/www.robsonbarros.com\/wp-content\/uploads\/2024\/10\/tetradro-1.jpeg\" class=\"attachment-medium_large size-medium_large wp-image-44611\" alt=\"\" srcset=\"https:\/\/www.robsonbarros.com\/wp-content\/uploads\/2024\/10\/tetradro-1.jpeg 405w, https:\/\/www.robsonbarros.com\/wp-content\/uploads\/2024\/10\/tetradro-1-100x100.jpeg 100w, https:\/\/www.robsonbarros.com\/wp-content\/uploads\/2024\/10\/tetradro-1-300x300.jpeg 300w, https:\/\/www.robsonbarros.com\/wp-content\/uploads\/2024\/10\/tetradro-1-150x150.jpeg 150w, https:\/\/www.robsonbarros.com\/wp-content\/uploads\/2024\/10\/tetradro-1-400x400.jpeg 400w\" sizes=\"(max-width: 405px) 100vw, 405px\" \/>\t\t\t\t\t\t\t\t\t\t\t\t\t<\/div>\n\t\t\t\t<\/div>\n\t\t\t\t<\/div>\n\t\t\t\t\t<\/div>\n\t\t\t\t<\/div>\n\t\t\t\t<\/div>\n\t\t","protected":false},"excerpt":{"rendered":"<p>Biographie Voyage Musical et Spirituel Robson Barros est l&rsquo;un des musiciens br\u00e9siliens les plus talentueux de sa g\u00e9n\u00e9ration. N\u00e9 au c\u0153ur de l&rsquo;Amazonie, au Br\u00e9sil, il a d\u00e9but\u00e9 sa carri\u00e8re musicale \u00e0 l&rsquo;\u00e2ge de 14 ans en jouant avec la \u00ab\u00a0Jazz Band Amazonia\u00a0\u00bb. Son travail incarne les meilleurs aspects d&rsquo;une v\u00e9ritable globalisation culturelle, fusionnant jazz, [&hellip;]<\/p>\n","protected":false},"author":1,"featured_media":0,"parent":0,"menu_order":0,"comment_status":"closed","ping_status":"closed","template":"elementor_theme","meta":{"footnotes":""},"class_list":["post-399","page","type-page","status-publish","hentry"],"yoast_head":"<!-- This site is optimized with the Yoast SEO plugin v24.0 - https:\/\/yoast.com\/wordpress\/plugins\/seo\/ -->\n<title>Biographie - Robson BARROS - ALMAZONIA<\/title>\n<meta name=\"robots\" content=\"index, follow, max-snippet:-1, max-image-preview:large, max-video-preview:-1\" \/>\n<link rel=\"canonical\" href=\"https:\/\/www.robsonbarros.com\/fr\/biographie\/\" \/>\n<meta property=\"og:locale\" content=\"fr_FR\" \/>\n<meta property=\"og:type\" content=\"article\" \/>\n<meta property=\"og:title\" content=\"Biographie - Robson BARROS - ALMAZONIA\" \/>\n<meta property=\"og:description\" content=\"Biographie Voyage Musical et Spirituel Robson Barros est l&rsquo;un des musiciens br\u00e9siliens les plus talentueux de sa g\u00e9n\u00e9ration. N\u00e9 au c\u0153ur de l&rsquo;Amazonie, au Br\u00e9sil, il a d\u00e9but\u00e9 sa carri\u00e8re musicale \u00e0 l&rsquo;\u00e2ge de 14 ans en jouant avec la \u00ab\u00a0Jazz Band Amazonia\u00a0\u00bb. Son travail incarne les meilleurs aspects d&rsquo;une v\u00e9ritable globalisation culturelle, fusionnant jazz, [&hellip;]\" \/>\n<meta property=\"og:url\" content=\"https:\/\/www.robsonbarros.com\/fr\/biographie\/\" \/>\n<meta property=\"og:site_name\" content=\"Robson BARROS - ALMAZONIA\" \/>\n<meta property=\"article:modified_time\" content=\"2025-11-21T10:39:06+00:00\" \/>\n<meta property=\"og:image\" content=\"https:\/\/www.robsonbarros.com\/wp-content\/uploads\/elementor\/thumbs\/IMG_20210418_153841_972-qw67wnqxg36xkzgwxhfosq96cxvd5u9azrm7xs3mtc.jpg\" \/>\n<meta name=\"twitter:card\" content=\"summary_large_image\" \/>\n<meta name=\"twitter:label1\" content=\"Dur\u00e9e de lecture estim\u00e9e\" \/>\n\t<meta name=\"twitter:data1\" content=\"2 minutes\" \/>\n<script type=\"application\/ld+json\" class=\"yoast-schema-graph\">{\"@context\":\"https:\/\/schema.org\",\"@graph\":[{\"@type\":\"WebPage\",\"@id\":\"https:\/\/www.robsonbarros.com\/fr\/biographie\/\",\"url\":\"https:\/\/www.robsonbarros.com\/fr\/biographie\/\",\"name\":\"Biographie - Robson BARROS - ALMAZONIA\",\"isPartOf\":{\"@id\":\"https:\/\/www.robsonbarros.com\/#website\"},\"primaryImageOfPage\":{\"@id\":\"https:\/\/www.robsonbarros.com\/fr\/biographie\/#primaryimage\"},\"image\":{\"@id\":\"https:\/\/www.robsonbarros.com\/fr\/biographie\/#primaryimage\"},\"thumbnailUrl\":\"https:\/\/www.robsonbarros.com\/wp-content\/uploads\/elementor\/thumbs\/IMG_20210418_153841_972-qw67wnqxg36xkzgwxhfosq96cxvd5u9azrm7xs3mtc.jpg\",\"datePublished\":\"2019-07-05T18:34:27+00:00\",\"dateModified\":\"2025-11-21T10:39:06+00:00\",\"breadcrumb\":{\"@id\":\"https:\/\/www.robsonbarros.com\/fr\/biographie\/#breadcrumb\"},\"inLanguage\":\"fr-FR\",\"potentialAction\":[{\"@type\":\"ReadAction\",\"target\":[\"https:\/\/www.robsonbarros.com\/fr\/biographie\/\"]}]},{\"@type\":\"ImageObject\",\"inLanguage\":\"fr-FR\",\"@id\":\"https:\/\/www.robsonbarros.com\/fr\/biographie\/#primaryimage\",\"url\":\"https:\/\/www.robsonbarros.com\/wp-content\/uploads\/elementor\/thumbs\/IMG_20210418_153841_972-qw67wnqxg36xkzgwxhfosq96cxvd5u9azrm7xs3mtc.jpg\",\"contentUrl\":\"https:\/\/www.robsonbarros.com\/wp-content\/uploads\/elementor\/thumbs\/IMG_20210418_153841_972-qw67wnqxg36xkzgwxhfosq96cxvd5u9azrm7xs3mtc.jpg\"},{\"@type\":\"BreadcrumbList\",\"@id\":\"https:\/\/www.robsonbarros.com\/fr\/biographie\/#breadcrumb\",\"itemListElement\":[{\"@type\":\"ListItem\",\"position\":1,\"name\":\"Home\",\"item\":\"https:\/\/www.robsonbarros.com\/fr\/\"},{\"@type\":\"ListItem\",\"position\":2,\"name\":\"Biographie\"}]},{\"@type\":\"WebSite\",\"@id\":\"https:\/\/www.robsonbarros.com\/#website\",\"url\":\"https:\/\/www.robsonbarros.com\/\",\"name\":\"Robson BARROS - ALMAZONIA\",\"description\":\"Visit the Robson Barros website\",\"publisher\":{\"@id\":\"https:\/\/www.robsonbarros.com\/#\/schema\/person\/a061c00cd8214ed6d75cd7a0874bf49f\"},\"potentialAction\":[{\"@type\":\"SearchAction\",\"target\":{\"@type\":\"EntryPoint\",\"urlTemplate\":\"https:\/\/www.robsonbarros.com\/?s={search_term_string}\"},\"query-input\":{\"@type\":\"PropertyValueSpecification\",\"valueRequired\":true,\"valueName\":\"search_term_string\"}}],\"inLanguage\":\"fr-FR\"},{\"@type\":[\"Person\",\"Organization\"],\"@id\":\"https:\/\/www.robsonbarros.com\/#\/schema\/person\/a061c00cd8214ed6d75cd7a0874bf49f\",\"name\":\"Robson BARROS\",\"image\":{\"@type\":\"ImageObject\",\"inLanguage\":\"fr-FR\",\"@id\":\"https:\/\/www.robsonbarros.com\/#\/schema\/person\/image\/\",\"url\":\"https:\/\/www.robsonbarros.com\/wp-content\/uploads\/2019\/07\/robson_barros_bass.jpg\",\"contentUrl\":\"https:\/\/www.robsonbarros.com\/wp-content\/uploads\/2019\/07\/robson_barros_bass.jpg\",\"width\":800,\"height\":800,\"caption\":\"Robson BARROS\"},\"logo\":{\"@id\":\"https:\/\/www.robsonbarros.com\/#\/schema\/person\/image\/\"}}]}<\/script>\n<!-- \/ Yoast SEO plugin. -->","yoast_head_json":{"title":"Biographie - Robson BARROS - ALMAZONIA","robots":{"index":"index","follow":"follow","max-snippet":"max-snippet:-1","max-image-preview":"max-image-preview:large","max-video-preview":"max-video-preview:-1"},"canonical":"https:\/\/www.robsonbarros.com\/fr\/biographie\/","og_locale":"fr_FR","og_type":"article","og_title":"Biographie - Robson BARROS - ALMAZONIA","og_description":"Biographie Voyage Musical et Spirituel Robson Barros est l&rsquo;un des musiciens br\u00e9siliens les plus talentueux de sa g\u00e9n\u00e9ration. N\u00e9 au c\u0153ur de l&rsquo;Amazonie, au Br\u00e9sil, il a d\u00e9but\u00e9 sa carri\u00e8re musicale \u00e0 l&rsquo;\u00e2ge de 14 ans en jouant avec la \u00ab\u00a0Jazz Band Amazonia\u00a0\u00bb. Son travail incarne les meilleurs aspects d&rsquo;une v\u00e9ritable globalisation culturelle, fusionnant jazz, [&hellip;]","og_url":"https:\/\/www.robsonbarros.com\/fr\/biographie\/","og_site_name":"Robson BARROS - ALMAZONIA","article_modified_time":"2025-11-21T10:39:06+00:00","og_image":[{"url":"https:\/\/www.robsonbarros.com\/wp-content\/uploads\/elementor\/thumbs\/IMG_20210418_153841_972-qw67wnqxg36xkzgwxhfosq96cxvd5u9azrm7xs3mtc.jpg","type":"","width":"","height":""}],"twitter_card":"summary_large_image","twitter_misc":{"Dur\u00e9e de lecture estim\u00e9e":"2 minutes"},"schema":{"@context":"https:\/\/schema.org","@graph":[{"@type":"WebPage","@id":"https:\/\/www.robsonbarros.com\/fr\/biographie\/","url":"https:\/\/www.robsonbarros.com\/fr\/biographie\/","name":"Biographie - Robson BARROS - ALMAZONIA","isPartOf":{"@id":"https:\/\/www.robsonbarros.com\/#website"},"primaryImageOfPage":{"@id":"https:\/\/www.robsonbarros.com\/fr\/biographie\/#primaryimage"},"image":{"@id":"https:\/\/www.robsonbarros.com\/fr\/biographie\/#primaryimage"},"thumbnailUrl":"https:\/\/www.robsonbarros.com\/wp-content\/uploads\/elementor\/thumbs\/IMG_20210418_153841_972-qw67wnqxg36xkzgwxhfosq96cxvd5u9azrm7xs3mtc.jpg","datePublished":"2019-07-05T18:34:27+00:00","dateModified":"2025-11-21T10:39:06+00:00","breadcrumb":{"@id":"https:\/\/www.robsonbarros.com\/fr\/biographie\/#breadcrumb"},"inLanguage":"fr-FR","potentialAction":[{"@type":"ReadAction","target":["https:\/\/www.robsonbarros.com\/fr\/biographie\/"]}]},{"@type":"ImageObject","inLanguage":"fr-FR","@id":"https:\/\/www.robsonbarros.com\/fr\/biographie\/#primaryimage","url":"https:\/\/www.robsonbarros.com\/wp-content\/uploads\/elementor\/thumbs\/IMG_20210418_153841_972-qw67wnqxg36xkzgwxhfosq96cxvd5u9azrm7xs3mtc.jpg","contentUrl":"https:\/\/www.robsonbarros.com\/wp-content\/uploads\/elementor\/thumbs\/IMG_20210418_153841_972-qw67wnqxg36xkzgwxhfosq96cxvd5u9azrm7xs3mtc.jpg"},{"@type":"BreadcrumbList","@id":"https:\/\/www.robsonbarros.com\/fr\/biographie\/#breadcrumb","itemListElement":[{"@type":"ListItem","position":1,"name":"Home","item":"https:\/\/www.robsonbarros.com\/fr\/"},{"@type":"ListItem","position":2,"name":"Biographie"}]},{"@type":"WebSite","@id":"https:\/\/www.robsonbarros.com\/#website","url":"https:\/\/www.robsonbarros.com\/","name":"Robson BARROS - ALMAZONIA","description":"Visit the Robson Barros website","publisher":{"@id":"https:\/\/www.robsonbarros.com\/#\/schema\/person\/a061c00cd8214ed6d75cd7a0874bf49f"},"potentialAction":[{"@type":"SearchAction","target":{"@type":"EntryPoint","urlTemplate":"https:\/\/www.robsonbarros.com\/?s={search_term_string}"},"query-input":{"@type":"PropertyValueSpecification","valueRequired":true,"valueName":"search_term_string"}}],"inLanguage":"fr-FR"},{"@type":["Person","Organization"],"@id":"https:\/\/www.robsonbarros.com\/#\/schema\/person\/a061c00cd8214ed6d75cd7a0874bf49f","name":"Robson BARROS","image":{"@type":"ImageObject","inLanguage":"fr-FR","@id":"https:\/\/www.robsonbarros.com\/#\/schema\/person\/image\/","url":"https:\/\/www.robsonbarros.com\/wp-content\/uploads\/2019\/07\/robson_barros_bass.jpg","contentUrl":"https:\/\/www.robsonbarros.com\/wp-content\/uploads\/2019\/07\/robson_barros_bass.jpg","width":800,"height":800,"caption":"Robson BARROS"},"logo":{"@id":"https:\/\/www.robsonbarros.com\/#\/schema\/person\/image\/"}}]}},"_links":{"self":[{"href":"https:\/\/www.robsonbarros.com\/fr\/wp-json\/wp\/v2\/pages\/399","targetHints":{"allow":["GET"]}}],"collection":[{"href":"https:\/\/www.robsonbarros.com\/fr\/wp-json\/wp\/v2\/pages"}],"about":[{"href":"https:\/\/www.robsonbarros.com\/fr\/wp-json\/wp\/v2\/types\/page"}],"author":[{"embeddable":true,"href":"https:\/\/www.robsonbarros.com\/fr\/wp-json\/wp\/v2\/users\/1"}],"replies":[{"embeddable":true,"href":"https:\/\/www.robsonbarros.com\/fr\/wp-json\/wp\/v2\/comments?post=399"}],"version-history":[{"count":0,"href":"https:\/\/www.robsonbarros.com\/fr\/wp-json\/wp\/v2\/pages\/399\/revisions"}],"wp:attachment":[{"href":"https:\/\/www.robsonbarros.com\/fr\/wp-json\/wp\/v2\/media?parent=399"}],"curies":[{"name":"wp","href":"https:\/\/api.w.org\/{rel}","templated":true}]}}