{"id":44853,"date":"2024-11-17T15:32:58","date_gmt":"2024-11-17T15:32:58","guid":{"rendered":"https:\/\/www.robsonbarros.com\/?page_id=44853"},"modified":"2024-12-04T21:06:22","modified_gmt":"2024-12-04T21:06:22","slug":"merkabah-musical","status":"publish","type":"page","link":"https:\/\/www.robsonbarros.com\/fr\/merkabah-musical\/","title":{"rendered":"MERKABAH MUSICAL"},"content":{"rendered":"\t\t<div data-elementor-type=\"wp-page\" data-elementor-id=\"44853\" class=\"elementor elementor-44853 elementor-44815\" data-elementor-post-type=\"page\">\n\t\t\t\t<div class=\"elementor-element elementor-element-cec2f97 e-flex e-con-boxed e-con e-parent\" data-id=\"cec2f97\" data-element_type=\"container\">\n\t\t\t\t\t<div class=\"e-con-inner\">\n\t\t<div class=\"elementor-element elementor-element-fd99a85 e-con-full e-flex e-con e-child\" data-id=\"fd99a85\" data-element_type=\"container\">\n\t\t\t\t<div class=\"elementor-element elementor-element-6d65b45 elementor-widget elementor-widget-image\" data-id=\"6d65b45\" data-element_type=\"widget\" data-widget_type=\"image.default\">\n\t\t\t\t<div class=\"elementor-widget-container\">\n\t\t\t\t\t\t\t\t\t\t\t\t\t<img decoding=\"async\" src=\"https:\/\/www.robsonbarros.com\/wp-content\/uploads\/elementor\/thumbs\/merkabah-RB-qx2fmz0svhf231b5oas74zx1md89omwzbcna0fhmy8.jpg\" title=\"merkabah-RB\" alt=\"\" loading=\"lazy\" \/>\t\t\t\t\t\t\t\t\t\t\t\t\t<\/div>\n\t\t\t\t<\/div>\n\t\t\t\t<\/div>\n\t\t<div class=\"elementor-element elementor-element-59e423a e-con-full e-flex e-con e-child\" data-id=\"59e423a\" data-element_type=\"container\">\n\t\t\t\t<div class=\"elementor-element elementor-element-ffded8c elementor-widget elementor-widget-heading\" data-id=\"ffded8c\" data-element_type=\"widget\" data-widget_type=\"heading.default\">\n\t\t\t\t<div class=\"elementor-widget-container\">\n\t\t\t<h1 class=\"elementor-heading-title elementor-size-default\">MERKABAH MUSICAL<\/h1>\t\t<\/div>\n\t\t\t\t<\/div>\n\t\t\t\t<div class=\"elementor-element elementor-element-488b41e elementor-widget elementor-widget-heading\" data-id=\"488b41e\" data-element_type=\"widget\" data-widget_type=\"heading.default\">\n\t\t\t\t<div class=\"elementor-widget-container\">\n\t\t\t<h2 class=\"elementor-heading-title elementor-size-default\">Plongez dans l\u2019Exp\u00e9rience du Merkabah Musical et \u00c9levez votre Conscience Int\u00e9rieure.<\/h2>\t\t<\/div>\n\t\t\t\t<\/div>\n\t\t\t\t<div class=\"elementor-element elementor-element-a912ec4 elementor-widget elementor-widget-text-editor\" data-id=\"a912ec4\" data-element_type=\"widget\" data-widget_type=\"text-editor.default\">\n\t\t\t\t<div class=\"elementor-widget-container\">\n\t\t\t\t\t\t\t<p>Imagin\u00e9 par Robson Barros, le Merkabah Musical est bien plus qu\u2019une simple exp\u00e9rience auditive : c\u2019est un voyage immersif qui allie musique et spiritualit\u00e9. Guid\u00e9 par des paysages sonores con\u00e7us pour \u00e9veiller paix, harmonie et introspection, le Merkabah Musical vous invite \u00e0 une profonde connexion avec votre univers int\u00e9rieur, offrant une v\u00e9ritable transformation de votre bien-\u00eatre spirituel.<\/p>\t\t\t\t\t\t<\/div>\n\t\t\t\t<\/div>\n\t\t\t\t<div class=\"elementor-element elementor-element-4948247 elementor-widget elementor-widget-button\" data-id=\"4948247\" data-element_type=\"widget\" data-widget_type=\"button.default\">\n\t\t\t\t<div class=\"elementor-widget-container\">\n\t\t\t\t\t<div class=\"elementor-button-wrapper\">\n\t\t\t<a class=\"elementor-button elementor-button-link elementor-size-sm\" href=\"https:\/\/www.robsonbarros.com\/fr\/shop\/merkabah-musical\/\">\n\t\t\t\t\t\t<span class=\"elementor-button-content-wrapper\">\n\t\t\t\t\t\t<span class=\"elementor-button-icon\">\n\t\t\t\t<svg aria-hidden=\"true\" class=\"e-font-icon-svg e-fas-info-circle\" viewBox=\"0 0 512 512\" xmlns=\"http:\/\/www.w3.org\/2000\/svg\"><path d=\"M256 8C119.043 8 8 119.083 8 256c0 136.997 111.043 248 248 248s248-111.003 248-248C504 119.083 392.957 8 256 8zm0 110c23.196 0 42 18.804 42 42s-18.804 42-42 42-42-18.804-42-42 18.804-42 42-42zm56 254c0 6.627-5.373 12-12 12h-88c-6.627 0-12-5.373-12-12v-24c0-6.627 5.373-12 12-12h12v-64h-12c-6.627 0-12-5.373-12-12v-24c0-6.627 5.373-12 12-12h64c6.627 0 12 5.373 12 12v100h12c6.627 0 12 5.373 12 12v24z\"><\/path><\/svg>\t\t\t<\/span>\n\t\t\t\t\t\t\t\t\t<span class=\"elementor-button-text\">En savoir plus<\/span>\n\t\t\t\t\t<\/span>\n\t\t\t\t\t<\/a>\n\t\t<\/div>\n\t\t\t\t<\/div>\n\t\t\t\t<\/div>\n\t\t\t\t<\/div>\n\t\t\t\t\t<\/div>\n\t\t\t\t<\/div>\n\t\t\t\t<\/div>\n\t\t","protected":false},"excerpt":{"rendered":"<p>MERKABAH MUSICAL Plongez dans l\u2019Exp\u00e9rience du Merkabah Musical et \u00c9levez votre Conscience Int\u00e9rieure. Imagin\u00e9 par Robson Barros, le Merkabah Musical est bien plus qu\u2019une simple exp\u00e9rience auditive : c\u2019est un voyage immersif qui allie musique et spiritualit\u00e9. Guid\u00e9 par des paysages sonores con\u00e7us pour \u00e9veiller paix, harmonie et introspection, le Merkabah Musical vous invite \u00e0 [&hellip;]<\/p>\n","protected":false},"author":1,"featured_media":0,"parent":0,"menu_order":0,"comment_status":"closed","ping_status":"closed","template":"","meta":{"footnotes":""},"class_list":["post-44853","page","type-page","status-publish","hentry"],"yoast_head":"<!-- This site is optimized with the Yoast SEO plugin v24.0 - https:\/\/yoast.com\/wordpress\/plugins\/seo\/ -->\n<title>MERKABAH MUSICAL - Robson BARROS - ALMAZONIA<\/title>\n<meta name=\"robots\" content=\"index, follow, max-snippet:-1, max-image-preview:large, max-video-preview:-1\" \/>\n<link rel=\"canonical\" href=\"https:\/\/www.robsonbarros.com\/fr\/merkabah-musical\/\" \/>\n<meta property=\"og:locale\" content=\"fr_FR\" \/>\n<meta property=\"og:type\" content=\"article\" \/>\n<meta property=\"og:title\" content=\"MERKABAH MUSICAL - Robson BARROS - ALMAZONIA\" \/>\n<meta property=\"og:description\" content=\"MERKABAH MUSICAL Plongez dans l\u2019Exp\u00e9rience du Merkabah Musical et \u00c9levez votre Conscience Int\u00e9rieure. Imagin\u00e9 par Robson Barros, le Merkabah Musical est bien plus qu\u2019une simple exp\u00e9rience auditive : c\u2019est un voyage immersif qui allie musique et spiritualit\u00e9. Guid\u00e9 par des paysages sonores con\u00e7us pour \u00e9veiller paix, harmonie et introspection, le Merkabah Musical vous invite \u00e0 [&hellip;]\" \/>\n<meta property=\"og:url\" content=\"https:\/\/www.robsonbarros.com\/fr\/merkabah-musical\/\" \/>\n<meta property=\"og:site_name\" content=\"Robson BARROS - ALMAZONIA\" \/>\n<meta property=\"article:modified_time\" content=\"2024-12-04T21:06:22+00:00\" \/>\n<meta property=\"og:image\" content=\"https:\/\/www.robsonbarros.com\/wp-content\/uploads\/elementor\/thumbs\/merkabah-RB-qx2fmz0svhf231b5oas74zx1md89omwzbcna0fhmy8.jpg\" \/>\n<meta name=\"twitter:card\" content=\"summary_large_image\" \/>\n<meta name=\"twitter:label1\" content=\"Dur\u00e9e de lecture estim\u00e9e\" \/>\n\t<meta name=\"twitter:data1\" content=\"1 minute\" \/>\n<script type=\"application\/ld+json\" class=\"yoast-schema-graph\">{\"@context\":\"https:\/\/schema.org\",\"@graph\":[{\"@type\":\"WebPage\",\"@id\":\"https:\/\/www.robsonbarros.com\/fr\/merkabah-musical\/\",\"url\":\"https:\/\/www.robsonbarros.com\/fr\/merkabah-musical\/\",\"name\":\"MERKABAH MUSICAL - Robson BARROS - ALMAZONIA\",\"isPartOf\":{\"@id\":\"https:\/\/www.robsonbarros.com\/#website\"},\"primaryImageOfPage\":{\"@id\":\"https:\/\/www.robsonbarros.com\/fr\/merkabah-musical\/#primaryimage\"},\"image\":{\"@id\":\"https:\/\/www.robsonbarros.com\/fr\/merkabah-musical\/#primaryimage\"},\"thumbnailUrl\":\"https:\/\/www.robsonbarros.com\/wp-content\/uploads\/elementor\/thumbs\/merkabah-RB-qx2fmz0svhf231b5oas74zx1md89omwzbcna0fhmy8.jpg\",\"datePublished\":\"2024-11-17T15:32:58+00:00\",\"dateModified\":\"2024-12-04T21:06:22+00:00\",\"breadcrumb\":{\"@id\":\"https:\/\/www.robsonbarros.com\/fr\/merkabah-musical\/#breadcrumb\"},\"inLanguage\":\"fr-FR\",\"potentialAction\":[{\"@type\":\"ReadAction\",\"target\":[\"https:\/\/www.robsonbarros.com\/fr\/merkabah-musical\/\"]}]},{\"@type\":\"ImageObject\",\"inLanguage\":\"fr-FR\",\"@id\":\"https:\/\/www.robsonbarros.com\/fr\/merkabah-musical\/#primaryimage\",\"url\":\"https:\/\/www.robsonbarros.com\/wp-content\/uploads\/elementor\/thumbs\/merkabah-RB-qx2fmz0svhf231b5oas74zx1md89omwzbcna0fhmy8.jpg\",\"contentUrl\":\"https:\/\/www.robsonbarros.com\/wp-content\/uploads\/elementor\/thumbs\/merkabah-RB-qx2fmz0svhf231b5oas74zx1md89omwzbcna0fhmy8.jpg\"},{\"@type\":\"BreadcrumbList\",\"@id\":\"https:\/\/www.robsonbarros.com\/fr\/merkabah-musical\/#breadcrumb\",\"itemListElement\":[{\"@type\":\"ListItem\",\"position\":1,\"name\":\"Home\",\"item\":\"https:\/\/www.robsonbarros.com\/fr\/\"},{\"@type\":\"ListItem\",\"position\":2,\"name\":\"MERKABAH MUSICAL\"}]},{\"@type\":\"WebSite\",\"@id\":\"https:\/\/www.robsonbarros.com\/#website\",\"url\":\"https:\/\/www.robsonbarros.com\/\",\"name\":\"Robson BARROS - ALMAZONIA\",\"description\":\"Visit the Robson Barros website\",\"publisher\":{\"@id\":\"https:\/\/www.robsonbarros.com\/#\/schema\/person\/a061c00cd8214ed6d75cd7a0874bf49f\"},\"potentialAction\":[{\"@type\":\"SearchAction\",\"target\":{\"@type\":\"EntryPoint\",\"urlTemplate\":\"https:\/\/www.robsonbarros.com\/?s={search_term_string}\"},\"query-input\":{\"@type\":\"PropertyValueSpecification\",\"valueRequired\":true,\"valueName\":\"search_term_string\"}}],\"inLanguage\":\"fr-FR\"},{\"@type\":[\"Person\",\"Organization\"],\"@id\":\"https:\/\/www.robsonbarros.com\/#\/schema\/person\/a061c00cd8214ed6d75cd7a0874bf49f\",\"name\":\"Robson BARROS\",\"image\":{\"@type\":\"ImageObject\",\"inLanguage\":\"fr-FR\",\"@id\":\"https:\/\/www.robsonbarros.com\/#\/schema\/person\/image\/\",\"url\":\"https:\/\/www.robsonbarros.com\/wp-content\/uploads\/2019\/07\/robson_barros_bass.jpg\",\"contentUrl\":\"https:\/\/www.robsonbarros.com\/wp-content\/uploads\/2019\/07\/robson_barros_bass.jpg\",\"width\":800,\"height\":800,\"caption\":\"Robson BARROS\"},\"logo\":{\"@id\":\"https:\/\/www.robsonbarros.com\/#\/schema\/person\/image\/\"}}]}<\/script>\n<!-- \/ Yoast SEO plugin. -->","yoast_head_json":{"title":"MERKABAH MUSICAL - Robson BARROS - ALMAZONIA","robots":{"index":"index","follow":"follow","max-snippet":"max-snippet:-1","max-image-preview":"max-image-preview:large","max-video-preview":"max-video-preview:-1"},"canonical":"https:\/\/www.robsonbarros.com\/fr\/merkabah-musical\/","og_locale":"fr_FR","og_type":"article","og_title":"MERKABAH MUSICAL - Robson BARROS - ALMAZONIA","og_description":"MERKABAH MUSICAL Plongez dans l\u2019Exp\u00e9rience du Merkabah Musical et \u00c9levez votre Conscience Int\u00e9rieure. Imagin\u00e9 par Robson Barros, le Merkabah Musical est bien plus qu\u2019une simple exp\u00e9rience auditive : c\u2019est un voyage immersif qui allie musique et spiritualit\u00e9. Guid\u00e9 par des paysages sonores con\u00e7us pour \u00e9veiller paix, harmonie et introspection, le Merkabah Musical vous invite \u00e0 [&hellip;]","og_url":"https:\/\/www.robsonbarros.com\/fr\/merkabah-musical\/","og_site_name":"Robson BARROS - ALMAZONIA","article_modified_time":"2024-12-04T21:06:22+00:00","og_image":[{"url":"https:\/\/www.robsonbarros.com\/wp-content\/uploads\/elementor\/thumbs\/merkabah-RB-qx2fmz0svhf231b5oas74zx1md89omwzbcna0fhmy8.jpg","type":"","width":"","height":""}],"twitter_card":"summary_large_image","twitter_misc":{"Dur\u00e9e de lecture estim\u00e9e":"1 minute"},"schema":{"@context":"https:\/\/schema.org","@graph":[{"@type":"WebPage","@id":"https:\/\/www.robsonbarros.com\/fr\/merkabah-musical\/","url":"https:\/\/www.robsonbarros.com\/fr\/merkabah-musical\/","name":"MERKABAH MUSICAL - Robson BARROS - ALMAZONIA","isPartOf":{"@id":"https:\/\/www.robsonbarros.com\/#website"},"primaryImageOfPage":{"@id":"https:\/\/www.robsonbarros.com\/fr\/merkabah-musical\/#primaryimage"},"image":{"@id":"https:\/\/www.robsonbarros.com\/fr\/merkabah-musical\/#primaryimage"},"thumbnailUrl":"https:\/\/www.robsonbarros.com\/wp-content\/uploads\/elementor\/thumbs\/merkabah-RB-qx2fmz0svhf231b5oas74zx1md89omwzbcna0fhmy8.jpg","datePublished":"2024-11-17T15:32:58+00:00","dateModified":"2024-12-04T21:06:22+00:00","breadcrumb":{"@id":"https:\/\/www.robsonbarros.com\/fr\/merkabah-musical\/#breadcrumb"},"inLanguage":"fr-FR","potentialAction":[{"@type":"ReadAction","target":["https:\/\/www.robsonbarros.com\/fr\/merkabah-musical\/"]}]},{"@type":"ImageObject","inLanguage":"fr-FR","@id":"https:\/\/www.robsonbarros.com\/fr\/merkabah-musical\/#primaryimage","url":"https:\/\/www.robsonbarros.com\/wp-content\/uploads\/elementor\/thumbs\/merkabah-RB-qx2fmz0svhf231b5oas74zx1md89omwzbcna0fhmy8.jpg","contentUrl":"https:\/\/www.robsonbarros.com\/wp-content\/uploads\/elementor\/thumbs\/merkabah-RB-qx2fmz0svhf231b5oas74zx1md89omwzbcna0fhmy8.jpg"},{"@type":"BreadcrumbList","@id":"https:\/\/www.robsonbarros.com\/fr\/merkabah-musical\/#breadcrumb","itemListElement":[{"@type":"ListItem","position":1,"name":"Home","item":"https:\/\/www.robsonbarros.com\/fr\/"},{"@type":"ListItem","position":2,"name":"MERKABAH MUSICAL"}]},{"@type":"WebSite","@id":"https:\/\/www.robsonbarros.com\/#website","url":"https:\/\/www.robsonbarros.com\/","name":"Robson BARROS - ALMAZONIA","description":"Visit the Robson Barros website","publisher":{"@id":"https:\/\/www.robsonbarros.com\/#\/schema\/person\/a061c00cd8214ed6d75cd7a0874bf49f"},"potentialAction":[{"@type":"SearchAction","target":{"@type":"EntryPoint","urlTemplate":"https:\/\/www.robsonbarros.com\/?s={search_term_string}"},"query-input":{"@type":"PropertyValueSpecification","valueRequired":true,"valueName":"search_term_string"}}],"inLanguage":"fr-FR"},{"@type":["Person","Organization"],"@id":"https:\/\/www.robsonbarros.com\/#\/schema\/person\/a061c00cd8214ed6d75cd7a0874bf49f","name":"Robson BARROS","image":{"@type":"ImageObject","inLanguage":"fr-FR","@id":"https:\/\/www.robsonbarros.com\/#\/schema\/person\/image\/","url":"https:\/\/www.robsonbarros.com\/wp-content\/uploads\/2019\/07\/robson_barros_bass.jpg","contentUrl":"https:\/\/www.robsonbarros.com\/wp-content\/uploads\/2019\/07\/robson_barros_bass.jpg","width":800,"height":800,"caption":"Robson BARROS"},"logo":{"@id":"https:\/\/www.robsonbarros.com\/#\/schema\/person\/image\/"}}]}},"_links":{"self":[{"href":"https:\/\/www.robsonbarros.com\/fr\/wp-json\/wp\/v2\/pages\/44853","targetHints":{"allow":["GET"]}}],"collection":[{"href":"https:\/\/www.robsonbarros.com\/fr\/wp-json\/wp\/v2\/pages"}],"about":[{"href":"https:\/\/www.robsonbarros.com\/fr\/wp-json\/wp\/v2\/types\/page"}],"author":[{"embeddable":true,"href":"https:\/\/www.robsonbarros.com\/fr\/wp-json\/wp\/v2\/users\/1"}],"replies":[{"embeddable":true,"href":"https:\/\/www.robsonbarros.com\/fr\/wp-json\/wp\/v2\/comments?post=44853"}],"version-history":[{"count":0,"href":"https:\/\/www.robsonbarros.com\/fr\/wp-json\/wp\/v2\/pages\/44853\/revisions"}],"wp:attachment":[{"href":"https:\/\/www.robsonbarros.com\/fr\/wp-json\/wp\/v2\/media?parent=44853"}],"curies":[{"name":"wp","href":"https:\/\/api.w.org\/{rel}","templated":true}]}}