{"id":45194,"date":"2024-12-04T21:51:48","date_gmt":"2024-12-04T21:51:48","guid":{"rendered":"https:\/\/www.robsonbarros.com\/?page_id=45194"},"modified":"2025-05-16T09:32:31","modified_gmt":"2025-05-16T09:32:31","slug":"musique","status":"publish","type":"page","link":"https:\/\/www.robsonbarros.com\/fr\/musique\/","title":{"rendered":"MUSIQUE"},"content":{"rendered":"\t\t<div data-elementor-type=\"wp-page\" data-elementor-id=\"45194\" class=\"elementor elementor-45194 elementor-45176\" data-elementor-post-type=\"page\">\n\t\t\t\t<div class=\"elementor-element elementor-element-ea899b7 e-flex e-con-boxed e-con e-parent\" data-id=\"ea899b7\" data-element_type=\"container\" data-settings=\"{&quot;background_background&quot;:&quot;classic&quot;}\">\n\t\t\t\t\t<div class=\"e-con-inner\">\n\t\t\t\t<div class=\"elementor-element elementor-element-bc803d6 elementor-widget elementor-widget-heading\" data-id=\"bc803d6\" data-element_type=\"widget\" data-widget_type=\"heading.default\">\n\t\t\t\t<div class=\"elementor-widget-container\">\n\t\t\t<h1 class=\"elementor-heading-title elementor-size-default\">CONCERTS<\/h1>\t\t<\/div>\n\t\t\t\t<\/div>\n\t\t\t\t<div class=\"elementor-element elementor-element-057100d elementor-widget elementor-widget-heading\" data-id=\"057100d\" data-element_type=\"widget\" data-widget_type=\"heading.default\">\n\t\t\t\t<div class=\"elementor-widget-container\">\n\t\t\t<h2 class=\"elementor-heading-title elementor-size-default\">Booking &amp; Informations<\/h2>\t\t<\/div>\n\t\t\t\t<\/div>\n\t\t\t\t<div class=\"elementor-element elementor-element-0bd2e2e elementor-align-center elementor-widget elementor-widget-button\" data-id=\"0bd2e2e\" data-element_type=\"widget\" data-widget_type=\"button.default\">\n\t\t\t\t<div class=\"elementor-widget-container\">\n\t\t\t\t\t<div class=\"elementor-button-wrapper\">\n\t\t\t<a class=\"elementor-button elementor-button-link elementor-size-sm\" href=\"https:\/\/www.robsonbarros.com\/fr\/concert-almazonia\">\n\t\t\t\t\t\t<span class=\"elementor-button-content-wrapper\">\n\t\t\t\t\t\t<span class=\"elementor-button-icon\">\n\t\t\t\t<svg aria-hidden=\"true\" class=\"e-font-icon-svg e-fas-music\" viewBox=\"0 0 512 512\" xmlns=\"http:\/\/www.w3.org\/2000\/svg\"><path d=\"M470.38 1.51L150.41 96A32 32 0 0 0 128 126.51v261.41A139 139 0 0 0 96 384c-53 0-96 28.66-96 64s43 64 96 64 96-28.66 96-64V214.32l256-75v184.61a138.4 138.4 0 0 0-32-3.93c-53 0-96 28.66-96 64s43 64 96 64 96-28.65 96-64V32a32 32 0 0 0-41.62-30.49z\"><\/path><\/svg>\t\t\t<\/span>\n\t\t\t\t\t\t\t\t\t<span class=\"elementor-button-text\">ALMAZONIA LIVE<\/span>\n\t\t\t\t\t<\/span>\n\t\t\t\t\t<\/a>\n\t\t<\/div>\n\t\t\t\t<\/div>\n\t\t\t\t<\/div>\n\t\t\t\t\t<\/div>\n\t\t\t\t<\/div>\n\t\t<div class=\"elementor-element elementor-element-379a224 e-flex e-con-boxed e-con e-parent\" data-id=\"379a224\" data-element_type=\"container\">\n\t\t\t\t\t<div class=\"e-con-inner\">\n\t\t\t\t\t<\/div>\n\t\t\t\t<\/div>\n\t\t<div class=\"elementor-element elementor-element-d62380d e-flex e-con-boxed e-con e-parent\" data-id=\"d62380d\" data-element_type=\"container\" data-settings=\"{&quot;background_background&quot;:&quot;classic&quot;}\">\n\t\t\t\t\t<div class=\"e-con-inner\">\n\t\t\t\t<div class=\"elementor-element elementor-element-fa806d7 elementor-widget elementor-widget-heading\" data-id=\"fa806d7\" data-element_type=\"widget\" data-widget_type=\"heading.default\">\n\t\t\t\t<div class=\"elementor-widget-container\">\n\t\t\t<h1 class=\"elementor-heading-title elementor-size-default\">ALMAZONIA<\/h1>\t\t<\/div>\n\t\t\t\t<\/div>\n\t\t\t\t<div class=\"elementor-element elementor-element-bba6bf2 elementor-widget elementor-widget-heading\" data-id=\"bba6bf2\" data-element_type=\"widget\" data-widget_type=\"heading.default\">\n\t\t\t\t<div class=\"elementor-widget-container\">\n\t\t\t<h2 class=\"elementor-heading-title elementor-size-default\">T\u00e9l\u00e9chargez gratuitement la premi\u00e8re piste de l'album<\/h2>\t\t<\/div>\n\t\t\t\t<\/div>\n\t\t\t\t<div class=\"elementor-element elementor-element-5f013c3 elementor-align-center elementor-widget elementor-widget-button\" data-id=\"5f013c3\" data-element_type=\"widget\" data-widget_type=\"button.default\">\n\t\t\t\t<div class=\"elementor-widget-container\">\n\t\t\t\t\t<div class=\"elementor-button-wrapper\">\n\t\t\t<a class=\"elementor-button elementor-button-link elementor-size-sm\" href=\"https:\/\/www.robsonbarros.com\/fr\/shop\/almazonia-telechargement\/\">\n\t\t\t\t\t\t<span class=\"elementor-button-content-wrapper\">\n\t\t\t\t\t\t<span class=\"elementor-button-icon\">\n\t\t\t\t<svg aria-hidden=\"true\" class=\"e-font-icon-svg e-fas-download\" viewBox=\"0 0 512 512\" xmlns=\"http:\/\/www.w3.org\/2000\/svg\"><path d=\"M216 0h80c13.3 0 24 10.7 24 24v168h87.7c17.8 0 26.7 21.5 14.1 34.1L269.7 378.3c-7.5 7.5-19.8 7.5-27.3 0L90.1 226.1c-12.6-12.6-3.7-34.1 14.1-34.1H192V24c0-13.3 10.7-24 24-24zm296 376v112c0 13.3-10.7 24-24 24H24c-13.3 0-24-10.7-24-24V376c0-13.3 10.7-24 24-24h146.7l49 49c20.1 20.1 52.5 20.1 72.6 0l49-49H488c13.3 0 24 10.7 24 24zm-124 88c0-11-9-20-20-20s-20 9-20 20 9 20 20 20 20-9 20-20zm64 0c0-11-9-20-20-20s-20 9-20 20 9 20 20 20 20-9 20-20z\"><\/path><\/svg>\t\t\t<\/span>\n\t\t\t\t\t\t\t\t\t<span class=\"elementor-button-text\">T\u00e9l\u00e9chargement gratuit<\/span>\n\t\t\t\t\t<\/span>\n\t\t\t\t\t<\/a>\n\t\t<\/div>\n\t\t\t\t<\/div>\n\t\t\t\t<\/div>\n\t\t\t\t\t<\/div>\n\t\t\t\t<\/div>\n\t\t\t\t<\/div>\n\t\t","protected":false},"excerpt":{"rendered":"<p>CONCERTS Booking &amp; Informations ALMAZONIA LIVE ALMAZONIA T\u00e9l\u00e9chargez gratuitement la premi\u00e8re piste de l&rsquo;album T\u00e9l\u00e9chargement gratuit<\/p>\n","protected":false},"author":1,"featured_media":0,"parent":0,"menu_order":0,"comment_status":"closed","ping_status":"closed","template":"","meta":{"footnotes":""},"class_list":["post-45194","page","type-page","status-publish","hentry"],"yoast_head":"<!-- This site is optimized with the Yoast SEO plugin v24.0 - https:\/\/yoast.com\/wordpress\/plugins\/seo\/ -->\n<title>MUSIQUE - Robson BARROS - ALMAZONIA<\/title>\n<meta name=\"robots\" content=\"index, follow, max-snippet:-1, max-image-preview:large, max-video-preview:-1\" \/>\n<link rel=\"canonical\" href=\"https:\/\/www.robsonbarros.com\/fr\/musique\/\" \/>\n<meta property=\"og:locale\" content=\"fr_FR\" \/>\n<meta property=\"og:type\" content=\"article\" \/>\n<meta property=\"og:title\" content=\"MUSIQUE - Robson BARROS - ALMAZONIA\" \/>\n<meta property=\"og:description\" content=\"CONCERTS Booking &amp; Informations ALMAZONIA LIVE ALMAZONIA T\u00e9l\u00e9chargez gratuitement la premi\u00e8re piste de l&rsquo;album T\u00e9l\u00e9chargement gratuit\" \/>\n<meta property=\"og:url\" content=\"https:\/\/www.robsonbarros.com\/fr\/musique\/\" \/>\n<meta property=\"og:site_name\" content=\"Robson BARROS - ALMAZONIA\" \/>\n<meta property=\"article:modified_time\" content=\"2025-05-16T09:32:31+00:00\" \/>\n<meta name=\"twitter:card\" content=\"summary_large_image\" \/>\n<meta name=\"twitter:label1\" content=\"Dur\u00e9e de lecture estim\u00e9e\" \/>\n\t<meta name=\"twitter:data1\" content=\"1 minute\" \/>\n<script type=\"application\/ld+json\" class=\"yoast-schema-graph\">{\"@context\":\"https:\/\/schema.org\",\"@graph\":[{\"@type\":\"WebPage\",\"@id\":\"https:\/\/www.robsonbarros.com\/fr\/musique\/\",\"url\":\"https:\/\/www.robsonbarros.com\/fr\/musique\/\",\"name\":\"MUSIQUE - Robson BARROS - ALMAZONIA\",\"isPartOf\":{\"@id\":\"https:\/\/www.robsonbarros.com\/#website\"},\"datePublished\":\"2024-12-04T21:51:48+00:00\",\"dateModified\":\"2025-05-16T09:32:31+00:00\",\"breadcrumb\":{\"@id\":\"https:\/\/www.robsonbarros.com\/fr\/musique\/#breadcrumb\"},\"inLanguage\":\"fr-FR\",\"potentialAction\":[{\"@type\":\"ReadAction\",\"target\":[\"https:\/\/www.robsonbarros.com\/fr\/musique\/\"]}]},{\"@type\":\"BreadcrumbList\",\"@id\":\"https:\/\/www.robsonbarros.com\/fr\/musique\/#breadcrumb\",\"itemListElement\":[{\"@type\":\"ListItem\",\"position\":1,\"name\":\"Home\",\"item\":\"https:\/\/www.robsonbarros.com\/fr\/\"},{\"@type\":\"ListItem\",\"position\":2,\"name\":\"MUSIQUE\"}]},{\"@type\":\"WebSite\",\"@id\":\"https:\/\/www.robsonbarros.com\/#website\",\"url\":\"https:\/\/www.robsonbarros.com\/\",\"name\":\"Robson BARROS - ALMAZONIA\",\"description\":\"Visit the Robson Barros website\",\"publisher\":{\"@id\":\"https:\/\/www.robsonbarros.com\/#\/schema\/person\/a061c00cd8214ed6d75cd7a0874bf49f\"},\"potentialAction\":[{\"@type\":\"SearchAction\",\"target\":{\"@type\":\"EntryPoint\",\"urlTemplate\":\"https:\/\/www.robsonbarros.com\/?s={search_term_string}\"},\"query-input\":{\"@type\":\"PropertyValueSpecification\",\"valueRequired\":true,\"valueName\":\"search_term_string\"}}],\"inLanguage\":\"fr-FR\"},{\"@type\":[\"Person\",\"Organization\"],\"@id\":\"https:\/\/www.robsonbarros.com\/#\/schema\/person\/a061c00cd8214ed6d75cd7a0874bf49f\",\"name\":\"Robson BARROS\",\"image\":{\"@type\":\"ImageObject\",\"inLanguage\":\"fr-FR\",\"@id\":\"https:\/\/www.robsonbarros.com\/#\/schema\/person\/image\/\",\"url\":\"https:\/\/www.robsonbarros.com\/wp-content\/uploads\/2019\/07\/robson_barros_bass.jpg\",\"contentUrl\":\"https:\/\/www.robsonbarros.com\/wp-content\/uploads\/2019\/07\/robson_barros_bass.jpg\",\"width\":800,\"height\":800,\"caption\":\"Robson BARROS\"},\"logo\":{\"@id\":\"https:\/\/www.robsonbarros.com\/#\/schema\/person\/image\/\"}}]}<\/script>\n<!-- \/ Yoast SEO plugin. -->","yoast_head_json":{"title":"MUSIQUE - Robson BARROS - ALMAZONIA","robots":{"index":"index","follow":"follow","max-snippet":"max-snippet:-1","max-image-preview":"max-image-preview:large","max-video-preview":"max-video-preview:-1"},"canonical":"https:\/\/www.robsonbarros.com\/fr\/musique\/","og_locale":"fr_FR","og_type":"article","og_title":"MUSIQUE - Robson BARROS - ALMAZONIA","og_description":"CONCERTS Booking &amp; Informations ALMAZONIA LIVE ALMAZONIA T\u00e9l\u00e9chargez gratuitement la premi\u00e8re piste de l&rsquo;album T\u00e9l\u00e9chargement gratuit","og_url":"https:\/\/www.robsonbarros.com\/fr\/musique\/","og_site_name":"Robson BARROS - ALMAZONIA","article_modified_time":"2025-05-16T09:32:31+00:00","twitter_card":"summary_large_image","twitter_misc":{"Dur\u00e9e de lecture estim\u00e9e":"1 minute"},"schema":{"@context":"https:\/\/schema.org","@graph":[{"@type":"WebPage","@id":"https:\/\/www.robsonbarros.com\/fr\/musique\/","url":"https:\/\/www.robsonbarros.com\/fr\/musique\/","name":"MUSIQUE - Robson BARROS - ALMAZONIA","isPartOf":{"@id":"https:\/\/www.robsonbarros.com\/#website"},"datePublished":"2024-12-04T21:51:48+00:00","dateModified":"2025-05-16T09:32:31+00:00","breadcrumb":{"@id":"https:\/\/www.robsonbarros.com\/fr\/musique\/#breadcrumb"},"inLanguage":"fr-FR","potentialAction":[{"@type":"ReadAction","target":["https:\/\/www.robsonbarros.com\/fr\/musique\/"]}]},{"@type":"BreadcrumbList","@id":"https:\/\/www.robsonbarros.com\/fr\/musique\/#breadcrumb","itemListElement":[{"@type":"ListItem","position":1,"name":"Home","item":"https:\/\/www.robsonbarros.com\/fr\/"},{"@type":"ListItem","position":2,"name":"MUSIQUE"}]},{"@type":"WebSite","@id":"https:\/\/www.robsonbarros.com\/#website","url":"https:\/\/www.robsonbarros.com\/","name":"Robson BARROS - ALMAZONIA","description":"Visit the Robson Barros website","publisher":{"@id":"https:\/\/www.robsonbarros.com\/#\/schema\/person\/a061c00cd8214ed6d75cd7a0874bf49f"},"potentialAction":[{"@type":"SearchAction","target":{"@type":"EntryPoint","urlTemplate":"https:\/\/www.robsonbarros.com\/?s={search_term_string}"},"query-input":{"@type":"PropertyValueSpecification","valueRequired":true,"valueName":"search_term_string"}}],"inLanguage":"fr-FR"},{"@type":["Person","Organization"],"@id":"https:\/\/www.robsonbarros.com\/#\/schema\/person\/a061c00cd8214ed6d75cd7a0874bf49f","name":"Robson BARROS","image":{"@type":"ImageObject","inLanguage":"fr-FR","@id":"https:\/\/www.robsonbarros.com\/#\/schema\/person\/image\/","url":"https:\/\/www.robsonbarros.com\/wp-content\/uploads\/2019\/07\/robson_barros_bass.jpg","contentUrl":"https:\/\/www.robsonbarros.com\/wp-content\/uploads\/2019\/07\/robson_barros_bass.jpg","width":800,"height":800,"caption":"Robson BARROS"},"logo":{"@id":"https:\/\/www.robsonbarros.com\/#\/schema\/person\/image\/"}}]}},"_links":{"self":[{"href":"https:\/\/www.robsonbarros.com\/fr\/wp-json\/wp\/v2\/pages\/45194","targetHints":{"allow":["GET"]}}],"collection":[{"href":"https:\/\/www.robsonbarros.com\/fr\/wp-json\/wp\/v2\/pages"}],"about":[{"href":"https:\/\/www.robsonbarros.com\/fr\/wp-json\/wp\/v2\/types\/page"}],"author":[{"embeddable":true,"href":"https:\/\/www.robsonbarros.com\/fr\/wp-json\/wp\/v2\/users\/1"}],"replies":[{"embeddable":true,"href":"https:\/\/www.robsonbarros.com\/fr\/wp-json\/wp\/v2\/comments?post=45194"}],"version-history":[{"count":0,"href":"https:\/\/www.robsonbarros.com\/fr\/wp-json\/wp\/v2\/pages\/45194\/revisions"}],"wp:attachment":[{"href":"https:\/\/www.robsonbarros.com\/fr\/wp-json\/wp\/v2\/media?parent=45194"}],"curies":[{"name":"wp","href":"https:\/\/api.w.org\/{rel}","templated":true}]}}