{"id":546,"date":"2019-07-12T08:15:54","date_gmt":"2019-07-12T08:15:54","guid":{"rendered":"https:\/\/www.robsonbarros.com\/?page_id=546"},"modified":"2025-11-27T13:32:03","modified_gmt":"2025-11-27T13:32:03","slug":"robson-barros","status":"publish","type":"page","link":"https:\/\/www.robsonbarros.com\/fr\/","title":{"rendered":"Robson Barros"},"content":{"rendered":"\t\t<div data-elementor-type=\"wp-page\" data-elementor-id=\"546\" class=\"elementor elementor-546 elementor-2\" data-elementor-post-type=\"page\">\n\t\t\t\t<div class=\"elementor-element elementor-element-79a3de6 e-con-full e-flex e-con e-parent\" data-id=\"79a3de6\" data-element_type=\"container\">\n\t\t\t\t<div class=\"elementor-element elementor-element-868bc5e elementor-widget elementor-widget-video\" data-id=\"868bc5e\" data-element_type=\"widget\" data-settings=\"{&quot;youtube_url&quot;:&quot;https:\\\/\\\/www.youtube.com\\\/watch?v=VNhd0D5WcIA&quot;,&quot;autoplay&quot;:&quot;yes&quot;,&quot;play_on_mobile&quot;:&quot;yes&quot;,&quot;loop&quot;:&quot;yes&quot;,&quot;modestbranding&quot;:&quot;yes&quot;,&quot;lazy_load&quot;:&quot;yes&quot;,&quot;video_type&quot;:&quot;youtube&quot;,&quot;controls&quot;:&quot;yes&quot;}\" data-widget_type=\"video.default\">\n\t\t\t\t<div class=\"elementor-widget-container\">\n\t\t\t\t\t<div class=\"elementor-wrapper elementor-open-inline\">\n\t\t\t<div class=\"elementor-video\"><\/div>\t\t<\/div>\n\t\t\t\t<\/div>\n\t\t\t\t<\/div>\n\t\t\t\t<\/div>\n\t\t\t\t<\/div>\n\t\t","protected":false},"excerpt":{"rendered":"","protected":false},"author":1,"featured_media":0,"parent":0,"menu_order":0,"comment_status":"closed","ping_status":"open","template":"elementor_header_footer","meta":{"footnotes":""},"class_list":["post-546","page","type-page","status-publish","hentry"],"yoast_head":"<!-- This site is optimized with the Yoast SEO plugin v24.0 - https:\/\/yoast.com\/wordpress\/plugins\/seo\/ -->\n<title>Robson Barros. Th\u00e9rapeute, Musicien &amp; \u00c9crivain. Site en Fran\u00e7ais<\/title>\n<meta name=\"description\" content=\"Robson Barros est th\u00e9rapeute, musicien et \u00e9crivain n\u00e9 au Br\u00e9sil. Il consacre sa vie \u00e0 la th\u00e9rapie vibratoire, \u00e0 l\u2019alchimie sonore et \u00e0 l\u2019int\u00e9gration entre science, art et spiritualit\u00e9 dans le quotidien. Arriv\u00e9 en France en 2006, son travail se concentre sur la connaissance des cutures anciennes notamment les pratiques vibratoires et les musiques alchimiques, cr\u00e9ant des exp\u00e9riences sensorielles et inspirantes qui \u00e9largissent la conscience et favorisent la transformation personnelle.\" \/>\n<meta name=\"robots\" content=\"index, follow, max-snippet:-1, max-image-preview:large, max-video-preview:-1\" \/>\n<link rel=\"canonical\" href=\"https:\/\/www.robsonbarros.com\/fr\/\" \/>\n<meta property=\"og:locale\" content=\"fr_FR\" \/>\n<meta property=\"og:type\" content=\"article\" \/>\n<meta property=\"og:title\" content=\"Robson Barros - &quot;ALMAZONIA&quot; - Site officiel\" \/>\n<meta property=\"og:description\" content=\"Nouvel album &quot;ALMAZONIA&quot; : Sortie le 29 novembre 2019 !\" \/>\n<meta property=\"og:url\" content=\"https:\/\/www.robsonbarros.com\/fr\/\" \/>\n<meta property=\"og:site_name\" content=\"Robson BARROS - ALMAZONIA\" \/>\n<meta property=\"article:modified_time\" content=\"2025-11-27T13:32:03+00:00\" \/>\n<meta property=\"og:image\" content=\"https:\/\/www.robsonbarros.com\/wp-content\/uploads\/2019\/11\/almazonia.jpg\" \/>\n\t<meta property=\"og:image:width\" content=\"1920\" \/>\n\t<meta property=\"og:image:height\" content=\"1080\" \/>\n\t<meta property=\"og:image:type\" content=\"image\/jpeg\" \/>\n<meta name=\"twitter:card\" content=\"summary_large_image\" \/>\n<meta name=\"twitter:label1\" content=\"Dur\u00e9e de lecture estim\u00e9e\" \/>\n\t<meta name=\"twitter:data1\" content=\"1 minute\" \/>\n<script type=\"application\/ld+json\" class=\"yoast-schema-graph\">{\"@context\":\"https:\/\/schema.org\",\"@graph\":[{\"@type\":\"WebPage\",\"@id\":\"https:\/\/www.robsonbarros.com\/fr\/\",\"url\":\"https:\/\/www.robsonbarros.com\/fr\/\",\"name\":\"Robson Barros. Th\u00e9rapeute, Musicien & \u00c9crivain. Site en Fran\u00e7ais\",\"isPartOf\":{\"@id\":\"https:\/\/www.robsonbarros.com\/#website\"},\"datePublished\":\"2019-07-12T08:15:54+00:00\",\"dateModified\":\"2025-11-27T13:32:03+00:00\",\"description\":\"Robson Barros est th\u00e9rapeute, musicien et \u00e9crivain n\u00e9 au Br\u00e9sil. Il consacre sa vie \u00e0 la th\u00e9rapie vibratoire, \u00e0 l\u2019alchimie sonore et \u00e0 l\u2019int\u00e9gration entre science, art et spiritualit\u00e9 dans le quotidien. Arriv\u00e9 en France en 2006, son travail se concentre sur la connaissance des cutures anciennes notamment les pratiques vibratoires et les musiques alchimiques, cr\u00e9ant des exp\u00e9riences sensorielles et inspirantes qui \u00e9largissent la conscience et favorisent la transformation personnelle.\",\"breadcrumb\":{\"@id\":\"https:\/\/www.robsonbarros.com\/fr\/#breadcrumb\"},\"inLanguage\":\"fr-FR\",\"potentialAction\":[{\"@type\":\"ReadAction\",\"target\":[\"https:\/\/www.robsonbarros.com\/fr\/\"]}]},{\"@type\":\"BreadcrumbList\",\"@id\":\"https:\/\/www.robsonbarros.com\/fr\/#breadcrumb\",\"itemListElement\":[{\"@type\":\"ListItem\",\"position\":1,\"name\":\"Home\",\"item\":\"https:\/\/www.robsonbarros.com\/fr\/\"},{\"@type\":\"ListItem\",\"position\":2,\"name\":\"Robson Barros\"}]},{\"@type\":\"WebSite\",\"@id\":\"https:\/\/www.robsonbarros.com\/#website\",\"url\":\"https:\/\/www.robsonbarros.com\/\",\"name\":\"Robson BARROS - ALMAZONIA\",\"description\":\"Visit the Robson Barros website\",\"publisher\":{\"@id\":\"https:\/\/www.robsonbarros.com\/#\/schema\/person\/a061c00cd8214ed6d75cd7a0874bf49f\"},\"potentialAction\":[{\"@type\":\"SearchAction\",\"target\":{\"@type\":\"EntryPoint\",\"urlTemplate\":\"https:\/\/www.robsonbarros.com\/?s={search_term_string}\"},\"query-input\":{\"@type\":\"PropertyValueSpecification\",\"valueRequired\":true,\"valueName\":\"search_term_string\"}}],\"inLanguage\":\"fr-FR\"},{\"@type\":[\"Person\",\"Organization\"],\"@id\":\"https:\/\/www.robsonbarros.com\/#\/schema\/person\/a061c00cd8214ed6d75cd7a0874bf49f\",\"name\":\"Robson BARROS\",\"image\":{\"@type\":\"ImageObject\",\"inLanguage\":\"fr-FR\",\"@id\":\"https:\/\/www.robsonbarros.com\/#\/schema\/person\/image\/\",\"url\":\"https:\/\/www.robsonbarros.com\/wp-content\/uploads\/2019\/07\/robson_barros_bass.jpg\",\"contentUrl\":\"https:\/\/www.robsonbarros.com\/wp-content\/uploads\/2019\/07\/robson_barros_bass.jpg\",\"width\":800,\"height\":800,\"caption\":\"Robson BARROS\"},\"logo\":{\"@id\":\"https:\/\/www.robsonbarros.com\/#\/schema\/person\/image\/\"}}]}<\/script>\n<!-- \/ Yoast SEO plugin. -->","yoast_head_json":{"title":"Robson Barros. Th\u00e9rapeute, Musicien & \u00c9crivain. Site en Fran\u00e7ais","description":"Robson Barros est th\u00e9rapeute, musicien et \u00e9crivain n\u00e9 au Br\u00e9sil. Il consacre sa vie \u00e0 la th\u00e9rapie vibratoire, \u00e0 l\u2019alchimie sonore et \u00e0 l\u2019int\u00e9gration entre science, art et spiritualit\u00e9 dans le quotidien. Arriv\u00e9 en France en 2006, son travail se concentre sur la connaissance des cutures anciennes notamment les pratiques vibratoires et les musiques alchimiques, cr\u00e9ant des exp\u00e9riences sensorielles et inspirantes qui \u00e9largissent la conscience et favorisent la transformation personnelle.","robots":{"index":"index","follow":"follow","max-snippet":"max-snippet:-1","max-image-preview":"max-image-preview:large","max-video-preview":"max-video-preview:-1"},"canonical":"https:\/\/www.robsonbarros.com\/fr\/","og_locale":"fr_FR","og_type":"article","og_title":"Robson Barros - \"ALMAZONIA\" - Site officiel","og_description":"Nouvel album \"ALMAZONIA\" : Sortie le 29 novembre 2019 !","og_url":"https:\/\/www.robsonbarros.com\/fr\/","og_site_name":"Robson BARROS - ALMAZONIA","article_modified_time":"2025-11-27T13:32:03+00:00","og_image":[{"width":1920,"height":1080,"url":"https:\/\/www.robsonbarros.com\/wp-content\/uploads\/2019\/11\/almazonia.jpg","type":"image\/jpeg"}],"twitter_card":"summary_large_image","twitter_misc":{"Dur\u00e9e de lecture estim\u00e9e":"1 minute"},"schema":{"@context":"https:\/\/schema.org","@graph":[{"@type":"WebPage","@id":"https:\/\/www.robsonbarros.com\/fr\/","url":"https:\/\/www.robsonbarros.com\/fr\/","name":"Robson Barros. Th\u00e9rapeute, Musicien & \u00c9crivain. Site en Fran\u00e7ais","isPartOf":{"@id":"https:\/\/www.robsonbarros.com\/#website"},"datePublished":"2019-07-12T08:15:54+00:00","dateModified":"2025-11-27T13:32:03+00:00","description":"Robson Barros est th\u00e9rapeute, musicien et \u00e9crivain n\u00e9 au Br\u00e9sil. Il consacre sa vie \u00e0 la th\u00e9rapie vibratoire, \u00e0 l\u2019alchimie sonore et \u00e0 l\u2019int\u00e9gration entre science, art et spiritualit\u00e9 dans le quotidien. Arriv\u00e9 en France en 2006, son travail se concentre sur la connaissance des cutures anciennes notamment les pratiques vibratoires et les musiques alchimiques, cr\u00e9ant des exp\u00e9riences sensorielles et inspirantes qui \u00e9largissent la conscience et favorisent la transformation personnelle.","breadcrumb":{"@id":"https:\/\/www.robsonbarros.com\/fr\/#breadcrumb"},"inLanguage":"fr-FR","potentialAction":[{"@type":"ReadAction","target":["https:\/\/www.robsonbarros.com\/fr\/"]}]},{"@type":"BreadcrumbList","@id":"https:\/\/www.robsonbarros.com\/fr\/#breadcrumb","itemListElement":[{"@type":"ListItem","position":1,"name":"Home","item":"https:\/\/www.robsonbarros.com\/fr\/"},{"@type":"ListItem","position":2,"name":"Robson Barros"}]},{"@type":"WebSite","@id":"https:\/\/www.robsonbarros.com\/#website","url":"https:\/\/www.robsonbarros.com\/","name":"Robson BARROS - ALMAZONIA","description":"Visit the Robson Barros website","publisher":{"@id":"https:\/\/www.robsonbarros.com\/#\/schema\/person\/a061c00cd8214ed6d75cd7a0874bf49f"},"potentialAction":[{"@type":"SearchAction","target":{"@type":"EntryPoint","urlTemplate":"https:\/\/www.robsonbarros.com\/?s={search_term_string}"},"query-input":{"@type":"PropertyValueSpecification","valueRequired":true,"valueName":"search_term_string"}}],"inLanguage":"fr-FR"},{"@type":["Person","Organization"],"@id":"https:\/\/www.robsonbarros.com\/#\/schema\/person\/a061c00cd8214ed6d75cd7a0874bf49f","name":"Robson BARROS","image":{"@type":"ImageObject","inLanguage":"fr-FR","@id":"https:\/\/www.robsonbarros.com\/#\/schema\/person\/image\/","url":"https:\/\/www.robsonbarros.com\/wp-content\/uploads\/2019\/07\/robson_barros_bass.jpg","contentUrl":"https:\/\/www.robsonbarros.com\/wp-content\/uploads\/2019\/07\/robson_barros_bass.jpg","width":800,"height":800,"caption":"Robson BARROS"},"logo":{"@id":"https:\/\/www.robsonbarros.com\/#\/schema\/person\/image\/"}}]}},"_links":{"self":[{"href":"https:\/\/www.robsonbarros.com\/fr\/wp-json\/wp\/v2\/pages\/546","targetHints":{"allow":["GET"]}}],"collection":[{"href":"https:\/\/www.robsonbarros.com\/fr\/wp-json\/wp\/v2\/pages"}],"about":[{"href":"https:\/\/www.robsonbarros.com\/fr\/wp-json\/wp\/v2\/types\/page"}],"author":[{"embeddable":true,"href":"https:\/\/www.robsonbarros.com\/fr\/wp-json\/wp\/v2\/users\/1"}],"replies":[{"embeddable":true,"href":"https:\/\/www.robsonbarros.com\/fr\/wp-json\/wp\/v2\/comments?post=546"}],"version-history":[{"count":0,"href":"https:\/\/www.robsonbarros.com\/fr\/wp-json\/wp\/v2\/pages\/546\/revisions"}],"wp:attachment":[{"href":"https:\/\/www.robsonbarros.com\/fr\/wp-json\/wp\/v2\/media?parent=546"}],"curies":[{"name":"wp","href":"https:\/\/api.w.org\/{rel}","templated":true}]}}