{"id":25721,"date":"2021-10-20T16:08:04","date_gmt":"2021-10-20T16:08:04","guid":{"rendered":"https:\/\/www.robsonbarros.com\/?post_type=product&#038;p=25721"},"modified":"2024-12-04T22:02:51","modified_gmt":"2024-12-04T22:02:51","slug":"almazonia-cd","status":"publish","type":"product","link":"https:\/\/www.robsonbarros.com\/fr\/shop\/almazonia-cd\/","title":{"rendered":"ALMAZONIA [CD]"},"content":{"rendered":"<p>Premier album de Robson Barros sous son nom, Almazonia est le fruit d\u2019une recherche passionn\u00e9e pour partager par la musique un cheminement vers l\u2019\u00e2me de l\u2019Amazonie. Fils de ce territoire d\u00e9mesur\u00e9 et myst\u00e9rieux, le musicien br\u00e9silien \u00e9labore par la musique une rencontre avec des spiritualit\u00e9s qui, universelles, frappent \u00e0 la porte de l\u2019\u00e2me de chacun. Il r\u00e9unit dans une formation composite des musiciens de culture br\u00e9silienne et des musiciens de jazz. Les huit morceaux qui constituent l\u2019album portent des textes forts sur des rythmes et des m\u00e9lodies de sambas, de bossa, de chants tribaux ; s\u2019y m\u00ealent la soul, la musique populaire br\u00e9silienne color\u00e9e de dub, carimbo ou lundum et le jazz. L\u2019ensemble explore les connexions entre les spiritualit\u00e9s mayas et incas avec celles des cultures chamaniques depuis l\u2019\u00c9gypte ancienne en passant par l\u2019hindouisme, le bouddhisme, et le tao\u00efsme. Almazonia invite au chant, \u00e0 la danse et au partage, pour que l\u2019\u00e2me de l\u2019Amazonie trouve un \u00e9cho au plus profond de chacun qui l\u2019\u00e9coute.<\/p>\n<p>Robson Barros :\u00a0basse, guitare, chant, composition, textes<br \/>\nThibaud Dufoy : clavier<br \/>\nLorry Delatie :\u00a0batterie, percussions, ch\u0153ur<br \/>\nLaetitia Jana : ch\u0153ur, textes<br \/>\nMauricio Sarfatis\u00a0:\u00a0percussions<br \/>\nJeffe Otto\u00a0: batterie<br \/>\nAndr\u00e9 Da Silva : guitare<\/p>\n<p><strong>Invit\u00e9s sur le titre \u00ab Algo Melhor \u00bb<\/strong><br \/>\nGw\u00e9na\u00eblle Peres : choeur<br \/>\nNicolas Gardel : trompette<br \/>\nValentin Perez : trombone<\/p>\n<p><iframe title=\"ALMAZONIA \ud83c\udfb5 ROBSON BARROS [OFFICIAL MUSIC VIDEO]\" width=\"800\" height=\"450\" src=\"https:\/\/www.youtube.com\/embed\/VNhd0D5WcIA?feature=oembed&#038;enablejsapi=1&#038;origin=https:\/\/www.robsonbarros.com\" frameborder=\"0\" allow=\"accelerometer; autoplay; clipboard-write; encrypted-media; gyroscope; picture-in-picture; web-share\" referrerpolicy=\"strict-origin-when-cross-origin\" allowfullscreen><\/iframe><\/p>\n","protected":false},"excerpt":{"rendered":"<p>Nouveaut\u00e9 &#8211; Album physique<br \/>\nAutoproduction<\/p>\n<p><strong>ALMAZONIA<br \/>\nRobson Barros<\/strong><\/p>\n","protected":false},"featured_media":519,"template":"","meta":[],"product_cat":[118,166],"product_tag":[],"class_list":{"0":"post-25721","1":"product","2":"type-product","3":"status-publish","4":"has-post-thumbnail","6":"product_cat-album-fr","7":"product_cat-musique","9":"first","10":"instock","11":"shipping-taxable","12":"purchasable","13":"product-type-simple"},"yoast_head":"<!-- This site is optimized with the Yoast SEO plugin v24.0 - https:\/\/yoast.com\/wordpress\/plugins\/seo\/ -->\n<title>ALMAZONIA [CD] - Robson BARROS - ALMAZONIA<\/title>\n<meta name=\"robots\" content=\"index, follow, max-snippet:-1, max-image-preview:large, max-video-preview:-1\" \/>\n<link rel=\"canonical\" href=\"https:\/\/www.robsonbarros.com\/fr\/shop\/almazonia-cd\/\" \/>\n<meta property=\"og:locale\" content=\"fr_FR\" \/>\n<meta property=\"og:type\" content=\"article\" \/>\n<meta property=\"og:title\" content=\"Robson Barros &quot;ALMAZONIA&quot;\" \/>\n<meta property=\"og:description\" content=\"Nouvel album disponible sur https:\/\/www.robsonbarros.com\" \/>\n<meta property=\"og:url\" content=\"https:\/\/www.robsonbarros.com\/fr\/shop\/almazonia-cd\/\" \/>\n<meta property=\"og:site_name\" content=\"Robson BARROS - ALMAZONIA\" \/>\n<meta property=\"article:modified_time\" content=\"2024-12-04T22:02:51+00:00\" \/>\n<meta property=\"og:image\" content=\"https:\/\/www.robsonbarros.com\/wp-content\/uploads\/2019\/07\/ALMAZONIA.jpg\" \/>\n\t<meta property=\"og:image:width\" content=\"1200\" \/>\n\t<meta property=\"og:image:height\" content=\"628\" \/>\n\t<meta property=\"og:image:type\" content=\"image\/jpeg\" \/>\n<meta name=\"twitter:card\" content=\"summary_large_image\" \/>\n<meta name=\"twitter:label1\" content=\"Dur\u00e9e de lecture estim\u00e9e\" \/>\n\t<meta name=\"twitter:data1\" content=\"2 minutes\" \/>\n<script type=\"application\/ld+json\" class=\"yoast-schema-graph\">{\"@context\":\"https:\/\/schema.org\",\"@graph\":[{\"@type\":\"WebPage\",\"@id\":\"https:\/\/www.robsonbarros.com\/fr\/shop\/almazonia-cd\/\",\"url\":\"https:\/\/www.robsonbarros.com\/fr\/shop\/almazonia-cd\/\",\"name\":\"ALMAZONIA [CD] - Robson BARROS - ALMAZONIA\",\"isPartOf\":{\"@id\":\"https:\/\/www.robsonbarros.com\/#website\"},\"primaryImageOfPage\":{\"@id\":\"https:\/\/www.robsonbarros.com\/fr\/shop\/almazonia-cd\/#primaryimage\"},\"image\":{\"@id\":\"https:\/\/www.robsonbarros.com\/fr\/shop\/almazonia-cd\/#primaryimage\"},\"thumbnailUrl\":\"https:\/\/www.robsonbarros.com\/wp-content\/uploads\/2019\/07\/almazonia-robson-barros.jpg\",\"datePublished\":\"2021-10-20T16:08:04+00:00\",\"dateModified\":\"2024-12-04T22:02:51+00:00\",\"breadcrumb\":{\"@id\":\"https:\/\/www.robsonbarros.com\/fr\/shop\/almazonia-cd\/#breadcrumb\"},\"inLanguage\":\"fr-FR\",\"potentialAction\":[{\"@type\":\"ReadAction\",\"target\":[\"https:\/\/www.robsonbarros.com\/fr\/shop\/almazonia-cd\/\"]}]},{\"@type\":\"ImageObject\",\"inLanguage\":\"fr-FR\",\"@id\":\"https:\/\/www.robsonbarros.com\/fr\/shop\/almazonia-cd\/#primaryimage\",\"url\":\"https:\/\/www.robsonbarros.com\/wp-content\/uploads\/2019\/07\/almazonia-robson-barros.jpg\",\"contentUrl\":\"https:\/\/www.robsonbarros.com\/wp-content\/uploads\/2019\/07\/almazonia-robson-barros.jpg\",\"width\":1465,\"height\":1488,\"caption\":\"Almazonia Robson Barros\"},{\"@type\":\"BreadcrumbList\",\"@id\":\"https:\/\/www.robsonbarros.com\/fr\/shop\/almazonia-cd\/#breadcrumb\",\"itemListElement\":[{\"@type\":\"ListItem\",\"position\":1,\"name\":\"Home\",\"item\":\"https:\/\/www.robsonbarros.com\/fr\/\"},{\"@type\":\"ListItem\",\"position\":2,\"name\":\"Shop\",\"item\":\"https:\/\/www.robsonbarros.com\/shop\/\"},{\"@type\":\"ListItem\",\"position\":3,\"name\":\"ALMAZONIA [CD]\"}]},{\"@type\":\"WebSite\",\"@id\":\"https:\/\/www.robsonbarros.com\/#website\",\"url\":\"https:\/\/www.robsonbarros.com\/\",\"name\":\"Robson BARROS - ALMAZONIA\",\"description\":\"Visit the Robson Barros website\",\"publisher\":{\"@id\":\"https:\/\/www.robsonbarros.com\/#\/schema\/person\/a061c00cd8214ed6d75cd7a0874bf49f\"},\"potentialAction\":[{\"@type\":\"SearchAction\",\"target\":{\"@type\":\"EntryPoint\",\"urlTemplate\":\"https:\/\/www.robsonbarros.com\/?s={search_term_string}\"},\"query-input\":{\"@type\":\"PropertyValueSpecification\",\"valueRequired\":true,\"valueName\":\"search_term_string\"}}],\"inLanguage\":\"fr-FR\"},{\"@type\":[\"Person\",\"Organization\"],\"@id\":\"https:\/\/www.robsonbarros.com\/#\/schema\/person\/a061c00cd8214ed6d75cd7a0874bf49f\",\"name\":\"Robson BARROS\",\"image\":{\"@type\":\"ImageObject\",\"inLanguage\":\"fr-FR\",\"@id\":\"https:\/\/www.robsonbarros.com\/#\/schema\/person\/image\/\",\"url\":\"https:\/\/www.robsonbarros.com\/wp-content\/uploads\/2019\/07\/robson_barros_bass.jpg\",\"contentUrl\":\"https:\/\/www.robsonbarros.com\/wp-content\/uploads\/2019\/07\/robson_barros_bass.jpg\",\"width\":800,\"height\":800,\"caption\":\"Robson BARROS\"},\"logo\":{\"@id\":\"https:\/\/www.robsonbarros.com\/#\/schema\/person\/image\/\"}}]}<\/script>\n<!-- \/ Yoast SEO plugin. -->","yoast_head_json":{"title":"ALMAZONIA [CD] - Robson BARROS - ALMAZONIA","robots":{"index":"index","follow":"follow","max-snippet":"max-snippet:-1","max-image-preview":"max-image-preview:large","max-video-preview":"max-video-preview:-1"},"canonical":"https:\/\/www.robsonbarros.com\/fr\/shop\/almazonia-cd\/","og_locale":"fr_FR","og_type":"article","og_title":"Robson Barros \"ALMAZONIA\"","og_description":"Nouvel album disponible sur https:\/\/www.robsonbarros.com","og_url":"https:\/\/www.robsonbarros.com\/fr\/shop\/almazonia-cd\/","og_site_name":"Robson BARROS - ALMAZONIA","article_modified_time":"2024-12-04T22:02:51+00:00","og_image":[{"width":1200,"height":628,"url":"https:\/\/www.robsonbarros.com\/wp-content\/uploads\/2019\/07\/ALMAZONIA.jpg","type":"image\/jpeg"}],"twitter_card":"summary_large_image","twitter_misc":{"Dur\u00e9e de lecture estim\u00e9e":"2 minutes"},"schema":{"@context":"https:\/\/schema.org","@graph":[{"@type":"WebPage","@id":"https:\/\/www.robsonbarros.com\/fr\/shop\/almazonia-cd\/","url":"https:\/\/www.robsonbarros.com\/fr\/shop\/almazonia-cd\/","name":"ALMAZONIA [CD] - Robson BARROS - ALMAZONIA","isPartOf":{"@id":"https:\/\/www.robsonbarros.com\/#website"},"primaryImageOfPage":{"@id":"https:\/\/www.robsonbarros.com\/fr\/shop\/almazonia-cd\/#primaryimage"},"image":{"@id":"https:\/\/www.robsonbarros.com\/fr\/shop\/almazonia-cd\/#primaryimage"},"thumbnailUrl":"https:\/\/www.robsonbarros.com\/wp-content\/uploads\/2019\/07\/almazonia-robson-barros.jpg","datePublished":"2021-10-20T16:08:04+00:00","dateModified":"2024-12-04T22:02:51+00:00","breadcrumb":{"@id":"https:\/\/www.robsonbarros.com\/fr\/shop\/almazonia-cd\/#breadcrumb"},"inLanguage":"fr-FR","potentialAction":[{"@type":"ReadAction","target":["https:\/\/www.robsonbarros.com\/fr\/shop\/almazonia-cd\/"]}]},{"@type":"ImageObject","inLanguage":"fr-FR","@id":"https:\/\/www.robsonbarros.com\/fr\/shop\/almazonia-cd\/#primaryimage","url":"https:\/\/www.robsonbarros.com\/wp-content\/uploads\/2019\/07\/almazonia-robson-barros.jpg","contentUrl":"https:\/\/www.robsonbarros.com\/wp-content\/uploads\/2019\/07\/almazonia-robson-barros.jpg","width":1465,"height":1488,"caption":"Almazonia Robson Barros"},{"@type":"BreadcrumbList","@id":"https:\/\/www.robsonbarros.com\/fr\/shop\/almazonia-cd\/#breadcrumb","itemListElement":[{"@type":"ListItem","position":1,"name":"Home","item":"https:\/\/www.robsonbarros.com\/fr\/"},{"@type":"ListItem","position":2,"name":"Shop","item":"https:\/\/www.robsonbarros.com\/shop\/"},{"@type":"ListItem","position":3,"name":"ALMAZONIA [CD]"}]},{"@type":"WebSite","@id":"https:\/\/www.robsonbarros.com\/#website","url":"https:\/\/www.robsonbarros.com\/","name":"Robson BARROS - ALMAZONIA","description":"Visit the Robson Barros website","publisher":{"@id":"https:\/\/www.robsonbarros.com\/#\/schema\/person\/a061c00cd8214ed6d75cd7a0874bf49f"},"potentialAction":[{"@type":"SearchAction","target":{"@type":"EntryPoint","urlTemplate":"https:\/\/www.robsonbarros.com\/?s={search_term_string}"},"query-input":{"@type":"PropertyValueSpecification","valueRequired":true,"valueName":"search_term_string"}}],"inLanguage":"fr-FR"},{"@type":["Person","Organization"],"@id":"https:\/\/www.robsonbarros.com\/#\/schema\/person\/a061c00cd8214ed6d75cd7a0874bf49f","name":"Robson BARROS","image":{"@type":"ImageObject","inLanguage":"fr-FR","@id":"https:\/\/www.robsonbarros.com\/#\/schema\/person\/image\/","url":"https:\/\/www.robsonbarros.com\/wp-content\/uploads\/2019\/07\/robson_barros_bass.jpg","contentUrl":"https:\/\/www.robsonbarros.com\/wp-content\/uploads\/2019\/07\/robson_barros_bass.jpg","width":800,"height":800,"caption":"Robson BARROS"},"logo":{"@id":"https:\/\/www.robsonbarros.com\/#\/schema\/person\/image\/"}}]}},"_links":{"self":[{"href":"https:\/\/www.robsonbarros.com\/fr\/wp-json\/wp\/v2\/product\/25721","targetHints":{"allow":["GET"]}}],"collection":[{"href":"https:\/\/www.robsonbarros.com\/fr\/wp-json\/wp\/v2\/product"}],"about":[{"href":"https:\/\/www.robsonbarros.com\/fr\/wp-json\/wp\/v2\/types\/product"}],"version-history":[{"count":0,"href":"https:\/\/www.robsonbarros.com\/fr\/wp-json\/wp\/v2\/product\/25721\/revisions"}],"wp:featuredmedia":[{"embeddable":true,"href":"https:\/\/www.robsonbarros.com\/fr\/wp-json\/wp\/v2\/media\/519"}],"wp:attachment":[{"href":"https:\/\/www.robsonbarros.com\/fr\/wp-json\/wp\/v2\/media?parent=25721"}],"wp:term":[{"taxonomy":"product_cat","embeddable":true,"href":"https:\/\/www.robsonbarros.com\/fr\/wp-json\/wp\/v2\/product_cat?post=25721"},{"taxonomy":"product_tag","embeddable":true,"href":"https:\/\/www.robsonbarros.com\/fr\/wp-json\/wp\/v2\/product_tag?post=25721"}],"curies":[{"name":"wp","href":"https:\/\/api.w.org\/{rel}","templated":true}]}}