{"id":45053,"date":"2024-12-01T20:04:40","date_gmt":"2024-12-01T20:04:40","guid":{"rendered":"https:\/\/www.robsonbarros.com\/?post_type=product&#038;p=45053"},"modified":"2025-01-15T16:07:09","modified_gmt":"2025-01-15T16:07:09","slug":"merkabah-musical","status":"publish","type":"product","link":"https:\/\/www.robsonbarros.com\/fr\/shop\/merkabah-musical\/","title":{"rendered":"MERKABAH MUSICAL"},"content":{"rendered":"\t\t<div data-elementor-type=\"product-post\" data-elementor-id=\"45053\" class=\"elementor elementor-45053 elementor-44773\" data-elementor-post-type=\"product\">\n\t\t\t\t<div class=\"elementor-element elementor-element-f6f8294 e-flex e-con-boxed e-con e-parent\" data-id=\"f6f8294\" data-element_type=\"container\">\n\t\t\t\t\t<div class=\"e-con-inner\">\n\t\t\t\t<div class=\"elementor-element elementor-element-2443a12 elementor-widget elementor-widget-heading\" data-id=\"2443a12\" data-element_type=\"widget\" data-widget_type=\"heading.default\">\n\t\t\t\t<div class=\"elementor-widget-container\">\n\t\t\t<h2 class=\"elementor-heading-title elementor-size-default\">Merkabah Musical<\/h2>\t\t<\/div>\n\t\t\t\t<\/div>\n\t\t\t\t<div class=\"elementor-element elementor-element-18cf9b9 elementor-widget elementor-widget-heading\" data-id=\"18cf9b9\" data-element_type=\"widget\" data-widget_type=\"heading.default\">\n\t\t\t\t<div class=\"elementor-widget-container\">\n\t\t\t<h3 class=\"elementor-heading-title elementor-size-default\">D\u00e9couvrez le pouvoir des vibrations et des harmonies cr\u00e9\u00e9es pour nourrir l'\u00e2me et \u00e9lever votre conscience.<\/h3>\t\t<\/div>\n\t\t\t\t<\/div>\n\t\t\t\t<div class=\"elementor-element elementor-element-6282aa5 elementor-widget elementor-widget-text-editor\" data-id=\"6282aa5\" data-element_type=\"widget\" data-widget_type=\"text-editor.default\">\n\t\t\t\t<div class=\"elementor-widget-container\">\n\t\t\t\t\t\t\t<p>Le Merkabah Musical est une pratique spirituelle qui utilise la musique et les vibrations pour connecter l&rsquo;individu \u00e0 des niveaux sup\u00e9rieurs de conscience et d&rsquo;\u00e9nergie universelle. Bas\u00e9 sur les anciens principes de la g\u00e9om\u00e9trie sacr\u00e9e et du son, le Merkabah Musical vise \u00e0 promouvoir l&rsquo;harmonie et l&rsquo;\u00e9quilibre int\u00e9rieur.<\/p>\t\t\t\t\t\t<\/div>\n\t\t\t\t<\/div>\n\t\t\t\t\t<\/div>\n\t\t\t\t<\/div>\n\t\t<div class=\"elementor-element elementor-element-26792f0 e-flex e-con-boxed e-con e-parent\" data-id=\"26792f0\" data-element_type=\"container\">\n\t\t\t\t\t<div class=\"e-con-inner\">\n\t\t\t\t<div class=\"elementor-element elementor-element-776e49f elementor-widget elementor-widget-heading\" data-id=\"776e49f\" data-element_type=\"widget\" data-widget_type=\"heading.default\">\n\t\t\t\t<div class=\"elementor-widget-container\">\n\t\t\t<h2 class=\"elementor-heading-title elementor-size-default\">Ce que propose le Merkabah Musical :\n\n<\/h2>\t\t<\/div>\n\t\t\t\t<\/div>\n\t\t<div class=\"elementor-element elementor-element-8ab4dbf e-con-full e-flex e-con e-child\" data-id=\"8ab4dbf\" data-element_type=\"container\">\n\t\t\t\t<div class=\"elementor-element elementor-element-0314492 elementor-widget__width-auto elementor-view-default elementor-widget elementor-widget-icon\" data-id=\"0314492\" data-element_type=\"widget\" data-widget_type=\"icon.default\">\n\t\t\t\t<div class=\"elementor-widget-container\">\n\t\t\t\t\t<div class=\"elementor-icon-wrapper\">\n\t\t\t<div class=\"elementor-icon\">\n\t\t\t<svg aria-hidden=\"true\" class=\"e-font-icon-svg e-fas-check-circle\" viewBox=\"0 0 512 512\" xmlns=\"http:\/\/www.w3.org\/2000\/svg\"><path d=\"M504 256c0 136.967-111.033 248-248 248S8 392.967 8 256 119.033 8 256 8s248 111.033 248 248zM227.314 387.314l184-184c6.248-6.248 6.248-16.379 0-22.627l-22.627-22.627c-6.248-6.249-16.379-6.249-22.628 0L216 308.118l-70.059-70.059c-6.248-6.248-16.379-6.248-22.628 0l-22.627 22.627c-6.248 6.248-6.248 16.379 0 22.627l104 104c6.249 6.249 16.379 6.249 22.628.001z\"><\/path><\/svg>\t\t\t<\/div>\n\t\t<\/div>\n\t\t\t\t<\/div>\n\t\t\t\t<\/div>\n\t\t\t\t<div class=\"elementor-element elementor-element-ea2a7cc elementor-widget elementor-widget-text-editor\" data-id=\"ea2a7cc\" data-element_type=\"widget\" data-widget_type=\"text-editor.default\">\n\t\t\t\t<div class=\"elementor-widget-container\">\n\t\t\t\t\t\t\t<p><strong>Merkabah Musical \u2013 Exclusif Premium<\/strong><br \/>Le Merkabah Musical est une composition unique, personnalis\u00e9e selon votre date de naissance. En utilisant ma m\u00e9diumnit\u00e9 pour acc\u00e9der aux Archives Akashiques, je r\u00e9v\u00e8le des myst\u00e8res spirituels et des r\u00e9v\u00e9lations sur vos vies pass\u00e9es, offrant une exp\u00e9rience sonore profond\u00e9ment transformante et r\u00e9v\u00e9latrice.<\/p>\t\t\t\t\t\t<\/div>\n\t\t\t\t<\/div>\n\t\t\t\t<\/div>\n\t\t<div class=\"elementor-element elementor-element-5599157 e-con-full e-flex e-con e-child\" data-id=\"5599157\" data-element_type=\"container\">\n\t\t\t\t<div class=\"elementor-element elementor-element-ff01b68 elementor-widget__width-auto elementor-view-default elementor-widget elementor-widget-icon\" data-id=\"ff01b68\" data-element_type=\"widget\" data-widget_type=\"icon.default\">\n\t\t\t\t<div class=\"elementor-widget-container\">\n\t\t\t\t\t<div class=\"elementor-icon-wrapper\">\n\t\t\t<div class=\"elementor-icon\">\n\t\t\t<svg aria-hidden=\"true\" class=\"e-font-icon-svg e-fas-check-circle\" viewBox=\"0 0 512 512\" xmlns=\"http:\/\/www.w3.org\/2000\/svg\"><path d=\"M504 256c0 136.967-111.033 248-248 248S8 392.967 8 256 119.033 8 256 8s248 111.033 248 248zM227.314 387.314l184-184c6.248-6.248 6.248-16.379 0-22.627l-22.627-22.627c-6.248-6.249-16.379-6.249-22.628 0L216 308.118l-70.059-70.059c-6.248-6.248-16.379-6.248-22.628 0l-22.627 22.627c-6.248 6.248-6.248 16.379 0 22.627l104 104c6.249 6.249 16.379 6.249 22.628.001z\"><\/path><\/svg>\t\t\t<\/div>\n\t\t<\/div>\n\t\t\t\t<\/div>\n\t\t\t\t<\/div>\n\t\t\t\t<div class=\"elementor-element elementor-element-9746b67 elementor-widget elementor-widget-text-editor\" data-id=\"9746b67\" data-element_type=\"widget\" data-widget_type=\"text-editor.default\">\n\t\t\t\t<div class=\"elementor-widget-container\">\n\t\t\t\t\t\t\t<p><strong>Playlist VIP<\/strong><br \/>La Playlist Merkabah Musical est une s\u00e9lection musicale personnalis\u00e9e, cr\u00e9\u00e9e \u00e0 partir de votre date de naissance. Gr\u00e2ce \u00e0 ma m\u00e9diumnit\u00e9, j\u2019acc\u00e8de aux Archives Akashiques pour capturer votre essence spirituelle et r\u00e9v\u00e9ler les myst\u00e8res de vos vies pass\u00e9es, vous offrant un voyage auditif unique et introspectif.<\/p>\t\t\t\t\t\t<\/div>\n\t\t\t\t<\/div>\n\t\t\t\t<\/div>\n\t\t\t\t\t<\/div>\n\t\t\t\t<\/div>\n\t\t<div class=\"elementor-element elementor-element-acfd463 e-flex e-con-boxed e-con e-parent\" data-id=\"acfd463\" data-element_type=\"container\">\n\t\t\t\t\t<div class=\"e-con-inner\">\n\t\t\t\t<div class=\"elementor-element elementor-element-53e3676 elementor-add-to-cart--align-justify elementor-widget elementor-widget-wc-add-to-cart\" data-id=\"53e3676\" data-element_type=\"widget\" data-widget_type=\"wc-add-to-cart.default\">\n\t\t\t\t<div class=\"elementor-widget-container\">\n\t\t\t\t\t<div class=\"elementor-button-wrapper\">\n\t\t\t<a rel=\"nofollow\" href=\"https:\/\/www.robsonbarros.com\/fr\/shop\/merkabah-musical\/\" data-quantity=\"1\" data-product_id=\"45053\" class=\"product_type_variable add_to_cart_button elementor-button elementor-size-sm\" role=\"button\">\n\t\t\t\t\t\t<span class=\"elementor-button-content-wrapper\">\n\t\t\t\t\t\t<span class=\"elementor-button-icon\">\n\t\t\t\t<svg aria-hidden=\"true\" class=\"e-font-icon-svg e-fas-sitemap\" viewBox=\"0 0 640 512\" xmlns=\"http:\/\/www.w3.org\/2000\/svg\"><path d=\"M128 352H32c-17.67 0-32 14.33-32 32v96c0 17.67 14.33 32 32 32h96c17.67 0 32-14.33 32-32v-96c0-17.67-14.33-32-32-32zm-24-80h192v48h48v-48h192v48h48v-57.59c0-21.17-17.23-38.41-38.41-38.41H344v-64h40c17.67 0 32-14.33 32-32V32c0-17.67-14.33-32-32-32H256c-17.67 0-32 14.33-32 32v96c0 17.67 14.33 32 32 32h40v64H94.41C73.23 224 56 241.23 56 262.41V320h48v-48zm264 80h-96c-17.67 0-32 14.33-32 32v96c0 17.67 14.33 32 32 32h96c17.67 0 32-14.33 32-32v-96c0-17.67-14.33-32-32-32zm240 0h-96c-17.67 0-32 14.33-32 32v96c0 17.67 14.33 32 32 32h96c17.67 0 32-14.33 32-32v-96c0-17.67-14.33-32-32-32z\"><\/path><\/svg>\t\t\t<\/span>\n\t\t\t\t\t\t\t\t\t<span class=\"elementor-button-text\">Choisir ma formule<\/span>\n\t\t\t\t\t<\/span>\n\t\t\t\t\t<\/a>\n\t\t<\/div>\n\t\t\t\t<\/div>\n\t\t\t\t<\/div>\n\t\t\t\t\t<\/div>\n\t\t\t\t<\/div>\n\t\t<div class=\"elementor-element elementor-element-00da7c8 e-flex e-con-boxed e-con e-parent\" data-id=\"00da7c8\" data-element_type=\"container\">\n\t\t\t\t\t<div class=\"e-con-inner\">\n\t\t\t\t<div class=\"elementor-element elementor-element-9b7b4f1 elementor-widget elementor-widget-video\" data-id=\"9b7b4f1\" data-element_type=\"widget\" data-settings=\"{&quot;youtube_url&quot;:&quot;https:\\\/\\\/youtu.be\\\/6Wv1l2orRsw?si=pDOxUI74s3DUiTDL&quot;,&quot;modestbranding&quot;:&quot;yes&quot;,&quot;lazy_load&quot;:&quot;yes&quot;,&quot;video_type&quot;:&quot;youtube&quot;,&quot;controls&quot;:&quot;yes&quot;}\" data-widget_type=\"video.default\">\n\t\t\t\t<div class=\"elementor-widget-container\">\n\t\t\t\t\t<div class=\"elementor-wrapper elementor-open-inline\">\n\t\t\t<div class=\"elementor-video\"><\/div>\t\t<\/div>\n\t\t\t\t<\/div>\n\t\t\t\t<\/div>\n\t\t\t\t\t<\/div>\n\t\t\t\t<\/div>\n\t\t<div class=\"elementor-element elementor-element-94a4b0e e-con-full e-flex e-con e-child\" data-id=\"94a4b0e\" data-element_type=\"container\">\n\t\t<div class=\"elementor-element elementor-element-aaf48cb e-con-full e-flex e-con e-child\" data-id=\"aaf48cb\" data-element_type=\"container\">\n\t\t\t\t<div class=\"elementor-element elementor-element-13885c5 elementor-testimonial--skin-default elementor-testimonial--layout-image_inline elementor-testimonial--align-center elementor-arrows-yes elementor-pagination-type-bullets elementor-widget elementor-widget-testimonial-carousel\" data-id=\"13885c5\" data-element_type=\"widget\" data-settings=\"{&quot;space_between&quot;:{&quot;unit&quot;:&quot;px&quot;,&quot;size&quot;:0,&quot;sizes&quot;:[]},&quot;show_arrows&quot;:&quot;yes&quot;,&quot;pagination&quot;:&quot;bullets&quot;,&quot;speed&quot;:500,&quot;autoplay&quot;:&quot;yes&quot;,&quot;autoplay_speed&quot;:5000,&quot;loop&quot;:&quot;yes&quot;,&quot;pause_on_hover&quot;:&quot;yes&quot;,&quot;pause_on_interaction&quot;:&quot;yes&quot;,&quot;space_between_tablet&quot;:{&quot;unit&quot;:&quot;px&quot;,&quot;size&quot;:10,&quot;sizes&quot;:[]},&quot;space_between_mobile&quot;:{&quot;unit&quot;:&quot;px&quot;,&quot;size&quot;:10,&quot;sizes&quot;:[]}}\" data-widget_type=\"testimonial-carousel.default\">\n\t\t\t\t<div class=\"elementor-widget-container\">\n\t\t\t\t\t<div class=\"elementor-swiper\">\n\t\t\t<div class=\"elementor-main-swiper swiper\">\n\t\t\t\t<div class=\"swiper-wrapper\">\n\t\t\t\t\t\t\t\t\t\t\t<div class=\"swiper-slide\">\n\t\t\t\t\t\t\t\t\t<div class=\"elementor-testimonial\">\n\t\t\t\t\t\t\t<div class=\"elementor-testimonial__content\">\n\t\t\t\t\t<div class=\"elementor-testimonial__text\">\n\t\t\t\t\t\tRobson est un homme inspirant et lumineux que j'ai la chance de conna\u00eetre depuis pr\u00e8s de 10 ans. Ses conseils et enseignements m'ont beaucoup apport\u00e9, tant sur le plan musical que personnel. J'ai ador\u00e9 notre rencontre et j'esp\u00e8re le revoir bient\u00f4t !\t\t\t\t\t<\/div>\n\t\t\t\t\t\t\t\t\t<\/div>\n\t\t\t\t\t\t<div class=\"elementor-testimonial__footer\">\n\t\t\t\t\t\t\t\t<cite class=\"elementor-testimonial__cite\"><span class=\"elementor-testimonial__name\">Guillaume<\/span><span class=\"elementor-testimonial__title\">Utilisateur m\u00e9thode TUDSAH<\/span><\/cite>\t\t\t<\/div>\n\t\t<\/div>\n\t\t\t\t\t\t\t\t<\/div>\n\t\t\t\t\t\t\t\t\t<\/div>\n\t\t\t\t\t\t\t<\/div>\n\t\t<\/div>\n\t\t\t\t<\/div>\n\t\t\t\t<\/div>\n\t\t\t\t<\/div>\n\t\t<div class=\"elementor-element elementor-element-2b7e232 e-con-full e-flex e-con e-child\" data-id=\"2b7e232\" data-element_type=\"container\" data-settings=\"{&quot;background_background&quot;:&quot;classic&quot;}\">\n\t\t\t\t<div class=\"elementor-element elementor-element-7c73b48 elementor-widget elementor-widget-heading\" data-id=\"7c73b48\" data-element_type=\"widget\" data-widget_type=\"heading.default\">\n\t\t\t\t<div class=\"elementor-widget-container\">\n\t\t\t<h2 class=\"elementor-heading-title elementor-size-default\">Vous voulez en savoir plus ?<\/h2>\t\t<\/div>\n\t\t\t\t<\/div>\n\t\t\t\t<div class=\"elementor-element elementor-element-e044ff6 elementor-button-align-stretch elementor-widget elementor-widget-form\" data-id=\"e044ff6\" data-element_type=\"widget\" data-settings=\"{&quot;step_next_label&quot;:&quot;Next&quot;,&quot;step_previous_label&quot;:&quot;Previous&quot;,&quot;button_width&quot;:&quot;100&quot;,&quot;step_type&quot;:&quot;number_text&quot;,&quot;step_icon_shape&quot;:&quot;circle&quot;}\" data-widget_type=\"form.default\">\n\t\t\t\t<div class=\"elementor-widget-container\">\n\t\t\t\t\t<form class=\"elementor-form\" method=\"post\" name=\"New Form\">\n\t\t\t<input type=\"hidden\" name=\"post_id\" value=\"45053\"\/>\n\t\t\t<input type=\"hidden\" name=\"form_id\" value=\"e044ff6\"\/>\n\t\t\t<input type=\"hidden\" name=\"referer_title\" value=\"MERKABAH MUSICAL - Robson BARROS - ALMAZONIA\" \/>\n\n\t\t\t\t\t\t\t<input type=\"hidden\" name=\"queried_id\" value=\"45053\"\/>\n\t\t\t\n\t\t\t<div class=\"elementor-form-fields-wrapper elementor-labels-\">\n\t\t\t\t\t\t\t\t<div class=\"elementor-field-type-email elementor-field-group elementor-column elementor-field-group-email elementor-col-100 elementor-field-required\">\n\t\t\t\t\t\t\t\t\t\t\t\t<label for=\"form-field-email\" class=\"elementor-field-label elementor-screen-only\">\n\t\t\t\t\t\t\t\tEmail\t\t\t\t\t\t\t<\/label>\n\t\t\t\t\t\t\t\t\t\t\t\t\t\t<input size=\"1\" type=\"email\" name=\"form_fields[email]\" id=\"form-field-email\" class=\"elementor-field elementor-size-sm  elementor-field-textual\" placeholder=\"Email\" required=\"required\" aria-required=\"true\">\n\t\t\t\t\t\t\t\t\t\t\t<\/div>\n\t\t\t\t\t\t\t\t<div class=\"elementor-field-type-recaptcha_v3 elementor-field-group elementor-column elementor-field-group-field_7f5bfed elementor-col-100 recaptcha_v3-bottomright\">\n\t\t\t\t\t<div class=\"elementor-field\" id=\"form-field-field_7f5bfed\"><div class=\"elementor-g-recaptcha\" data-sitekey=\"6LcaZrgqAAAAAFShopl7eBJwxfzF4dfuf2sUCLfd\" data-type=\"v3\" data-action=\"Form\" data-badge=\"bottomright\" data-size=\"invisible\"><\/div><\/div>\t\t\t\t<\/div>\n\t\t\t\t\t\t\t\t<div class=\"elementor-field-type-text\">\n\t\t\t\t\t<input size=\"1\" type=\"text\" name=\"form_fields[field_ed0995b]\" id=\"form-field-field_ed0995b\" class=\"elementor-field elementor-size-sm \" style=\"display:none !important;\">\t\t\t\t<\/div>\n\t\t\t\t\t\t\t\t<div class=\"elementor-field-group elementor-column elementor-field-type-submit elementor-col-100 e-form__buttons\">\n\t\t\t\t\t<button class=\"elementor-button elementor-size-sm\" type=\"submit\">\n\t\t\t\t\t\t<span class=\"elementor-button-content-wrapper\">\n\t\t\t\t\t\t\t\t\t\t\t\t\t\t\t\t\t\t\t\t\t\t<span class=\"elementor-button-text\">Demandez un contact<\/span>\n\t\t\t\t\t\t\t\t\t\t\t\t\t<\/span>\n\t\t\t\t\t<\/button>\n\t\t\t\t<\/div>\n\t\t\t<\/div>\n\t\t<\/form>\n\t\t\t\t<\/div>\n\t\t\t\t<\/div>\n\t\t\t\t<\/div>\n\t\t\t\t<\/div>\n\t\t<div class=\"elementor-element elementor-element-1a3ae53 e-flex e-con-boxed e-con e-parent\" data-id=\"1a3ae53\" data-element_type=\"container\">\n\t\t\t\t\t<div class=\"e-con-inner\">\n\t\t\t\t<div class=\"elementor-element elementor-element-d515f15 elementor-widget elementor-widget-spacer\" data-id=\"d515f15\" data-element_type=\"widget\" data-widget_type=\"spacer.default\">\n\t\t\t\t<div class=\"elementor-widget-container\">\n\t\t\t\t\t<div class=\"elementor-spacer\">\n\t\t\t<div class=\"elementor-spacer-inner\"><\/div>\n\t\t<\/div>\n\t\t\t\t<\/div>\n\t\t\t\t<\/div>\n\t\t\t\t\t<\/div>\n\t\t\t\t<\/div>\n\t\t\t\t<\/div>\n\t\t","protected":false},"excerpt":{"rendered":"<p>Plongez dans un univers sonore unique, o\u00f9 chaque vibration et m\u00e9lodie a \u00e9t\u00e9 soigneusement con\u00e7ue pour favoriser votre bien-\u00eatre int\u00e9rieur, apaiser l&rsquo;\u00e2me et \u00e9largir la conscience. Participez \u00e0 une s\u00e9ance transformative de Merkabah Musical et laissez-vous guider par la musique dans un voyage d&rsquo;introspection et de renouveau spirituel.<\/p>\n","protected":false},"featured_media":44798,"template":"","meta":[],"product_cat":[128],"product_tag":[],"class_list":{"0":"post-45053","1":"product","2":"type-product","3":"status-publish","4":"has-post-thumbnail","6":"product_cat-merkabah-musical-fr","8":"first","9":"instock","10":"sale","11":"shipping-taxable","12":"purchasable","13":"product-type-variable"},"yoast_head":"<!-- This site is optimized with the Yoast SEO plugin v24.0 - https:\/\/yoast.com\/wordpress\/plugins\/seo\/ -->\n<title>MERKABAH MUSICAL - Robson BARROS - ALMAZONIA<\/title>\n<meta name=\"robots\" content=\"index, follow, max-snippet:-1, max-image-preview:large, max-video-preview:-1\" \/>\n<link rel=\"canonical\" href=\"https:\/\/www.robsonbarros.com\/fr\/shop\/merkabah-musical\/\" \/>\n<meta property=\"og:locale\" content=\"fr_FR\" \/>\n<meta property=\"og:type\" content=\"article\" \/>\n<meta property=\"og:title\" content=\"MERKABAH MUSICAL - Robson BARROS - ALMAZONIA\" \/>\n<meta property=\"og:description\" content=\"Plongez dans un univers sonore unique, o\u00f9 chaque vibration et m\u00e9lodie a \u00e9t\u00e9 soigneusement con\u00e7ue pour favoriser votre bien-\u00eatre int\u00e9rieur, apaiser l&#039;\u00e2me et \u00e9largir la conscience. Participez \u00e0 une s\u00e9ance transformative de Merkabah Musical et laissez-vous guider par la musique dans un voyage d&#039;introspection et de renouveau spirituel.\" \/>\n<meta property=\"og:url\" content=\"https:\/\/www.robsonbarros.com\/fr\/shop\/merkabah-musical\/\" \/>\n<meta property=\"og:site_name\" content=\"Robson BARROS - ALMAZONIA\" \/>\n<meta property=\"article:modified_time\" content=\"2025-01-15T16:07:09+00:00\" \/>\n<meta property=\"og:image\" content=\"https:\/\/www.robsonbarros.com\/wp-content\/uploads\/2024\/11\/merkabah-RB.jpg\" \/>\n\t<meta property=\"og:image:width\" content=\"1215\" \/>\n\t<meta property=\"og:image:height\" content=\"1215\" \/>\n\t<meta property=\"og:image:type\" content=\"image\/jpeg\" \/>\n<meta name=\"twitter:card\" content=\"summary_large_image\" \/>\n<script type=\"application\/ld+json\" class=\"yoast-schema-graph\">{\"@context\":\"https:\/\/schema.org\",\"@graph\":[{\"@type\":\"WebPage\",\"@id\":\"https:\/\/www.robsonbarros.com\/fr\/shop\/merkabah-musical\/\",\"url\":\"https:\/\/www.robsonbarros.com\/fr\/shop\/merkabah-musical\/\",\"name\":\"MERKABAH MUSICAL - Robson BARROS - ALMAZONIA\",\"isPartOf\":{\"@id\":\"https:\/\/www.robsonbarros.com\/#website\"},\"primaryImageOfPage\":{\"@id\":\"https:\/\/www.robsonbarros.com\/fr\/shop\/merkabah-musical\/#primaryimage\"},\"image\":{\"@id\":\"https:\/\/www.robsonbarros.com\/fr\/shop\/merkabah-musical\/#primaryimage\"},\"thumbnailUrl\":\"https:\/\/www.robsonbarros.com\/wp-content\/uploads\/2024\/11\/merkabah-RB.jpg\",\"datePublished\":\"2024-12-01T20:04:40+00:00\",\"dateModified\":\"2025-01-15T16:07:09+00:00\",\"breadcrumb\":{\"@id\":\"https:\/\/www.robsonbarros.com\/fr\/shop\/merkabah-musical\/#breadcrumb\"},\"inLanguage\":\"fr-FR\",\"potentialAction\":[{\"@type\":\"ReadAction\",\"target\":[\"https:\/\/www.robsonbarros.com\/fr\/shop\/merkabah-musical\/\"]}]},{\"@type\":\"ImageObject\",\"inLanguage\":\"fr-FR\",\"@id\":\"https:\/\/www.robsonbarros.com\/fr\/shop\/merkabah-musical\/#primaryimage\",\"url\":\"https:\/\/www.robsonbarros.com\/wp-content\/uploads\/2024\/11\/merkabah-RB.jpg\",\"contentUrl\":\"https:\/\/www.robsonbarros.com\/wp-content\/uploads\/2024\/11\/merkabah-RB.jpg\",\"width\":1215,\"height\":1215},{\"@type\":\"BreadcrumbList\",\"@id\":\"https:\/\/www.robsonbarros.com\/fr\/shop\/merkabah-musical\/#breadcrumb\",\"itemListElement\":[{\"@type\":\"ListItem\",\"position\":1,\"name\":\"Home\",\"item\":\"https:\/\/www.robsonbarros.com\/fr\/\"},{\"@type\":\"ListItem\",\"position\":2,\"name\":\"Shop\",\"item\":\"https:\/\/www.robsonbarros.com\/shop\/\"},{\"@type\":\"ListItem\",\"position\":3,\"name\":\"MERKABAH MUSICAL\"}]},{\"@type\":\"WebSite\",\"@id\":\"https:\/\/www.robsonbarros.com\/#website\",\"url\":\"https:\/\/www.robsonbarros.com\/\",\"name\":\"Robson BARROS - ALMAZONIA\",\"description\":\"Visit the Robson Barros website\",\"publisher\":{\"@id\":\"https:\/\/www.robsonbarros.com\/#\/schema\/person\/a061c00cd8214ed6d75cd7a0874bf49f\"},\"potentialAction\":[{\"@type\":\"SearchAction\",\"target\":{\"@type\":\"EntryPoint\",\"urlTemplate\":\"https:\/\/www.robsonbarros.com\/?s={search_term_string}\"},\"query-input\":{\"@type\":\"PropertyValueSpecification\",\"valueRequired\":true,\"valueName\":\"search_term_string\"}}],\"inLanguage\":\"fr-FR\"},{\"@type\":[\"Person\",\"Organization\"],\"@id\":\"https:\/\/www.robsonbarros.com\/#\/schema\/person\/a061c00cd8214ed6d75cd7a0874bf49f\",\"name\":\"Robson BARROS\",\"image\":{\"@type\":\"ImageObject\",\"inLanguage\":\"fr-FR\",\"@id\":\"https:\/\/www.robsonbarros.com\/#\/schema\/person\/image\/\",\"url\":\"https:\/\/www.robsonbarros.com\/wp-content\/uploads\/2019\/07\/robson_barros_bass.jpg\",\"contentUrl\":\"https:\/\/www.robsonbarros.com\/wp-content\/uploads\/2019\/07\/robson_barros_bass.jpg\",\"width\":800,\"height\":800,\"caption\":\"Robson BARROS\"},\"logo\":{\"@id\":\"https:\/\/www.robsonbarros.com\/#\/schema\/person\/image\/\"}}]}<\/script>\n<!-- \/ Yoast SEO plugin. -->","yoast_head_json":{"title":"MERKABAH MUSICAL - Robson BARROS - ALMAZONIA","robots":{"index":"index","follow":"follow","max-snippet":"max-snippet:-1","max-image-preview":"max-image-preview:large","max-video-preview":"max-video-preview:-1"},"canonical":"https:\/\/www.robsonbarros.com\/fr\/shop\/merkabah-musical\/","og_locale":"fr_FR","og_type":"article","og_title":"MERKABAH MUSICAL - Robson BARROS - ALMAZONIA","og_description":"Plongez dans un univers sonore unique, o\u00f9 chaque vibration et m\u00e9lodie a \u00e9t\u00e9 soigneusement con\u00e7ue pour favoriser votre bien-\u00eatre int\u00e9rieur, apaiser l'\u00e2me et \u00e9largir la conscience. Participez \u00e0 une s\u00e9ance transformative de Merkabah Musical et laissez-vous guider par la musique dans un voyage d'introspection et de renouveau spirituel.","og_url":"https:\/\/www.robsonbarros.com\/fr\/shop\/merkabah-musical\/","og_site_name":"Robson BARROS - ALMAZONIA","article_modified_time":"2025-01-15T16:07:09+00:00","og_image":[{"width":1215,"height":1215,"url":"https:\/\/www.robsonbarros.com\/wp-content\/uploads\/2024\/11\/merkabah-RB.jpg","type":"image\/jpeg"}],"twitter_card":"summary_large_image","schema":{"@context":"https:\/\/schema.org","@graph":[{"@type":"WebPage","@id":"https:\/\/www.robsonbarros.com\/fr\/shop\/merkabah-musical\/","url":"https:\/\/www.robsonbarros.com\/fr\/shop\/merkabah-musical\/","name":"MERKABAH MUSICAL - Robson BARROS - ALMAZONIA","isPartOf":{"@id":"https:\/\/www.robsonbarros.com\/#website"},"primaryImageOfPage":{"@id":"https:\/\/www.robsonbarros.com\/fr\/shop\/merkabah-musical\/#primaryimage"},"image":{"@id":"https:\/\/www.robsonbarros.com\/fr\/shop\/merkabah-musical\/#primaryimage"},"thumbnailUrl":"https:\/\/www.robsonbarros.com\/wp-content\/uploads\/2024\/11\/merkabah-RB.jpg","datePublished":"2024-12-01T20:04:40+00:00","dateModified":"2025-01-15T16:07:09+00:00","breadcrumb":{"@id":"https:\/\/www.robsonbarros.com\/fr\/shop\/merkabah-musical\/#breadcrumb"},"inLanguage":"fr-FR","potentialAction":[{"@type":"ReadAction","target":["https:\/\/www.robsonbarros.com\/fr\/shop\/merkabah-musical\/"]}]},{"@type":"ImageObject","inLanguage":"fr-FR","@id":"https:\/\/www.robsonbarros.com\/fr\/shop\/merkabah-musical\/#primaryimage","url":"https:\/\/www.robsonbarros.com\/wp-content\/uploads\/2024\/11\/merkabah-RB.jpg","contentUrl":"https:\/\/www.robsonbarros.com\/wp-content\/uploads\/2024\/11\/merkabah-RB.jpg","width":1215,"height":1215},{"@type":"BreadcrumbList","@id":"https:\/\/www.robsonbarros.com\/fr\/shop\/merkabah-musical\/#breadcrumb","itemListElement":[{"@type":"ListItem","position":1,"name":"Home","item":"https:\/\/www.robsonbarros.com\/fr\/"},{"@type":"ListItem","position":2,"name":"Shop","item":"https:\/\/www.robsonbarros.com\/shop\/"},{"@type":"ListItem","position":3,"name":"MERKABAH MUSICAL"}]},{"@type":"WebSite","@id":"https:\/\/www.robsonbarros.com\/#website","url":"https:\/\/www.robsonbarros.com\/","name":"Robson BARROS - ALMAZONIA","description":"Visit the Robson Barros website","publisher":{"@id":"https:\/\/www.robsonbarros.com\/#\/schema\/person\/a061c00cd8214ed6d75cd7a0874bf49f"},"potentialAction":[{"@type":"SearchAction","target":{"@type":"EntryPoint","urlTemplate":"https:\/\/www.robsonbarros.com\/?s={search_term_string}"},"query-input":{"@type":"PropertyValueSpecification","valueRequired":true,"valueName":"search_term_string"}}],"inLanguage":"fr-FR"},{"@type":["Person","Organization"],"@id":"https:\/\/www.robsonbarros.com\/#\/schema\/person\/a061c00cd8214ed6d75cd7a0874bf49f","name":"Robson BARROS","image":{"@type":"ImageObject","inLanguage":"fr-FR","@id":"https:\/\/www.robsonbarros.com\/#\/schema\/person\/image\/","url":"https:\/\/www.robsonbarros.com\/wp-content\/uploads\/2019\/07\/robson_barros_bass.jpg","contentUrl":"https:\/\/www.robsonbarros.com\/wp-content\/uploads\/2019\/07\/robson_barros_bass.jpg","width":800,"height":800,"caption":"Robson BARROS"},"logo":{"@id":"https:\/\/www.robsonbarros.com\/#\/schema\/person\/image\/"}}]}},"_links":{"self":[{"href":"https:\/\/www.robsonbarros.com\/fr\/wp-json\/wp\/v2\/product\/45053","targetHints":{"allow":["GET"]}}],"collection":[{"href":"https:\/\/www.robsonbarros.com\/fr\/wp-json\/wp\/v2\/product"}],"about":[{"href":"https:\/\/www.robsonbarros.com\/fr\/wp-json\/wp\/v2\/types\/product"}],"version-history":[{"count":0,"href":"https:\/\/www.robsonbarros.com\/fr\/wp-json\/wp\/v2\/product\/45053\/revisions"}],"wp:featuredmedia":[{"embeddable":true,"href":"https:\/\/www.robsonbarros.com\/fr\/wp-json\/wp\/v2\/media\/44798"}],"wp:attachment":[{"href":"https:\/\/www.robsonbarros.com\/fr\/wp-json\/wp\/v2\/media?parent=45053"}],"wp:term":[{"taxonomy":"product_cat","embeddable":true,"href":"https:\/\/www.robsonbarros.com\/fr\/wp-json\/wp\/v2\/product_cat?post=45053"},{"taxonomy":"product_tag","embeddable":true,"href":"https:\/\/www.robsonbarros.com\/fr\/wp-json\/wp\/v2\/product_tag?post=45053"}],"curies":[{"name":"wp","href":"https:\/\/api.w.org\/{rel}","templated":true}]}}