{"id":523,"date":"2019-07-11T20:56:03","date_gmt":"2019-07-11T20:56:03","guid":{"rendered":"https:\/\/www.robsonbarros.com\/?post_type=product&#038;p=523"},"modified":"2024-12-04T23:02:08","modified_gmt":"2024-12-04T23:02:08","slug":"almazonia-telechargement","status":"publish","type":"product","link":"https:\/\/www.robsonbarros.com\/fr\/shop\/almazonia-telechargement\/","title":{"rendered":"1 | ALMAZONIA | T\u00c9L\u00c9CHARGEMENT GRATUIT"},"content":{"rendered":"<p>Almazonia, premier morceau de l\u2019album, est un chant tribal amazonien, \u00e0 la fois alerte et incantatoire. Les sons de la for\u00eat s\u2019invitent dans la m\u00e9lodie et se m\u00ealent aux tambours et au chant. Sur un rythme de percussions puissant et omnipr\u00e9sent, la po\u00e9sie du texte et la fluidit\u00e9 des airs instrumentaux cr\u00e9ent un \u00e9lan vers un univers qu\u2019on devine magique.<\/p>\n<p><iframe title=\"ALMAZONIA \ud83c\udfb5 ROBSON BARROS [OFFICIAL MUSIC VIDEO]\" width=\"800\" height=\"450\" src=\"https:\/\/www.youtube.com\/embed\/VNhd0D5WcIA?feature=oembed&#038;enablejsapi=1&#038;origin=https:\/\/www.robsonbarros.com\" frameborder=\"0\" allow=\"accelerometer; autoplay; clipboard-write; encrypted-media; gyroscope; picture-in-picture; web-share\" referrerpolicy=\"strict-origin-when-cross-origin\" allowfullscreen><\/iframe><\/p>\n","protected":false},"excerpt":{"rendered":"<p>T\u00e9l\u00e9chargez gratuitement le premier titre de l&rsquo;album ALMAZONIA<\/p>\n<p><strong>Robson Barros : basse, guitare, voix, compositions, paroles<br \/>\nThibaud Dufoy : claviers<br \/>\nLorry Delatie : batterie, voix<br \/>\nLaetitia Jana : voix, paroles<br \/>\nMauricio Sarfatis : percussions<\/strong><\/p>\n","protected":false},"featured_media":519,"template":"","meta":[],"product_cat":[166,119],"product_tag":[],"class_list":{"0":"post-523","1":"product","2":"type-product","3":"status-publish","4":"has-post-thumbnail","6":"product_cat-musique","7":"product_cat-single-fr","9":"first","10":"instock","11":"downloadable","12":"virtual","13":"sold-individually","14":"purchasable","15":"product-type-simple"},"yoast_head":"<!-- This site is optimized with the Yoast SEO plugin v24.0 - https:\/\/yoast.com\/wordpress\/plugins\/seo\/ -->\n<title>1 | ALMAZONIA | T\u00c9L\u00c9CHARGEMENT GRATUIT - Robson BARROS - ALMAZONIA<\/title>\n<meta name=\"robots\" content=\"index, follow, max-snippet:-1, max-image-preview:large, max-video-preview:-1\" \/>\n<link rel=\"canonical\" href=\"https:\/\/www.robsonbarros.com\/fr\/shop\/almazonia-telechargement\/\" \/>\n<meta property=\"og:locale\" content=\"fr_FR\" \/>\n<meta property=\"og:type\" content=\"article\" \/>\n<meta property=\"og:title\" content=\"1 | ALMAZONIA | T\u00c9L\u00c9CHARGEMENT GRATUIT - Robson BARROS - ALMAZONIA\" \/>\n<meta property=\"og:description\" content=\"T\u00e9l\u00e9chargez gratuitement le premier titre de l&#039;album ALMAZONIA  Robson Barros : basse, guitare, voix, compositions, paroles Thibaud Dufoy : claviers Lorry Delatie : batterie, voix Laetitia Jana : voix, paroles Mauricio Sarfatis : percussions\" \/>\n<meta property=\"og:url\" content=\"https:\/\/www.robsonbarros.com\/fr\/shop\/almazonia-telechargement\/\" \/>\n<meta property=\"og:site_name\" content=\"Robson BARROS - ALMAZONIA\" \/>\n<meta property=\"article:modified_time\" content=\"2024-12-04T23:02:08+00:00\" \/>\n<meta property=\"og:image\" content=\"https:\/\/www.robsonbarros.com\/wp-content\/uploads\/2019\/07\/almazonia-robson-barros.jpg\" \/>\n\t<meta property=\"og:image:width\" content=\"1465\" \/>\n\t<meta property=\"og:image:height\" content=\"1488\" \/>\n\t<meta property=\"og:image:type\" content=\"image\/jpeg\" \/>\n<meta name=\"twitter:card\" content=\"summary_large_image\" \/>\n<meta name=\"twitter:label1\" content=\"Dur\u00e9e de lecture estim\u00e9e\" \/>\n\t<meta name=\"twitter:data1\" content=\"1 minute\" \/>\n<script type=\"application\/ld+json\" class=\"yoast-schema-graph\">{\"@context\":\"https:\/\/schema.org\",\"@graph\":[{\"@type\":\"WebPage\",\"@id\":\"https:\/\/www.robsonbarros.com\/fr\/shop\/almazonia-telechargement\/\",\"url\":\"https:\/\/www.robsonbarros.com\/fr\/shop\/almazonia-telechargement\/\",\"name\":\"1 | ALMAZONIA | T\u00c9L\u00c9CHARGEMENT GRATUIT - Robson BARROS - ALMAZONIA\",\"isPartOf\":{\"@id\":\"https:\/\/www.robsonbarros.com\/#website\"},\"primaryImageOfPage\":{\"@id\":\"https:\/\/www.robsonbarros.com\/fr\/shop\/almazonia-telechargement\/#primaryimage\"},\"image\":{\"@id\":\"https:\/\/www.robsonbarros.com\/fr\/shop\/almazonia-telechargement\/#primaryimage\"},\"thumbnailUrl\":\"https:\/\/www.robsonbarros.com\/wp-content\/uploads\/2019\/07\/almazonia-robson-barros.jpg\",\"datePublished\":\"2019-07-11T20:56:03+00:00\",\"dateModified\":\"2024-12-04T23:02:08+00:00\",\"breadcrumb\":{\"@id\":\"https:\/\/www.robsonbarros.com\/fr\/shop\/almazonia-telechargement\/#breadcrumb\"},\"inLanguage\":\"fr-FR\",\"potentialAction\":[{\"@type\":\"ReadAction\",\"target\":[\"https:\/\/www.robsonbarros.com\/fr\/shop\/almazonia-telechargement\/\"]}]},{\"@type\":\"ImageObject\",\"inLanguage\":\"fr-FR\",\"@id\":\"https:\/\/www.robsonbarros.com\/fr\/shop\/almazonia-telechargement\/#primaryimage\",\"url\":\"https:\/\/www.robsonbarros.com\/wp-content\/uploads\/2019\/07\/almazonia-robson-barros.jpg\",\"contentUrl\":\"https:\/\/www.robsonbarros.com\/wp-content\/uploads\/2019\/07\/almazonia-robson-barros.jpg\",\"width\":1465,\"height\":1488,\"caption\":\"Almazonia Robson Barros\"},{\"@type\":\"BreadcrumbList\",\"@id\":\"https:\/\/www.robsonbarros.com\/fr\/shop\/almazonia-telechargement\/#breadcrumb\",\"itemListElement\":[{\"@type\":\"ListItem\",\"position\":1,\"name\":\"Home\",\"item\":\"https:\/\/www.robsonbarros.com\/fr\/\"},{\"@type\":\"ListItem\",\"position\":2,\"name\":\"Shop\",\"item\":\"https:\/\/www.robsonbarros.com\/shop\/\"},{\"@type\":\"ListItem\",\"position\":3,\"name\":\"1 | ALMAZONIA | T\u00c9L\u00c9CHARGEMENT GRATUIT\"}]},{\"@type\":\"WebSite\",\"@id\":\"https:\/\/www.robsonbarros.com\/#website\",\"url\":\"https:\/\/www.robsonbarros.com\/\",\"name\":\"Robson BARROS - ALMAZONIA\",\"description\":\"Visit the Robson Barros website\",\"publisher\":{\"@id\":\"https:\/\/www.robsonbarros.com\/#\/schema\/person\/a061c00cd8214ed6d75cd7a0874bf49f\"},\"potentialAction\":[{\"@type\":\"SearchAction\",\"target\":{\"@type\":\"EntryPoint\",\"urlTemplate\":\"https:\/\/www.robsonbarros.com\/?s={search_term_string}\"},\"query-input\":{\"@type\":\"PropertyValueSpecification\",\"valueRequired\":true,\"valueName\":\"search_term_string\"}}],\"inLanguage\":\"fr-FR\"},{\"@type\":[\"Person\",\"Organization\"],\"@id\":\"https:\/\/www.robsonbarros.com\/#\/schema\/person\/a061c00cd8214ed6d75cd7a0874bf49f\",\"name\":\"Robson BARROS\",\"image\":{\"@type\":\"ImageObject\",\"inLanguage\":\"fr-FR\",\"@id\":\"https:\/\/www.robsonbarros.com\/#\/schema\/person\/image\/\",\"url\":\"https:\/\/www.robsonbarros.com\/wp-content\/uploads\/2019\/07\/robson_barros_bass.jpg\",\"contentUrl\":\"https:\/\/www.robsonbarros.com\/wp-content\/uploads\/2019\/07\/robson_barros_bass.jpg\",\"width\":800,\"height\":800,\"caption\":\"Robson BARROS\"},\"logo\":{\"@id\":\"https:\/\/www.robsonbarros.com\/#\/schema\/person\/image\/\"}}]}<\/script>\n<!-- \/ Yoast SEO plugin. -->","yoast_head_json":{"title":"1 | ALMAZONIA | T\u00c9L\u00c9CHARGEMENT GRATUIT - Robson BARROS - ALMAZONIA","robots":{"index":"index","follow":"follow","max-snippet":"max-snippet:-1","max-image-preview":"max-image-preview:large","max-video-preview":"max-video-preview:-1"},"canonical":"https:\/\/www.robsonbarros.com\/fr\/shop\/almazonia-telechargement\/","og_locale":"fr_FR","og_type":"article","og_title":"1 | ALMAZONIA | T\u00c9L\u00c9CHARGEMENT GRATUIT - Robson BARROS - ALMAZONIA","og_description":"T\u00e9l\u00e9chargez gratuitement le premier titre de l'album ALMAZONIA  Robson Barros : basse, guitare, voix, compositions, paroles Thibaud Dufoy : claviers Lorry Delatie : batterie, voix Laetitia Jana : voix, paroles Mauricio Sarfatis : percussions","og_url":"https:\/\/www.robsonbarros.com\/fr\/shop\/almazonia-telechargement\/","og_site_name":"Robson BARROS - ALMAZONIA","article_modified_time":"2024-12-04T23:02:08+00:00","og_image":[{"width":1465,"height":1488,"url":"https:\/\/www.robsonbarros.com\/wp-content\/uploads\/2019\/07\/almazonia-robson-barros.jpg","type":"image\/jpeg"}],"twitter_card":"summary_large_image","twitter_misc":{"Dur\u00e9e de lecture estim\u00e9e":"1 minute"},"schema":{"@context":"https:\/\/schema.org","@graph":[{"@type":"WebPage","@id":"https:\/\/www.robsonbarros.com\/fr\/shop\/almazonia-telechargement\/","url":"https:\/\/www.robsonbarros.com\/fr\/shop\/almazonia-telechargement\/","name":"1 | ALMAZONIA | T\u00c9L\u00c9CHARGEMENT GRATUIT - Robson BARROS - ALMAZONIA","isPartOf":{"@id":"https:\/\/www.robsonbarros.com\/#website"},"primaryImageOfPage":{"@id":"https:\/\/www.robsonbarros.com\/fr\/shop\/almazonia-telechargement\/#primaryimage"},"image":{"@id":"https:\/\/www.robsonbarros.com\/fr\/shop\/almazonia-telechargement\/#primaryimage"},"thumbnailUrl":"https:\/\/www.robsonbarros.com\/wp-content\/uploads\/2019\/07\/almazonia-robson-barros.jpg","datePublished":"2019-07-11T20:56:03+00:00","dateModified":"2024-12-04T23:02:08+00:00","breadcrumb":{"@id":"https:\/\/www.robsonbarros.com\/fr\/shop\/almazonia-telechargement\/#breadcrumb"},"inLanguage":"fr-FR","potentialAction":[{"@type":"ReadAction","target":["https:\/\/www.robsonbarros.com\/fr\/shop\/almazonia-telechargement\/"]}]},{"@type":"ImageObject","inLanguage":"fr-FR","@id":"https:\/\/www.robsonbarros.com\/fr\/shop\/almazonia-telechargement\/#primaryimage","url":"https:\/\/www.robsonbarros.com\/wp-content\/uploads\/2019\/07\/almazonia-robson-barros.jpg","contentUrl":"https:\/\/www.robsonbarros.com\/wp-content\/uploads\/2019\/07\/almazonia-robson-barros.jpg","width":1465,"height":1488,"caption":"Almazonia Robson Barros"},{"@type":"BreadcrumbList","@id":"https:\/\/www.robsonbarros.com\/fr\/shop\/almazonia-telechargement\/#breadcrumb","itemListElement":[{"@type":"ListItem","position":1,"name":"Home","item":"https:\/\/www.robsonbarros.com\/fr\/"},{"@type":"ListItem","position":2,"name":"Shop","item":"https:\/\/www.robsonbarros.com\/shop\/"},{"@type":"ListItem","position":3,"name":"1 | ALMAZONIA | T\u00c9L\u00c9CHARGEMENT GRATUIT"}]},{"@type":"WebSite","@id":"https:\/\/www.robsonbarros.com\/#website","url":"https:\/\/www.robsonbarros.com\/","name":"Robson BARROS - ALMAZONIA","description":"Visit the Robson Barros website","publisher":{"@id":"https:\/\/www.robsonbarros.com\/#\/schema\/person\/a061c00cd8214ed6d75cd7a0874bf49f"},"potentialAction":[{"@type":"SearchAction","target":{"@type":"EntryPoint","urlTemplate":"https:\/\/www.robsonbarros.com\/?s={search_term_string}"},"query-input":{"@type":"PropertyValueSpecification","valueRequired":true,"valueName":"search_term_string"}}],"inLanguage":"fr-FR"},{"@type":["Person","Organization"],"@id":"https:\/\/www.robsonbarros.com\/#\/schema\/person\/a061c00cd8214ed6d75cd7a0874bf49f","name":"Robson BARROS","image":{"@type":"ImageObject","inLanguage":"fr-FR","@id":"https:\/\/www.robsonbarros.com\/#\/schema\/person\/image\/","url":"https:\/\/www.robsonbarros.com\/wp-content\/uploads\/2019\/07\/robson_barros_bass.jpg","contentUrl":"https:\/\/www.robsonbarros.com\/wp-content\/uploads\/2019\/07\/robson_barros_bass.jpg","width":800,"height":800,"caption":"Robson BARROS"},"logo":{"@id":"https:\/\/www.robsonbarros.com\/#\/schema\/person\/image\/"}}]}},"_links":{"self":[{"href":"https:\/\/www.robsonbarros.com\/fr\/wp-json\/wp\/v2\/product\/523","targetHints":{"allow":["GET"]}}],"collection":[{"href":"https:\/\/www.robsonbarros.com\/fr\/wp-json\/wp\/v2\/product"}],"about":[{"href":"https:\/\/www.robsonbarros.com\/fr\/wp-json\/wp\/v2\/types\/product"}],"version-history":[{"count":0,"href":"https:\/\/www.robsonbarros.com\/fr\/wp-json\/wp\/v2\/product\/523\/revisions"}],"wp:featuredmedia":[{"embeddable":true,"href":"https:\/\/www.robsonbarros.com\/fr\/wp-json\/wp\/v2\/media\/519"}],"wp:attachment":[{"href":"https:\/\/www.robsonbarros.com\/fr\/wp-json\/wp\/v2\/media?parent=523"}],"wp:term":[{"taxonomy":"product_cat","embeddable":true,"href":"https:\/\/www.robsonbarros.com\/fr\/wp-json\/wp\/v2\/product_cat?post=523"},{"taxonomy":"product_tag","embeddable":true,"href":"https:\/\/www.robsonbarros.com\/fr\/wp-json\/wp\/v2\/product_tag?post=523"}],"curies":[{"name":"wp","href":"https:\/\/api.w.org\/{rel}","templated":true}]}}