{"id":44238,"date":"2024-04-03T12:30:50","date_gmt":"2024-04-03T12:30:50","guid":{"rendered":"https:\/\/www.robsonbarros.com\/?page_id=44238"},"modified":"2024-11-17T18:36:51","modified_gmt":"2024-11-17T18:36:51","slug":"biografia","status":"publish","type":"page","link":"https:\/\/www.robsonbarros.com\/pt-br\/biografia\/","title":{"rendered":"BIOGRAFIA"},"content":{"rendered":"\t\t<div data-elementor-type=\"wp-page\" data-elementor-id=\"44238\" class=\"elementor elementor-44238 elementor-319\" data-elementor-post-type=\"page\">\n\t\t\t\t<div class=\"elementor-element elementor-element-48845f7 e-flex e-con-boxed e-con e-parent\" data-id=\"48845f7\" data-element_type=\"container\">\n\t\t\t\t\t<div class=\"e-con-inner\">\n\t\t<div class=\"elementor-element elementor-element-ba480c8 e-con-full e-flex e-con e-child\" data-id=\"ba480c8\" data-element_type=\"container\">\n\t\t\t\t<div class=\"elementor-element elementor-element-a37ebc4 elementor-widget elementor-widget-image\" data-id=\"a37ebc4\" data-element_type=\"widget\" data-widget_type=\"image.default\">\n\t\t\t\t<div class=\"elementor-widget-container\">\n\t\t\t\t\t\t\t\t\t\t\t\t\t<img decoding=\"async\" src=\"https:\/\/www.robsonbarros.com\/wp-content\/uploads\/elementor\/thumbs\/IMG_20210418_153841_972-qw67wnqxg36xkzgwxhfosq96cxvd5u9azrm7xs3mtc.jpg\" title=\"IMG_20210418_153841_972\" alt=\"\" loading=\"lazy\" \/>\t\t\t\t\t\t\t\t\t\t\t\t\t<\/div>\n\t\t\t\t<\/div>\n\t\t\t\t<\/div>\n\t\t<div class=\"elementor-element elementor-element-4f07dd7 e-con-full e-flex e-con e-child\" data-id=\"4f07dd7\" data-element_type=\"container\">\n\t\t\t\t<div class=\"elementor-element elementor-element-930018c elementor-widget elementor-widget-heading\" data-id=\"930018c\" data-element_type=\"widget\" data-widget_type=\"heading.default\">\n\t\t\t\t<div class=\"elementor-widget-container\">\n\t\t\t<h1 class=\"elementor-heading-title elementor-size-default\">Biografia<\/h1>\t\t<\/div>\n\t\t\t\t<\/div>\n\t\t\t\t<div class=\"elementor-element elementor-element-1556988 elementor-widget elementor-widget-heading\" data-id=\"1556988\" data-element_type=\"widget\" data-widget_type=\"heading.default\">\n\t\t\t\t<div class=\"elementor-widget-container\">\n\t\t\t<h2 class=\"elementor-heading-title elementor-size-default\">Uma Jornada Musical e Espiritual<\/h2>\t\t<\/div>\n\t\t\t\t<\/div>\n\t\t\t\t<div class=\"elementor-element elementor-element-3a808b5 elementor-widget elementor-widget-text-editor\" data-id=\"3a808b5\" data-element_type=\"widget\" data-widget_type=\"text-editor.default\">\n\t\t\t\t<div class=\"elementor-widget-container\">\n\t\t\t\t\t\t\t<p>Robson Barros \u00e9 um dos m\u00fasicos brasileiros mais talentosos de sua gera\u00e7\u00e3o. Nascido no cora\u00e7\u00e3o da Amaz\u00f4nia, no Brasil, iniciou sua carreira musical aos 14 anos, tocando com a \u201cJazz Band Amazonia\u201d. Seu trabalho incorpora os melhores aspectos de uma verdadeira globaliza\u00e7\u00e3o cultural, fundindo jazz e ritmos do folclore amaz\u00f4nico com funk e grooves.<\/p><p>Robson \u00e9 um multi-instrumentista, conhecido por tocar, entre outros instrumentos, um baixo de 7 cordas. Ele j\u00e1 se apresentou em importantes locais no Brasil e na Europa, ao lado de grandes artistas, Al\u00e9m de suas pr\u00f3prias composi\u00e7\u00f5es, Robson tem se destacado como arranjador e produtor musical, criando arranjos poderosos e produ\u00e7\u00f5es de grava\u00e7\u00e3o importantes document\u00e1rios da tv francesa . Nos \u00faltimos anos, ele desenvolveu o M\u00e9todo TUDSAH , uma abordagem terap\u00eautica e espiritual que utiliza a m\u00fasica como ferramenta para acessar realidades paralelas e explorar profundamente as emo\u00e7\u00f5es e a criatividade.<\/p>\t\t\t\t\t\t<\/div>\n\t\t\t\t<\/div>\n\t\t\t\t<\/div>\n\t\t\t\t\t<\/div>\n\t\t\t\t<\/div>\n\t\t<div class=\"elementor-element elementor-element-6e49a2c e-flex e-con-boxed e-con e-parent\" data-id=\"6e49a2c\" data-element_type=\"container\">\n\t\t\t\t\t<div class=\"e-con-inner\">\n\t\t<div class=\"elementor-element elementor-element-7456188 e-con-full e-flex e-con e-child\" data-id=\"7456188\" data-element_type=\"container\">\n\t\t\t\t<div class=\"elementor-element elementor-element-2319829 elementor-widget elementor-widget-text-editor\" data-id=\"2319829\" data-element_type=\"widget\" data-widget_type=\"text-editor.default\">\n\t\t\t\t<div class=\"elementor-widget-container\">\n\t\t\t\t\t\t\tRobson tamb\u00e9m \u00e9 o criador do Merkabah Musical, um projeto que busca elevar a consci\u00eancia dos ouvintes atrav\u00e9s de paisagens sonoras que evocam paz, harmonia e introspec\u00e7\u00e3o. Como guia espiritual, ele utiliza sua m\u00fasica para ajudar as pessoas a se conectarem com sua ess\u00eancia interior e a encontrarem paz e equil\u00edbrio em suas vidas.\n\nSeus concertos, como \u201c Almazonia\u201d\u00a0 \u201c\u00a0 Merkabah Musical concert \u201c, s\u00e3o experi\u00eancias transformadoras que combinam m\u00fasica e espiritualidade.Com uma carreira marcada por inova\u00e7\u00e3o e dedica\u00e7\u00e3o, Robson Barros continua a explorar novas fronteiras musicais e espirituais, sempre buscando inspirar e transformar vidas atrav\u00e9s de sua arte.\t\t\t\t\t\t<\/div>\n\t\t\t\t<\/div>\n\t\t\t\t<\/div>\n\t\t<div class=\"elementor-element elementor-element-324aa86 e-con-full e-flex e-con e-child\" data-id=\"324aa86\" data-element_type=\"container\">\n\t\t\t\t<div class=\"elementor-element elementor-element-00dd30b elementor-widget elementor-widget-image\" data-id=\"00dd30b\" data-element_type=\"widget\" data-widget_type=\"image.default\">\n\t\t\t\t<div class=\"elementor-widget-container\">\n\t\t\t\t\t\t\t\t\t\t\t\t\t<img fetchpriority=\"high\" decoding=\"async\" width=\"405\" height=\"405\" src=\"https:\/\/www.robsonbarros.com\/wp-content\/uploads\/2024\/10\/tetradro-1.jpeg\" class=\"attachment-medium_large size-medium_large wp-image-44611\" alt=\"\" srcset=\"https:\/\/www.robsonbarros.com\/wp-content\/uploads\/2024\/10\/tetradro-1.jpeg 405w, https:\/\/www.robsonbarros.com\/wp-content\/uploads\/2024\/10\/tetradro-1-100x100.jpeg 100w, https:\/\/www.robsonbarros.com\/wp-content\/uploads\/2024\/10\/tetradro-1-300x300.jpeg 300w, https:\/\/www.robsonbarros.com\/wp-content\/uploads\/2024\/10\/tetradro-1-150x150.jpeg 150w, https:\/\/www.robsonbarros.com\/wp-content\/uploads\/2024\/10\/tetradro-1-400x400.jpeg 400w\" sizes=\"(max-width: 405px) 100vw, 405px\" \/>\t\t\t\t\t\t\t\t\t\t\t\t\t<\/div>\n\t\t\t\t<\/div>\n\t\t\t\t<\/div>\n\t\t\t\t\t<\/div>\n\t\t\t\t<\/div>\n\t\t\t\t<\/div>\n\t\t","protected":false},"excerpt":{"rendered":"<p>Biografia Uma Jornada Musical e Espiritual Robson Barros \u00e9 um dos m\u00fasicos brasileiros mais talentosos de sua gera\u00e7\u00e3o. Nascido no cora\u00e7\u00e3o da Amaz\u00f4nia, no Brasil, iniciou sua carreira musical aos 14 anos, tocando com a \u201cJazz Band Amazonia\u201d. Seu trabalho incorpora os melhores aspectos de uma verdadeira globaliza\u00e7\u00e3o cultural, fundindo jazz e ritmos do folclore [&hellip;]<\/p>\n","protected":false},"author":2,"featured_media":0,"parent":0,"menu_order":0,"comment_status":"closed","ping_status":"closed","template":"elementor_theme","meta":{"footnotes":""},"class_list":["post-44238","page","type-page","status-publish","hentry"],"yoast_head":"<!-- This site is optimized with the Yoast SEO plugin v24.0 - https:\/\/yoast.com\/wordpress\/plugins\/seo\/ -->\n<title>BIOGRAFIA - Robson BARROS - ALMAZONIA<\/title>\n<meta name=\"robots\" content=\"index, follow, max-snippet:-1, max-image-preview:large, max-video-preview:-1\" \/>\n<link rel=\"canonical\" href=\"https:\/\/www.robsonbarros.com\/fr\/biographie\/\" \/>\n<meta property=\"og:locale\" content=\"pt_BR\" \/>\n<meta property=\"og:type\" content=\"article\" \/>\n<meta property=\"og:title\" content=\"BIOGRAFIA - Robson BARROS - ALMAZONIA\" \/>\n<meta property=\"og:description\" content=\"Biografia Uma Jornada Musical e Espiritual Robson Barros \u00e9 um dos m\u00fasicos brasileiros mais talentosos de sua gera\u00e7\u00e3o. Nascido no cora\u00e7\u00e3o da Amaz\u00f4nia, no Brasil, iniciou sua carreira musical aos 14 anos, tocando com a \u201cJazz Band Amazonia\u201d. Seu trabalho incorpora os melhores aspectos de uma verdadeira globaliza\u00e7\u00e3o cultural, fundindo jazz e ritmos do folclore [&hellip;]\" \/>\n<meta property=\"og:url\" content=\"https:\/\/www.robsonbarros.com\/fr\/biographie\/\" \/>\n<meta property=\"og:site_name\" content=\"Robson BARROS - ALMAZONIA\" \/>\n<meta property=\"article:modified_time\" content=\"2024-11-17T18:36:51+00:00\" \/>\n<meta property=\"og:image\" content=\"https:\/\/www.robsonbarros.com\/wp-content\/uploads\/elementor\/thumbs\/IMG_20210418_153841_972-qw67wnqxg36xkzgwxhfosq96cxvd5u9azrm7xs3mtc.jpg\" \/>\n<meta name=\"twitter:card\" content=\"summary_large_image\" \/>\n<meta name=\"twitter:label1\" content=\"Est. tempo de leitura\" \/>\n\t<meta name=\"twitter:data1\" content=\"2 minutos\" \/>\n<script type=\"application\/ld+json\" class=\"yoast-schema-graph\">{\"@context\":\"https:\/\/schema.org\",\"@graph\":[{\"@type\":\"WebPage\",\"@id\":\"https:\/\/www.robsonbarros.com\/fr\/biographie\/\",\"url\":\"https:\/\/www.robsonbarros.com\/fr\/biographie\/\",\"name\":\"BIOGRAFIA - Robson BARROS - ALMAZONIA\",\"isPartOf\":{\"@id\":\"https:\/\/www.robsonbarros.com\/#website\"},\"primaryImageOfPage\":{\"@id\":\"https:\/\/www.robsonbarros.com\/fr\/biographie\/#primaryimage\"},\"image\":{\"@id\":\"https:\/\/www.robsonbarros.com\/fr\/biographie\/#primaryimage\"},\"thumbnailUrl\":\"https:\/\/www.robsonbarros.com\/wp-content\/uploads\/elementor\/thumbs\/IMG_20210418_153841_972-qw67wnqxg36xkzgwxhfosq96cxvd5u9azrm7xs3mtc.jpg\",\"datePublished\":\"2024-04-03T12:30:50+00:00\",\"dateModified\":\"2024-11-17T18:36:51+00:00\",\"breadcrumb\":{\"@id\":\"https:\/\/www.robsonbarros.com\/fr\/biographie\/#breadcrumb\"},\"inLanguage\":\"pt-BR\",\"potentialAction\":[{\"@type\":\"ReadAction\",\"target\":[\"https:\/\/www.robsonbarros.com\/fr\/biographie\/\"]}]},{\"@type\":\"ImageObject\",\"inLanguage\":\"pt-BR\",\"@id\":\"https:\/\/www.robsonbarros.com\/fr\/biographie\/#primaryimage\",\"url\":\"https:\/\/www.robsonbarros.com\/wp-content\/uploads\/elementor\/thumbs\/IMG_20210418_153841_972-qw67wnqxg36xkzgwxhfosq96cxvd5u9azrm7xs3mtc.jpg\",\"contentUrl\":\"https:\/\/www.robsonbarros.com\/wp-content\/uploads\/elementor\/thumbs\/IMG_20210418_153841_972-qw67wnqxg36xkzgwxhfosq96cxvd5u9azrm7xs3mtc.jpg\"},{\"@type\":\"BreadcrumbList\",\"@id\":\"https:\/\/www.robsonbarros.com\/fr\/biographie\/#breadcrumb\",\"itemListElement\":[{\"@type\":\"ListItem\",\"position\":1,\"name\":\"Home\",\"item\":\"https:\/\/www.robsonbarros.com\/pt-br\/\"},{\"@type\":\"ListItem\",\"position\":2,\"name\":\"BIOGRAFIA\"}]},{\"@type\":\"WebSite\",\"@id\":\"https:\/\/www.robsonbarros.com\/#website\",\"url\":\"https:\/\/www.robsonbarros.com\/\",\"name\":\"Robson BARROS - ALMAZONIA\",\"description\":\"Visit the Robson Barros website\",\"publisher\":{\"@id\":\"https:\/\/www.robsonbarros.com\/#\/schema\/person\/a061c00cd8214ed6d75cd7a0874bf49f\"},\"potentialAction\":[{\"@type\":\"SearchAction\",\"target\":{\"@type\":\"EntryPoint\",\"urlTemplate\":\"https:\/\/www.robsonbarros.com\/?s={search_term_string}\"},\"query-input\":{\"@type\":\"PropertyValueSpecification\",\"valueRequired\":true,\"valueName\":\"search_term_string\"}}],\"inLanguage\":\"pt-BR\"},{\"@type\":[\"Person\",\"Organization\"],\"@id\":\"https:\/\/www.robsonbarros.com\/#\/schema\/person\/a061c00cd8214ed6d75cd7a0874bf49f\",\"name\":\"Robson BARROS\",\"image\":{\"@type\":\"ImageObject\",\"inLanguage\":\"pt-BR\",\"@id\":\"https:\/\/www.robsonbarros.com\/#\/schema\/person\/image\/\",\"url\":\"https:\/\/www.robsonbarros.com\/wp-content\/uploads\/2019\/07\/robson_barros_bass.jpg\",\"contentUrl\":\"https:\/\/www.robsonbarros.com\/wp-content\/uploads\/2019\/07\/robson_barros_bass.jpg\",\"width\":800,\"height\":800,\"caption\":\"Robson BARROS\"},\"logo\":{\"@id\":\"https:\/\/www.robsonbarros.com\/#\/schema\/person\/image\/\"}}]}<\/script>\n<!-- \/ Yoast SEO plugin. -->","yoast_head_json":{"title":"BIOGRAFIA - Robson BARROS - ALMAZONIA","robots":{"index":"index","follow":"follow","max-snippet":"max-snippet:-1","max-image-preview":"max-image-preview:large","max-video-preview":"max-video-preview:-1"},"canonical":"https:\/\/www.robsonbarros.com\/fr\/biographie\/","og_locale":"pt_BR","og_type":"article","og_title":"BIOGRAFIA - Robson BARROS - ALMAZONIA","og_description":"Biografia Uma Jornada Musical e Espiritual Robson Barros \u00e9 um dos m\u00fasicos brasileiros mais talentosos de sua gera\u00e7\u00e3o. Nascido no cora\u00e7\u00e3o da Amaz\u00f4nia, no Brasil, iniciou sua carreira musical aos 14 anos, tocando com a \u201cJazz Band Amazonia\u201d. Seu trabalho incorpora os melhores aspectos de uma verdadeira globaliza\u00e7\u00e3o cultural, fundindo jazz e ritmos do folclore [&hellip;]","og_url":"https:\/\/www.robsonbarros.com\/fr\/biographie\/","og_site_name":"Robson BARROS - ALMAZONIA","article_modified_time":"2024-11-17T18:36:51+00:00","og_image":[{"url":"https:\/\/www.robsonbarros.com\/wp-content\/uploads\/elementor\/thumbs\/IMG_20210418_153841_972-qw67wnqxg36xkzgwxhfosq96cxvd5u9azrm7xs3mtc.jpg","type":"","width":"","height":""}],"twitter_card":"summary_large_image","twitter_misc":{"Est. tempo de leitura":"2 minutos"},"schema":{"@context":"https:\/\/schema.org","@graph":[{"@type":"WebPage","@id":"https:\/\/www.robsonbarros.com\/fr\/biographie\/","url":"https:\/\/www.robsonbarros.com\/fr\/biographie\/","name":"BIOGRAFIA - Robson BARROS - ALMAZONIA","isPartOf":{"@id":"https:\/\/www.robsonbarros.com\/#website"},"primaryImageOfPage":{"@id":"https:\/\/www.robsonbarros.com\/fr\/biographie\/#primaryimage"},"image":{"@id":"https:\/\/www.robsonbarros.com\/fr\/biographie\/#primaryimage"},"thumbnailUrl":"https:\/\/www.robsonbarros.com\/wp-content\/uploads\/elementor\/thumbs\/IMG_20210418_153841_972-qw67wnqxg36xkzgwxhfosq96cxvd5u9azrm7xs3mtc.jpg","datePublished":"2024-04-03T12:30:50+00:00","dateModified":"2024-11-17T18:36:51+00:00","breadcrumb":{"@id":"https:\/\/www.robsonbarros.com\/fr\/biographie\/#breadcrumb"},"inLanguage":"pt-BR","potentialAction":[{"@type":"ReadAction","target":["https:\/\/www.robsonbarros.com\/fr\/biographie\/"]}]},{"@type":"ImageObject","inLanguage":"pt-BR","@id":"https:\/\/www.robsonbarros.com\/fr\/biographie\/#primaryimage","url":"https:\/\/www.robsonbarros.com\/wp-content\/uploads\/elementor\/thumbs\/IMG_20210418_153841_972-qw67wnqxg36xkzgwxhfosq96cxvd5u9azrm7xs3mtc.jpg","contentUrl":"https:\/\/www.robsonbarros.com\/wp-content\/uploads\/elementor\/thumbs\/IMG_20210418_153841_972-qw67wnqxg36xkzgwxhfosq96cxvd5u9azrm7xs3mtc.jpg"},{"@type":"BreadcrumbList","@id":"https:\/\/www.robsonbarros.com\/fr\/biographie\/#breadcrumb","itemListElement":[{"@type":"ListItem","position":1,"name":"Home","item":"https:\/\/www.robsonbarros.com\/pt-br\/"},{"@type":"ListItem","position":2,"name":"BIOGRAFIA"}]},{"@type":"WebSite","@id":"https:\/\/www.robsonbarros.com\/#website","url":"https:\/\/www.robsonbarros.com\/","name":"Robson BARROS - ALMAZONIA","description":"Visit the Robson Barros website","publisher":{"@id":"https:\/\/www.robsonbarros.com\/#\/schema\/person\/a061c00cd8214ed6d75cd7a0874bf49f"},"potentialAction":[{"@type":"SearchAction","target":{"@type":"EntryPoint","urlTemplate":"https:\/\/www.robsonbarros.com\/?s={search_term_string}"},"query-input":{"@type":"PropertyValueSpecification","valueRequired":true,"valueName":"search_term_string"}}],"inLanguage":"pt-BR"},{"@type":["Person","Organization"],"@id":"https:\/\/www.robsonbarros.com\/#\/schema\/person\/a061c00cd8214ed6d75cd7a0874bf49f","name":"Robson BARROS","image":{"@type":"ImageObject","inLanguage":"pt-BR","@id":"https:\/\/www.robsonbarros.com\/#\/schema\/person\/image\/","url":"https:\/\/www.robsonbarros.com\/wp-content\/uploads\/2019\/07\/robson_barros_bass.jpg","contentUrl":"https:\/\/www.robsonbarros.com\/wp-content\/uploads\/2019\/07\/robson_barros_bass.jpg","width":800,"height":800,"caption":"Robson BARROS"},"logo":{"@id":"https:\/\/www.robsonbarros.com\/#\/schema\/person\/image\/"}}]}},"_links":{"self":[{"href":"https:\/\/www.robsonbarros.com\/pt-br\/wp-json\/wp\/v2\/pages\/44238","targetHints":{"allow":["GET"]}}],"collection":[{"href":"https:\/\/www.robsonbarros.com\/pt-br\/wp-json\/wp\/v2\/pages"}],"about":[{"href":"https:\/\/www.robsonbarros.com\/pt-br\/wp-json\/wp\/v2\/types\/page"}],"author":[{"embeddable":true,"href":"https:\/\/www.robsonbarros.com\/pt-br\/wp-json\/wp\/v2\/users\/2"}],"replies":[{"embeddable":true,"href":"https:\/\/www.robsonbarros.com\/pt-br\/wp-json\/wp\/v2\/comments?post=44238"}],"version-history":[{"count":0,"href":"https:\/\/www.robsonbarros.com\/pt-br\/wp-json\/wp\/v2\/pages\/44238\/revisions"}],"wp:attachment":[{"href":"https:\/\/www.robsonbarros.com\/pt-br\/wp-json\/wp\/v2\/media?parent=44238"}],"curies":[{"name":"wp","href":"https:\/\/api.w.org\/{rel}","templated":true}]}}