{"id":44267,"date":"2024-04-04T13:33:32","date_gmt":"2024-04-04T13:33:32","guid":{"rendered":"https:\/\/www.robsonbarros.com\/?page_id=44267"},"modified":"2024-11-17T20:11:13","modified_gmt":"2024-11-17T20:11:13","slug":"metodo-tudsah","status":"publish","type":"page","link":"https:\/\/www.robsonbarros.com\/pt-br\/metodo-tudsah\/","title":{"rendered":"METODO TUDSAH"},"content":{"rendered":"\t\t<div data-elementor-type=\"wp-page\" data-elementor-id=\"44267\" class=\"elementor elementor-44267\" data-elementor-post-type=\"page\">\n\t\t\t\t<div class=\"elementor-element elementor-element-51415a4 e-flex e-con-boxed e-con e-parent\" data-id=\"51415a4\" data-element_type=\"container\">\n\t\t\t\t\t<div class=\"e-con-inner\">\n\t\t<div class=\"elementor-element elementor-element-38491f5 e-con-full e-flex e-con e-child\" data-id=\"38491f5\" data-element_type=\"container\">\n\t\t\t\t<div class=\"elementor-element elementor-element-7901dc2 elementor-widget elementor-widget-image\" data-id=\"7901dc2\" data-element_type=\"widget\" data-widget_type=\"image.default\">\n\t\t\t\t<div class=\"elementor-widget-container\">\n\t\t\t\t\t\t\t\t\t\t\t\t\t<img decoding=\"async\" src=\"https:\/\/www.robsonbarros.com\/wp-content\/uploads\/elementor\/thumbs\/OIG2.fPfe9l2h0R5dFTxE-qw67wdelrjcqbkh4qzqdrrfxdpethlnpc2eshn36ky.jpg\" title=\"OIG2.fPfe9l2h0R5dFTxE\" alt=\"\" loading=\"lazy\" \/>\t\t\t\t\t\t\t\t\t\t\t\t\t<\/div>\n\t\t\t\t<\/div>\n\t\t\t\t<\/div>\n\t\t<div class=\"elementor-element elementor-element-e291ab4 e-con-full e-flex e-con e-child\" data-id=\"e291ab4\" data-element_type=\"container\">\n\t\t\t\t<div class=\"elementor-element elementor-element-1d390f0 elementor-widget elementor-widget-heading\" data-id=\"1d390f0\" data-element_type=\"widget\" data-widget_type=\"heading.default\">\n\t\t\t\t<div class=\"elementor-widget-container\">\n\t\t\t<h1 class=\"elementor-heading-title elementor-size-default\">Metodo TUDSAH<\/h1>\t\t<\/div>\n\t\t\t\t<\/div>\n\t\t\t\t<div class=\"elementor-element elementor-element-aca5078 elementor-widget elementor-widget-text-editor\" data-id=\"aca5078\" data-element_type=\"widget\" data-widget_type=\"text-editor.default\">\n\t\t\t\t<div class=\"elementor-widget-container\">\n\t\t\t\t\t\t\t<p>O m\u00e9todo TUDSAH \u00e9 uma abordagem espiritual que utiliza o som e a m\u00fasica como ferramentas de transforma\u00e7\u00e3o e cura. Criado por Robson Barros, um m\u00fasico e pesquisador brasileiro, o TUDSAH busca restaurar o car\u00e1ter sagrado e m\u00e1gico da m\u00fasica. O nome \u00e9 um acr\u00f4nimo para \u201cTh\u00e9rapie Universelle De Son Alchimique Holographique\u201d, que traduz a ideia de que o som \u00e9 uma for\u00e7a universal capaz de transformar a mat\u00e9ria e criar formas hologr\u00e1ficas.<\/p>\t\t\t\t\t\t<\/div>\n\t\t\t\t<\/div>\n\t\t\t\t<div class=\"elementor-element elementor-element-742ec46 elementor-widget elementor-widget-button\" data-id=\"742ec46\" data-element_type=\"widget\" data-widget_type=\"button.default\">\n\t\t\t\t<div class=\"elementor-widget-container\">\n\t\t\t\t\t<div class=\"elementor-button-wrapper\">\n\t\t\t<a class=\"elementor-button elementor-button-link elementor-size-sm\" href=\"https:\/\/www.robsonbarros.com\/pt-br\/shop\/metodo-tudash\">\n\t\t\t\t\t\t<span class=\"elementor-button-content-wrapper\">\n\t\t\t\t\t\t<span class=\"elementor-button-icon\">\n\t\t\t\t<svg aria-hidden=\"true\" class=\"e-font-icon-svg e-fas-info-circle\" viewBox=\"0 0 512 512\" xmlns=\"http:\/\/www.w3.org\/2000\/svg\"><path d=\"M256 8C119.043 8 8 119.083 8 256c0 136.997 111.043 248 248 248s248-111.003 248-248C504 119.083 392.957 8 256 8zm0 110c23.196 0 42 18.804 42 42s-18.804 42-42 42-42-18.804-42-42 18.804-42 42-42zm56 254c0 6.627-5.373 12-12 12h-88c-6.627 0-12-5.373-12-12v-24c0-6.627 5.373-12 12-12h12v-64h-12c-6.627 0-12-5.373-12-12v-24c0-6.627 5.373-12 12-12h64c6.627 0 12 5.373 12 12v100h12c6.627 0 12 5.373 12 12v24z\"><\/path><\/svg>\t\t\t<\/span>\n\t\t\t\t\t\t\t\t\t<span class=\"elementor-button-text\">Saiba mais<\/span>\n\t\t\t\t\t<\/span>\n\t\t\t\t\t<\/a>\n\t\t<\/div>\n\t\t\t\t<\/div>\n\t\t\t\t<\/div>\n\t\t\t\t<\/div>\n\t\t\t\t\t<\/div>\n\t\t\t\t<\/div>\n\t\t\t\t<\/div>\n\t\t","protected":false},"excerpt":{"rendered":"<p>Metodo TUDSAH O m\u00e9todo TUDSAH \u00e9 uma abordagem espiritual que utiliza o som e a m\u00fasica como ferramentas de transforma\u00e7\u00e3o e cura. Criado por Robson Barros, um m\u00fasico e pesquisador brasileiro, o TUDSAH busca restaurar o car\u00e1ter sagrado e m\u00e1gico da m\u00fasica. O nome \u00e9 um acr\u00f4nimo para \u201cTh\u00e9rapie Universelle De Son Alchimique Holographique\u201d, que [&hellip;]<\/p>\n","protected":false},"author":2,"featured_media":0,"parent":0,"menu_order":0,"comment_status":"closed","ping_status":"closed","template":"","meta":{"footnotes":""},"class_list":["post-44267","page","type-page","status-publish","hentry"],"yoast_head":"<!-- This site is optimized with the Yoast SEO plugin v24.0 - https:\/\/yoast.com\/wordpress\/plugins\/seo\/ -->\n<title>METODO TUDSAH - Robson BARROS - ALMAZONIA<\/title>\n<meta name=\"robots\" content=\"index, follow, max-snippet:-1, max-image-preview:large, max-video-preview:-1\" \/>\n<link rel=\"canonical\" href=\"https:\/\/www.robsonbarros.com\/pt-br\/metodo-tudsah\/\" \/>\n<meta property=\"og:locale\" content=\"pt_BR\" \/>\n<meta property=\"og:type\" content=\"article\" \/>\n<meta property=\"og:title\" content=\"METODO TUDSAH - Robson BARROS - ALMAZONIA\" \/>\n<meta property=\"og:description\" content=\"Metodo TUDSAH O m\u00e9todo TUDSAH \u00e9 uma abordagem espiritual que utiliza o som e a m\u00fasica como ferramentas de transforma\u00e7\u00e3o e cura. Criado por Robson Barros, um m\u00fasico e pesquisador brasileiro, o TUDSAH busca restaurar o car\u00e1ter sagrado e m\u00e1gico da m\u00fasica. O nome \u00e9 um acr\u00f4nimo para \u201cTh\u00e9rapie Universelle De Son Alchimique Holographique\u201d, que [&hellip;]\" \/>\n<meta property=\"og:url\" content=\"https:\/\/www.robsonbarros.com\/pt-br\/metodo-tudsah\/\" \/>\n<meta property=\"og:site_name\" content=\"Robson BARROS - ALMAZONIA\" \/>\n<meta property=\"article:modified_time\" content=\"2024-11-17T20:11:13+00:00\" \/>\n<meta property=\"og:image\" content=\"https:\/\/www.robsonbarros.com\/wp-content\/uploads\/elementor\/thumbs\/OIG2.fPfe9l2h0R5dFTxE-qw67wdelrjcqbkh4qzqdrrfxdpethlnpc2esaxyjgg.jpg\" \/>\n<meta name=\"twitter:card\" content=\"summary_large_image\" \/>\n<meta name=\"twitter:label1\" content=\"Est. tempo de leitura\" \/>\n\t<meta name=\"twitter:data1\" content=\"1 minuto\" \/>\n<script type=\"application\/ld+json\" class=\"yoast-schema-graph\">{\"@context\":\"https:\/\/schema.org\",\"@graph\":[{\"@type\":\"WebPage\",\"@id\":\"https:\/\/www.robsonbarros.com\/pt-br\/metodo-tudsah\/\",\"url\":\"https:\/\/www.robsonbarros.com\/pt-br\/metodo-tudsah\/\",\"name\":\"METODO TUDSAH - Robson BARROS - ALMAZONIA\",\"isPartOf\":{\"@id\":\"https:\/\/www.robsonbarros.com\/#website\"},\"primaryImageOfPage\":{\"@id\":\"https:\/\/www.robsonbarros.com\/pt-br\/metodo-tudsah\/#primaryimage\"},\"image\":{\"@id\":\"https:\/\/www.robsonbarros.com\/pt-br\/metodo-tudsah\/#primaryimage\"},\"thumbnailUrl\":\"https:\/\/www.robsonbarros.com\/wp-content\/uploads\/elementor\/thumbs\/OIG2.fPfe9l2h0R5dFTxE-qw67wdelrjcqbkh4qzqdrrfxdpethlnpc2esaxyjgg.jpg\",\"datePublished\":\"2024-04-04T13:33:32+00:00\",\"dateModified\":\"2024-11-17T20:11:13+00:00\",\"breadcrumb\":{\"@id\":\"https:\/\/www.robsonbarros.com\/pt-br\/metodo-tudsah\/#breadcrumb\"},\"inLanguage\":\"pt-BR\",\"potentialAction\":[{\"@type\":\"ReadAction\",\"target\":[\"https:\/\/www.robsonbarros.com\/pt-br\/metodo-tudsah\/\"]}]},{\"@type\":\"ImageObject\",\"inLanguage\":\"pt-BR\",\"@id\":\"https:\/\/www.robsonbarros.com\/pt-br\/metodo-tudsah\/#primaryimage\",\"url\":\"https:\/\/www.robsonbarros.com\/wp-content\/uploads\/elementor\/thumbs\/OIG2.fPfe9l2h0R5dFTxE-qw67wdelrjcqbkh4qzqdrrfxdpethlnpc2esaxyjgg.jpg\",\"contentUrl\":\"https:\/\/www.robsonbarros.com\/wp-content\/uploads\/elementor\/thumbs\/OIG2.fPfe9l2h0R5dFTxE-qw67wdelrjcqbkh4qzqdrrfxdpethlnpc2esaxyjgg.jpg\"},{\"@type\":\"BreadcrumbList\",\"@id\":\"https:\/\/www.robsonbarros.com\/pt-br\/metodo-tudsah\/#breadcrumb\",\"itemListElement\":[{\"@type\":\"ListItem\",\"position\":1,\"name\":\"Home\",\"item\":\"https:\/\/www.robsonbarros.com\/pt-br\/\"},{\"@type\":\"ListItem\",\"position\":2,\"name\":\"METODO TUDSAH\"}]},{\"@type\":\"WebSite\",\"@id\":\"https:\/\/www.robsonbarros.com\/#website\",\"url\":\"https:\/\/www.robsonbarros.com\/\",\"name\":\"Robson BARROS - ALMAZONIA\",\"description\":\"Visit the Robson Barros website\",\"publisher\":{\"@id\":\"https:\/\/www.robsonbarros.com\/#\/schema\/person\/a061c00cd8214ed6d75cd7a0874bf49f\"},\"potentialAction\":[{\"@type\":\"SearchAction\",\"target\":{\"@type\":\"EntryPoint\",\"urlTemplate\":\"https:\/\/www.robsonbarros.com\/?s={search_term_string}\"},\"query-input\":{\"@type\":\"PropertyValueSpecification\",\"valueRequired\":true,\"valueName\":\"search_term_string\"}}],\"inLanguage\":\"pt-BR\"},{\"@type\":[\"Person\",\"Organization\"],\"@id\":\"https:\/\/www.robsonbarros.com\/#\/schema\/person\/a061c00cd8214ed6d75cd7a0874bf49f\",\"name\":\"Robson BARROS\",\"image\":{\"@type\":\"ImageObject\",\"inLanguage\":\"pt-BR\",\"@id\":\"https:\/\/www.robsonbarros.com\/#\/schema\/person\/image\/\",\"url\":\"https:\/\/www.robsonbarros.com\/wp-content\/uploads\/2019\/07\/robson_barros_bass.jpg\",\"contentUrl\":\"https:\/\/www.robsonbarros.com\/wp-content\/uploads\/2019\/07\/robson_barros_bass.jpg\",\"width\":800,\"height\":800,\"caption\":\"Robson BARROS\"},\"logo\":{\"@id\":\"https:\/\/www.robsonbarros.com\/#\/schema\/person\/image\/\"}}]}<\/script>\n<!-- \/ Yoast SEO plugin. -->","yoast_head_json":{"title":"METODO TUDSAH - Robson BARROS - ALMAZONIA","robots":{"index":"index","follow":"follow","max-snippet":"max-snippet:-1","max-image-preview":"max-image-preview:large","max-video-preview":"max-video-preview:-1"},"canonical":"https:\/\/www.robsonbarros.com\/pt-br\/metodo-tudsah\/","og_locale":"pt_BR","og_type":"article","og_title":"METODO TUDSAH - Robson BARROS - ALMAZONIA","og_description":"Metodo TUDSAH O m\u00e9todo TUDSAH \u00e9 uma abordagem espiritual que utiliza o som e a m\u00fasica como ferramentas de transforma\u00e7\u00e3o e cura. Criado por Robson Barros, um m\u00fasico e pesquisador brasileiro, o TUDSAH busca restaurar o car\u00e1ter sagrado e m\u00e1gico da m\u00fasica. O nome \u00e9 um acr\u00f4nimo para \u201cTh\u00e9rapie Universelle De Son Alchimique Holographique\u201d, que [&hellip;]","og_url":"https:\/\/www.robsonbarros.com\/pt-br\/metodo-tudsah\/","og_site_name":"Robson BARROS - ALMAZONIA","article_modified_time":"2024-11-17T20:11:13+00:00","og_image":[{"url":"https:\/\/www.robsonbarros.com\/wp-content\/uploads\/elementor\/thumbs\/OIG2.fPfe9l2h0R5dFTxE-qw67wdelrjcqbkh4qzqdrrfxdpethlnpc2esaxyjgg.jpg","type":"","width":"","height":""}],"twitter_card":"summary_large_image","twitter_misc":{"Est. tempo de leitura":"1 minuto"},"schema":{"@context":"https:\/\/schema.org","@graph":[{"@type":"WebPage","@id":"https:\/\/www.robsonbarros.com\/pt-br\/metodo-tudsah\/","url":"https:\/\/www.robsonbarros.com\/pt-br\/metodo-tudsah\/","name":"METODO TUDSAH - Robson BARROS - ALMAZONIA","isPartOf":{"@id":"https:\/\/www.robsonbarros.com\/#website"},"primaryImageOfPage":{"@id":"https:\/\/www.robsonbarros.com\/pt-br\/metodo-tudsah\/#primaryimage"},"image":{"@id":"https:\/\/www.robsonbarros.com\/pt-br\/metodo-tudsah\/#primaryimage"},"thumbnailUrl":"https:\/\/www.robsonbarros.com\/wp-content\/uploads\/elementor\/thumbs\/OIG2.fPfe9l2h0R5dFTxE-qw67wdelrjcqbkh4qzqdrrfxdpethlnpc2esaxyjgg.jpg","datePublished":"2024-04-04T13:33:32+00:00","dateModified":"2024-11-17T20:11:13+00:00","breadcrumb":{"@id":"https:\/\/www.robsonbarros.com\/pt-br\/metodo-tudsah\/#breadcrumb"},"inLanguage":"pt-BR","potentialAction":[{"@type":"ReadAction","target":["https:\/\/www.robsonbarros.com\/pt-br\/metodo-tudsah\/"]}]},{"@type":"ImageObject","inLanguage":"pt-BR","@id":"https:\/\/www.robsonbarros.com\/pt-br\/metodo-tudsah\/#primaryimage","url":"https:\/\/www.robsonbarros.com\/wp-content\/uploads\/elementor\/thumbs\/OIG2.fPfe9l2h0R5dFTxE-qw67wdelrjcqbkh4qzqdrrfxdpethlnpc2esaxyjgg.jpg","contentUrl":"https:\/\/www.robsonbarros.com\/wp-content\/uploads\/elementor\/thumbs\/OIG2.fPfe9l2h0R5dFTxE-qw67wdelrjcqbkh4qzqdrrfxdpethlnpc2esaxyjgg.jpg"},{"@type":"BreadcrumbList","@id":"https:\/\/www.robsonbarros.com\/pt-br\/metodo-tudsah\/#breadcrumb","itemListElement":[{"@type":"ListItem","position":1,"name":"Home","item":"https:\/\/www.robsonbarros.com\/pt-br\/"},{"@type":"ListItem","position":2,"name":"METODO TUDSAH"}]},{"@type":"WebSite","@id":"https:\/\/www.robsonbarros.com\/#website","url":"https:\/\/www.robsonbarros.com\/","name":"Robson BARROS - ALMAZONIA","description":"Visit the Robson Barros website","publisher":{"@id":"https:\/\/www.robsonbarros.com\/#\/schema\/person\/a061c00cd8214ed6d75cd7a0874bf49f"},"potentialAction":[{"@type":"SearchAction","target":{"@type":"EntryPoint","urlTemplate":"https:\/\/www.robsonbarros.com\/?s={search_term_string}"},"query-input":{"@type":"PropertyValueSpecification","valueRequired":true,"valueName":"search_term_string"}}],"inLanguage":"pt-BR"},{"@type":["Person","Organization"],"@id":"https:\/\/www.robsonbarros.com\/#\/schema\/person\/a061c00cd8214ed6d75cd7a0874bf49f","name":"Robson BARROS","image":{"@type":"ImageObject","inLanguage":"pt-BR","@id":"https:\/\/www.robsonbarros.com\/#\/schema\/person\/image\/","url":"https:\/\/www.robsonbarros.com\/wp-content\/uploads\/2019\/07\/robson_barros_bass.jpg","contentUrl":"https:\/\/www.robsonbarros.com\/wp-content\/uploads\/2019\/07\/robson_barros_bass.jpg","width":800,"height":800,"caption":"Robson BARROS"},"logo":{"@id":"https:\/\/www.robsonbarros.com\/#\/schema\/person\/image\/"}}]}},"_links":{"self":[{"href":"https:\/\/www.robsonbarros.com\/pt-br\/wp-json\/wp\/v2\/pages\/44267","targetHints":{"allow":["GET"]}}],"collection":[{"href":"https:\/\/www.robsonbarros.com\/pt-br\/wp-json\/wp\/v2\/pages"}],"about":[{"href":"https:\/\/www.robsonbarros.com\/pt-br\/wp-json\/wp\/v2\/types\/page"}],"author":[{"embeddable":true,"href":"https:\/\/www.robsonbarros.com\/pt-br\/wp-json\/wp\/v2\/users\/2"}],"replies":[{"embeddable":true,"href":"https:\/\/www.robsonbarros.com\/pt-br\/wp-json\/wp\/v2\/comments?post=44267"}],"version-history":[{"count":0,"href":"https:\/\/www.robsonbarros.com\/pt-br\/wp-json\/wp\/v2\/pages\/44267\/revisions"}],"wp:attachment":[{"href":"https:\/\/www.robsonbarros.com\/pt-br\/wp-json\/wp\/v2\/media?parent=44267"}],"curies":[{"name":"wp","href":"https:\/\/api.w.org\/{rel}","templated":true}]}}