{"id":44815,"date":"2024-11-16T10:46:05","date_gmt":"2024-11-16T10:46:05","guid":{"rendered":"https:\/\/www.robsonbarros.com\/?page_id=44815"},"modified":"2025-12-05T14:02:43","modified_gmt":"2025-12-05T14:02:43","slug":"merkabah-musical","status":"publish","type":"page","link":"https:\/\/www.robsonbarros.com\/pt-br\/merkabah-musical\/","title":{"rendered":"MERKABAH MUSICAL"},"content":{"rendered":"\t\t<div data-elementor-type=\"wp-page\" data-elementor-id=\"44815\" class=\"elementor elementor-44815\" data-elementor-post-type=\"page\">\n\t\t\t\t<div class=\"elementor-element elementor-element-cec2f97 e-flex e-con-boxed e-con e-parent\" data-id=\"cec2f97\" data-element_type=\"container\">\n\t\t\t\t\t<div class=\"e-con-inner\">\n\t\t<div class=\"elementor-element elementor-element-fd99a85 e-con-full e-flex e-con e-child\" data-id=\"fd99a85\" data-element_type=\"container\">\n\t\t\t\t<div class=\"elementor-element elementor-element-6d65b45 elementor-widget elementor-widget-image\" data-id=\"6d65b45\" data-element_type=\"widget\" data-widget_type=\"image.default\">\n\t\t\t\t<div class=\"elementor-widget-container\">\n\t\t\t\t\t\t\t\t\t\t\t\t\t<img decoding=\"async\" src=\"https:\/\/www.robsonbarros.com\/wp-content\/uploads\/elementor\/thumbs\/merkabah-RB-qx2fmz0svhf231b5oas74zx1md89omwzbcna0fhmy8.jpg\" title=\"merkabah-RB\" alt=\"\" loading=\"lazy\" \/>\t\t\t\t\t\t\t\t\t\t\t\t\t<\/div>\n\t\t\t\t<\/div>\n\t\t\t\t<\/div>\n\t\t<div class=\"elementor-element elementor-element-59e423a e-con-full e-flex e-con e-child\" data-id=\"59e423a\" data-element_type=\"container\">\n\t\t\t\t<div class=\"elementor-element elementor-element-ffded8c elementor-widget elementor-widget-heading\" data-id=\"ffded8c\" data-element_type=\"widget\" data-widget_type=\"heading.default\">\n\t\t\t\t<div class=\"elementor-widget-container\">\n\t\t\t<h1 class=\"elementor-heading-title elementor-size-default\">MERKABAH MUSICAL<\/h1>\t\t<\/div>\n\t\t\t\t<\/div>\n\t\t\t\t<div class=\"elementor-element elementor-element-488b41e elementor-widget elementor-widget-heading\" data-id=\"488b41e\" data-element_type=\"widget\" data-widget_type=\"heading.default\">\n\t\t\t\t<div class=\"elementor-widget-container\">\n\t\t\t<h2 class=\"elementor-heading-title elementor-size-default\">Mergulhe na Experi\u00eancia do Merkabah Musical e Eleve sua Consci\u00eancia Interior.<\/h2>\t\t<\/div>\n\t\t\t\t<\/div>\n\t\t\t\t<div class=\"elementor-element elementor-element-a912ec4 elementor-widget elementor-widget-text-editor\" data-id=\"a912ec4\" data-element_type=\"widget\" data-widget_type=\"text-editor.default\">\n\t\t\t\t<div class=\"elementor-widget-container\">\n\t\t\t\t\t\t\t<p>Idealizado por <span style=\"color: #ffffff;\"><a style=\"color: #ffffff;\" href=\"https:\/\/instagram.com\/robsonbarrosbass\" target=\"_blank\" rel=\"noopener\">Robson Barros<\/a><\/span>, o Merkabah Musical \u00e9 muito mais que uma simples audi\u00e7\u00e3o: \u00e9 uma jornada imersiva que une m\u00fasica e espiritualidade. Guiado por paisagens sonoras concebidas para despertar paz, harmonia e introspec\u00e7\u00e3o, o Merkabah Musical convida voc\u00ea a uma profunda conex\u00e3o com seu universo interior, proporcionando uma verdadeira transforma\u00e7\u00e3o do seu bem-estar espiritual.<\/p>\t\t\t\t\t\t<\/div>\n\t\t\t\t<\/div>\n\t\t\t\t<div class=\"elementor-element elementor-element-4948247 elementor-widget elementor-widget-button\" data-id=\"4948247\" data-element_type=\"widget\" data-widget_type=\"button.default\">\n\t\t\t\t<div class=\"elementor-widget-container\">\n\t\t\t\t\t<div class=\"elementor-button-wrapper\">\n\t\t\t<a class=\"elementor-button elementor-button-link elementor-size-sm\" href=\"https:\/\/www.robsonbarros.com\/pt-br\/shop\/merkabah-musical\/\">\n\t\t\t\t\t\t<span class=\"elementor-button-content-wrapper\">\n\t\t\t\t\t\t<span class=\"elementor-button-icon\">\n\t\t\t\t<svg aria-hidden=\"true\" class=\"e-font-icon-svg e-fas-info-circle\" viewBox=\"0 0 512 512\" xmlns=\"http:\/\/www.w3.org\/2000\/svg\"><path d=\"M256 8C119.043 8 8 119.083 8 256c0 136.997 111.043 248 248 248s248-111.003 248-248C504 119.083 392.957 8 256 8zm0 110c23.196 0 42 18.804 42 42s-18.804 42-42 42-42-18.804-42-42 18.804-42 42-42zm56 254c0 6.627-5.373 12-12 12h-88c-6.627 0-12-5.373-12-12v-24c0-6.627 5.373-12 12-12h12v-64h-12c-6.627 0-12-5.373-12-12v-24c0-6.627 5.373-12 12-12h64c6.627 0 12 5.373 12 12v100h12c6.627 0 12 5.373 12 12v24z\"><\/path><\/svg>\t\t\t<\/span>\n\t\t\t\t\t\t\t\t\t<span class=\"elementor-button-text\">Saiba mais<\/span>\n\t\t\t\t\t<\/span>\n\t\t\t\t\t<\/a>\n\t\t<\/div>\n\t\t\t\t<\/div>\n\t\t\t\t<\/div>\n\t\t\t\t<\/div>\n\t\t\t\t\t<\/div>\n\t\t\t\t<\/div>\n\t\t\t\t<\/div>\n\t\t","protected":false},"excerpt":{"rendered":"<p><strong>Mergulhe na Experi\u00eancia do Merkabah Musical e Eleve sua Consci\u00eancia Interior.<\/strong><\/p>\n<p>Idealizado por Robson Barros, o Merkabah Musical \u00e9 muito mais que uma simples audi\u00e7\u00e3o: \u00e9 uma jornada imersiva que une m\u00fasica e espiritualidade. Guiado por paisagens sonoras concebidas para despertar paz, harmonia e introspec\u00e7\u00e3o, o Merkabah Musical convida voc\u00ea a uma profunda conex\u00e3o com seu universo interior, proporcionando uma verdadeira transforma\u00e7\u00e3o do seu bem-estar espiritual.<\/p>\n","protected":false},"author":1,"featured_media":0,"parent":0,"menu_order":0,"comment_status":"closed","ping_status":"closed","template":"","meta":{"footnotes":""},"class_list":["post-44815","page","type-page","status-publish","hentry"],"yoast_head":"<!-- This site is optimized with the Yoast SEO plugin v24.0 - https:\/\/yoast.com\/wordpress\/plugins\/seo\/ -->\n<title>Merkabah Musical. M\u00fasica Exclusiva e Transformadora para Voc\u00ea<\/title>\n<meta name=\"description\" content=\"Merkabah Musical \u00e9 uma composi\u00e7\u00e3o exclusiva criada a partir da data de nascimento, transformando informa\u00e7\u00f5es pessoais em m\u00fasica vibracional \u00fanica para expans\u00e3o da consci\u00eancia e bem-estar.\" \/>\n<meta name=\"robots\" content=\"index, follow, max-snippet:-1, max-image-preview:large, max-video-preview:-1\" \/>\n<link rel=\"canonical\" href=\"https:\/\/www.robsonbarros.com\/pt-br\/merkabah-musical\/\" \/>\n<meta property=\"og:locale\" content=\"pt_BR\" \/>\n<meta property=\"og:type\" content=\"article\" \/>\n<meta property=\"og:title\" content=\"Merkabah Musical. M\u00fasica Exclusiva e Transformadora para Voc\u00ea\" \/>\n<meta property=\"og:description\" content=\"Merkabah Musical \u00e9 uma composi\u00e7\u00e3o exclusiva criada a partir da data de nascimento, transformando informa\u00e7\u00f5es pessoais em m\u00fasica vibracional \u00fanica para expans\u00e3o da consci\u00eancia e bem-estar.\" \/>\n<meta property=\"og:url\" content=\"https:\/\/www.robsonbarros.com\/pt-br\/merkabah-musical\/\" \/>\n<meta property=\"og:site_name\" content=\"Robson BARROS - ALMAZONIA\" \/>\n<meta property=\"article:modified_time\" content=\"2025-12-05T14:02:43+00:00\" \/>\n<meta property=\"og:image\" content=\"https:\/\/www.robsonbarros.com\/wp-content\/uploads\/elementor\/thumbs\/merkabah-RB-qx2fmz0svhf231b5oas74zx1md89omwzbcna0fhmy8.jpg\" \/>\n<meta name=\"twitter:card\" content=\"summary_large_image\" \/>\n<meta name=\"twitter:label1\" content=\"Est. tempo de leitura\" \/>\n\t<meta name=\"twitter:data1\" content=\"1 minuto\" \/>\n<script type=\"application\/ld+json\" class=\"yoast-schema-graph\">{\"@context\":\"https:\/\/schema.org\",\"@graph\":[{\"@type\":\"WebPage\",\"@id\":\"https:\/\/www.robsonbarros.com\/pt-br\/merkabah-musical\/\",\"url\":\"https:\/\/www.robsonbarros.com\/pt-br\/merkabah-musical\/\",\"name\":\"Merkabah Musical. M\u00fasica Exclusiva e Transformadora para Voc\u00ea\",\"isPartOf\":{\"@id\":\"https:\/\/www.robsonbarros.com\/#website\"},\"primaryImageOfPage\":{\"@id\":\"https:\/\/www.robsonbarros.com\/pt-br\/merkabah-musical\/#primaryimage\"},\"image\":{\"@id\":\"https:\/\/www.robsonbarros.com\/pt-br\/merkabah-musical\/#primaryimage\"},\"thumbnailUrl\":\"https:\/\/www.robsonbarros.com\/wp-content\/uploads\/elementor\/thumbs\/merkabah-RB-qx2fmz0svhf231b5oas74zx1md89omwzbcna0fhmy8.jpg\",\"datePublished\":\"2024-11-16T10:46:05+00:00\",\"dateModified\":\"2025-12-05T14:02:43+00:00\",\"description\":\"Merkabah Musical \u00e9 uma composi\u00e7\u00e3o exclusiva criada a partir da data de nascimento, transformando informa\u00e7\u00f5es pessoais em m\u00fasica vibracional \u00fanica para expans\u00e3o da consci\u00eancia e bem-estar.\",\"breadcrumb\":{\"@id\":\"https:\/\/www.robsonbarros.com\/pt-br\/merkabah-musical\/#breadcrumb\"},\"inLanguage\":\"pt-BR\",\"potentialAction\":[{\"@type\":\"ReadAction\",\"target\":[\"https:\/\/www.robsonbarros.com\/pt-br\/merkabah-musical\/\"]}]},{\"@type\":\"ImageObject\",\"inLanguage\":\"pt-BR\",\"@id\":\"https:\/\/www.robsonbarros.com\/pt-br\/merkabah-musical\/#primaryimage\",\"url\":\"https:\/\/www.robsonbarros.com\/wp-content\/uploads\/elementor\/thumbs\/merkabah-RB-qx2fmz0svhf231b5oas74zx1md89omwzbcna0fhmy8.jpg\",\"contentUrl\":\"https:\/\/www.robsonbarros.com\/wp-content\/uploads\/elementor\/thumbs\/merkabah-RB-qx2fmz0svhf231b5oas74zx1md89omwzbcna0fhmy8.jpg\"},{\"@type\":\"BreadcrumbList\",\"@id\":\"https:\/\/www.robsonbarros.com\/pt-br\/merkabah-musical\/#breadcrumb\",\"itemListElement\":[{\"@type\":\"ListItem\",\"position\":1,\"name\":\"Home\",\"item\":\"https:\/\/www.robsonbarros.com\/pt-br\/\"},{\"@type\":\"ListItem\",\"position\":2,\"name\":\"MERKABAH MUSICAL\"}]},{\"@type\":\"WebSite\",\"@id\":\"https:\/\/www.robsonbarros.com\/#website\",\"url\":\"https:\/\/www.robsonbarros.com\/\",\"name\":\"Robson BARROS - ALMAZONIA\",\"description\":\"Visit the Robson Barros website\",\"publisher\":{\"@id\":\"https:\/\/www.robsonbarros.com\/#\/schema\/person\/a061c00cd8214ed6d75cd7a0874bf49f\"},\"potentialAction\":[{\"@type\":\"SearchAction\",\"target\":{\"@type\":\"EntryPoint\",\"urlTemplate\":\"https:\/\/www.robsonbarros.com\/?s={search_term_string}\"},\"query-input\":{\"@type\":\"PropertyValueSpecification\",\"valueRequired\":true,\"valueName\":\"search_term_string\"}}],\"inLanguage\":\"pt-BR\"},{\"@type\":[\"Person\",\"Organization\"],\"@id\":\"https:\/\/www.robsonbarros.com\/#\/schema\/person\/a061c00cd8214ed6d75cd7a0874bf49f\",\"name\":\"Robson BARROS\",\"image\":{\"@type\":\"ImageObject\",\"inLanguage\":\"pt-BR\",\"@id\":\"https:\/\/www.robsonbarros.com\/#\/schema\/person\/image\/\",\"url\":\"https:\/\/www.robsonbarros.com\/wp-content\/uploads\/2019\/07\/robson_barros_bass.jpg\",\"contentUrl\":\"https:\/\/www.robsonbarros.com\/wp-content\/uploads\/2019\/07\/robson_barros_bass.jpg\",\"width\":800,\"height\":800,\"caption\":\"Robson BARROS\"},\"logo\":{\"@id\":\"https:\/\/www.robsonbarros.com\/#\/schema\/person\/image\/\"}}]}<\/script>\n<!-- \/ Yoast SEO plugin. -->","yoast_head_json":{"title":"Merkabah Musical. M\u00fasica Exclusiva e Transformadora para Voc\u00ea","description":"Merkabah Musical \u00e9 uma composi\u00e7\u00e3o exclusiva criada a partir da data de nascimento, transformando informa\u00e7\u00f5es pessoais em m\u00fasica vibracional \u00fanica para expans\u00e3o da consci\u00eancia e bem-estar.","robots":{"index":"index","follow":"follow","max-snippet":"max-snippet:-1","max-image-preview":"max-image-preview:large","max-video-preview":"max-video-preview:-1"},"canonical":"https:\/\/www.robsonbarros.com\/pt-br\/merkabah-musical\/","og_locale":"pt_BR","og_type":"article","og_title":"Merkabah Musical. M\u00fasica Exclusiva e Transformadora para Voc\u00ea","og_description":"Merkabah Musical \u00e9 uma composi\u00e7\u00e3o exclusiva criada a partir da data de nascimento, transformando informa\u00e7\u00f5es pessoais em m\u00fasica vibracional \u00fanica para expans\u00e3o da consci\u00eancia e bem-estar.","og_url":"https:\/\/www.robsonbarros.com\/pt-br\/merkabah-musical\/","og_site_name":"Robson BARROS - ALMAZONIA","article_modified_time":"2025-12-05T14:02:43+00:00","og_image":[{"url":"https:\/\/www.robsonbarros.com\/wp-content\/uploads\/elementor\/thumbs\/merkabah-RB-qx2fmz0svhf231b5oas74zx1md89omwzbcna0fhmy8.jpg","type":"","width":"","height":""}],"twitter_card":"summary_large_image","twitter_misc":{"Est. tempo de leitura":"1 minuto"},"schema":{"@context":"https:\/\/schema.org","@graph":[{"@type":"WebPage","@id":"https:\/\/www.robsonbarros.com\/pt-br\/merkabah-musical\/","url":"https:\/\/www.robsonbarros.com\/pt-br\/merkabah-musical\/","name":"Merkabah Musical. M\u00fasica Exclusiva e Transformadora para Voc\u00ea","isPartOf":{"@id":"https:\/\/www.robsonbarros.com\/#website"},"primaryImageOfPage":{"@id":"https:\/\/www.robsonbarros.com\/pt-br\/merkabah-musical\/#primaryimage"},"image":{"@id":"https:\/\/www.robsonbarros.com\/pt-br\/merkabah-musical\/#primaryimage"},"thumbnailUrl":"https:\/\/www.robsonbarros.com\/wp-content\/uploads\/elementor\/thumbs\/merkabah-RB-qx2fmz0svhf231b5oas74zx1md89omwzbcna0fhmy8.jpg","datePublished":"2024-11-16T10:46:05+00:00","dateModified":"2025-12-05T14:02:43+00:00","description":"Merkabah Musical \u00e9 uma composi\u00e7\u00e3o exclusiva criada a partir da data de nascimento, transformando informa\u00e7\u00f5es pessoais em m\u00fasica vibracional \u00fanica para expans\u00e3o da consci\u00eancia e bem-estar.","breadcrumb":{"@id":"https:\/\/www.robsonbarros.com\/pt-br\/merkabah-musical\/#breadcrumb"},"inLanguage":"pt-BR","potentialAction":[{"@type":"ReadAction","target":["https:\/\/www.robsonbarros.com\/pt-br\/merkabah-musical\/"]}]},{"@type":"ImageObject","inLanguage":"pt-BR","@id":"https:\/\/www.robsonbarros.com\/pt-br\/merkabah-musical\/#primaryimage","url":"https:\/\/www.robsonbarros.com\/wp-content\/uploads\/elementor\/thumbs\/merkabah-RB-qx2fmz0svhf231b5oas74zx1md89omwzbcna0fhmy8.jpg","contentUrl":"https:\/\/www.robsonbarros.com\/wp-content\/uploads\/elementor\/thumbs\/merkabah-RB-qx2fmz0svhf231b5oas74zx1md89omwzbcna0fhmy8.jpg"},{"@type":"BreadcrumbList","@id":"https:\/\/www.robsonbarros.com\/pt-br\/merkabah-musical\/#breadcrumb","itemListElement":[{"@type":"ListItem","position":1,"name":"Home","item":"https:\/\/www.robsonbarros.com\/pt-br\/"},{"@type":"ListItem","position":2,"name":"MERKABAH MUSICAL"}]},{"@type":"WebSite","@id":"https:\/\/www.robsonbarros.com\/#website","url":"https:\/\/www.robsonbarros.com\/","name":"Robson BARROS - ALMAZONIA","description":"Visit the Robson Barros website","publisher":{"@id":"https:\/\/www.robsonbarros.com\/#\/schema\/person\/a061c00cd8214ed6d75cd7a0874bf49f"},"potentialAction":[{"@type":"SearchAction","target":{"@type":"EntryPoint","urlTemplate":"https:\/\/www.robsonbarros.com\/?s={search_term_string}"},"query-input":{"@type":"PropertyValueSpecification","valueRequired":true,"valueName":"search_term_string"}}],"inLanguage":"pt-BR"},{"@type":["Person","Organization"],"@id":"https:\/\/www.robsonbarros.com\/#\/schema\/person\/a061c00cd8214ed6d75cd7a0874bf49f","name":"Robson BARROS","image":{"@type":"ImageObject","inLanguage":"pt-BR","@id":"https:\/\/www.robsonbarros.com\/#\/schema\/person\/image\/","url":"https:\/\/www.robsonbarros.com\/wp-content\/uploads\/2019\/07\/robson_barros_bass.jpg","contentUrl":"https:\/\/www.robsonbarros.com\/wp-content\/uploads\/2019\/07\/robson_barros_bass.jpg","width":800,"height":800,"caption":"Robson BARROS"},"logo":{"@id":"https:\/\/www.robsonbarros.com\/#\/schema\/person\/image\/"}}]}},"_links":{"self":[{"href":"https:\/\/www.robsonbarros.com\/pt-br\/wp-json\/wp\/v2\/pages\/44815","targetHints":{"allow":["GET"]}}],"collection":[{"href":"https:\/\/www.robsonbarros.com\/pt-br\/wp-json\/wp\/v2\/pages"}],"about":[{"href":"https:\/\/www.robsonbarros.com\/pt-br\/wp-json\/wp\/v2\/types\/page"}],"author":[{"embeddable":true,"href":"https:\/\/www.robsonbarros.com\/pt-br\/wp-json\/wp\/v2\/users\/1"}],"replies":[{"embeddable":true,"href":"https:\/\/www.robsonbarros.com\/pt-br\/wp-json\/wp\/v2\/comments?post=44815"}],"version-history":[{"count":1,"href":"https:\/\/www.robsonbarros.com\/pt-br\/wp-json\/wp\/v2\/pages\/44815\/revisions"}],"predecessor-version":[{"id":45841,"href":"https:\/\/www.robsonbarros.com\/pt-br\/wp-json\/wp\/v2\/pages\/44815\/revisions\/45841"}],"wp:attachment":[{"href":"https:\/\/www.robsonbarros.com\/pt-br\/wp-json\/wp\/v2\/media?parent=44815"}],"curies":[{"name":"wp","href":"https:\/\/api.w.org\/{rel}","templated":true}]}}