{"id":45226,"date":"2024-12-04T22:28:12","date_gmt":"2024-12-04T22:28:12","guid":{"rendered":"https:\/\/www.robsonbarros.com\/?post_type=product&#038;p=45226"},"modified":"2024-12-04T22:41:49","modified_gmt":"2024-12-04T22:41:49","slug":"almazonia-digital","status":"publish","type":"product","link":"https:\/\/www.robsonbarros.com\/pt-br\/shop\/almazonia-digital\/","title":{"rendered":"ALMAZONIA [DIGITAL]"},"content":{"rendered":"<p>Desde que <strong>Robson Barros<\/strong>\u00a0iniciou sua carreira no cora\u00e7\u00e3o da\u00a0<strong>Amaz\u00f4nia<\/strong>\u00a0h\u00e1 30 anos, ele n\u00e3o poderia estar mais conectado \u00e0s suas ra\u00edzes do que agora, enquanto vive, produz e comp\u00f5e no topo de uma montanha no sul da\u2026 Fran\u00e7a.\u00a0<strong>\u201cALMAZONIA\u201d<\/strong>\u00a0\u00e9 um \u00e1lbum que traz a suavidade do povo brasileiro combinada com a impetuosidade da floresta amaz\u00f4nica, em uma atmosfera pop, divertida e sofisticada como nunca antes vista. Ap\u00f3s tocar e compor com tantos artistas talentosos no jazz, bossa nova, soul e funk, Robson Barros alcan\u00e7ou uma conex\u00e3o mais profunda com sua m\u00fasica, desenvolvendo um sentido incomum dos atributos metaf\u00edsicos envolvidos na cria\u00e7\u00e3o de novos sons e, assim, encontrando sua pr\u00f3pria identidade e deixando sua marca em uma conquista musical \u00fanica.<\/p>\n<p><strong>\u201cALMAZONIA\u201d<\/strong>\u00a0\u00e9 uma jornada sonora que transcende fronteiras. Elementos de samba-jazz, funk, reggae e ritmos brasileiros muito regionais, como afox\u00e9, lundu e maracatu, podem ser ouvidos no \u00e1lbum. N\u00e3o de forma independente, mas como parte de uma engrenagem qu\u00e2ntica para grooves e melodias que tocam os cora\u00e7\u00f5es e almas daqueles que ouvem a m\u00fasica, revelando a\u00a0<strong>\u201cALMAZONIA\u201d<\/strong>\u00a0em cada um de n\u00f3s!\u00a0Harmonias ricas, melodias inesperadas e letras existencialistas afirmam a veia po\u00e9tica e o esfor\u00e7o musical universal por tr\u00e1s das oito\u00a0 faixas de <strong>\u201cALMAZONIA\u201d<\/strong> .<\/p>\n<h5>Line Up<\/h5>\n<p>Robson Barros: baixo, guitarra, vocal, composi\u00e7\u00e3o, letras<br \/>\nThibaud Dufoy: teclados<br \/>\nLorry Delatie: bateria, percuss\u00e3o, vocal<br \/>\nLaetitia Jana: vocal, letras<br \/>\nMauricio Sarfatis: percuss\u00e3o<br \/>\nJeffe Otto: bateria<br \/>\nAndr\u00e9 Da Silva: guitarra<\/p>\n<p><strong>Guests on \u00ab Algo Melhor \u00bb<\/strong><br \/>\nGw\u00e9na\u00eblle Peres : vocal<br \/>\nNicolas Gardel : trompete<br \/>\nValentin Perez : trombone<\/p>\n<p><strong>Baixe gratuitamente a primeira faixa do \u00e1lbum<\/strong><br \/>\n\u00bb <a href=\"https:\/\/www.robsonbarros.com\/shop\/almazonia-official-music-video\/\">ALMAZONIA<\/a><\/p>\n","protected":false},"excerpt":{"rendered":"<p>Digital album<br \/>\nSelo : independente<\/p>\n<p>ALMAZONIA<br \/>\nRobson Barros<\/p>\n","protected":false},"featured_media":44230,"template":"","meta":[],"product_cat":[168,167],"product_tag":[],"class_list":{"0":"post-45226","1":"product","2":"type-product","3":"status-publish","4":"has-post-thumbnail","6":"product_cat-album-pt-br","7":"product_cat-musica","9":"first","10":"instock","11":"sale","12":"downloadable","13":"virtual","14":"purchasable","15":"product-type-simple"},"yoast_head":"<!-- This site is optimized with the Yoast SEO plugin v24.0 - https:\/\/yoast.com\/wordpress\/plugins\/seo\/ -->\n<title>ALMAZONIA [DIGITAL] - Robson BARROS - ALMAZONIA<\/title>\n<meta name=\"robots\" content=\"index, follow, max-snippet:-1, max-image-preview:large, max-video-preview:-1\" \/>\n<link rel=\"canonical\" href=\"https:\/\/www.robsonbarros.com\/pt-br\/shop\/almazonia-digital\/\" \/>\n<meta property=\"og:locale\" content=\"pt_BR\" \/>\n<meta property=\"og:type\" content=\"article\" \/>\n<meta property=\"og:title\" content=\"ALMAZONIA [DIGITAL] - Robson BARROS - ALMAZONIA\" \/>\n<meta property=\"og:description\" content=\"Digital album Selo : independente  ALMAZONIA Robson Barros\" \/>\n<meta property=\"og:url\" content=\"https:\/\/www.robsonbarros.com\/pt-br\/shop\/almazonia-digital\/\" \/>\n<meta property=\"og:site_name\" content=\"Robson BARROS - ALMAZONIA\" \/>\n<meta property=\"article:modified_time\" content=\"2024-12-04T22:41:49+00:00\" \/>\n<meta property=\"og:image\" content=\"https:\/\/www.robsonbarros.com\/wp-content\/uploads\/2019\/07\/almazonia-robson-barros.jpg\" \/>\n\t<meta property=\"og:image:width\" content=\"1465\" \/>\n\t<meta property=\"og:image:height\" content=\"1488\" \/>\n\t<meta property=\"og:image:type\" content=\"image\/jpeg\" \/>\n<meta name=\"twitter:card\" content=\"summary_large_image\" \/>\n<meta name=\"twitter:label1\" content=\"Est. tempo de leitura\" \/>\n\t<meta name=\"twitter:data1\" content=\"2 minutos\" \/>\n<script type=\"application\/ld+json\" class=\"yoast-schema-graph\">{\"@context\":\"https:\/\/schema.org\",\"@graph\":[{\"@type\":\"WebPage\",\"@id\":\"https:\/\/www.robsonbarros.com\/pt-br\/shop\/almazonia-digital\/\",\"url\":\"https:\/\/www.robsonbarros.com\/pt-br\/shop\/almazonia-digital\/\",\"name\":\"ALMAZONIA [DIGITAL] - Robson BARROS - ALMAZONIA\",\"isPartOf\":{\"@id\":\"https:\/\/www.robsonbarros.com\/#website\"},\"primaryImageOfPage\":{\"@id\":\"https:\/\/www.robsonbarros.com\/pt-br\/shop\/almazonia-digital\/#primaryimage\"},\"image\":{\"@id\":\"https:\/\/www.robsonbarros.com\/pt-br\/shop\/almazonia-digital\/#primaryimage\"},\"thumbnailUrl\":\"https:\/\/www.robsonbarros.com\/wp-content\/uploads\/2019\/07\/almazonia-robson-barros.jpg\",\"datePublished\":\"2024-12-04T22:28:12+00:00\",\"dateModified\":\"2024-12-04T22:41:49+00:00\",\"breadcrumb\":{\"@id\":\"https:\/\/www.robsonbarros.com\/pt-br\/shop\/almazonia-digital\/#breadcrumb\"},\"inLanguage\":\"pt-BR\",\"potentialAction\":[{\"@type\":\"ReadAction\",\"target\":[\"https:\/\/www.robsonbarros.com\/pt-br\/shop\/almazonia-digital\/\"]}]},{\"@type\":\"ImageObject\",\"inLanguage\":\"pt-BR\",\"@id\":\"https:\/\/www.robsonbarros.com\/pt-br\/shop\/almazonia-digital\/#primaryimage\",\"url\":\"https:\/\/www.robsonbarros.com\/wp-content\/uploads\/2019\/07\/almazonia-robson-barros.jpg\",\"contentUrl\":\"https:\/\/www.robsonbarros.com\/wp-content\/uploads\/2019\/07\/almazonia-robson-barros.jpg\",\"width\":1465,\"height\":1488},{\"@type\":\"BreadcrumbList\",\"@id\":\"https:\/\/www.robsonbarros.com\/pt-br\/shop\/almazonia-digital\/#breadcrumb\",\"itemListElement\":[{\"@type\":\"ListItem\",\"position\":1,\"name\":\"Home\",\"item\":\"https:\/\/www.robsonbarros.com\/pt-br\/\"},{\"@type\":\"ListItem\",\"position\":2,\"name\":\"Shop\",\"item\":\"https:\/\/www.robsonbarros.com\/shop\/\"},{\"@type\":\"ListItem\",\"position\":3,\"name\":\"ALMAZONIA [DIGITAL]\"}]},{\"@type\":\"WebSite\",\"@id\":\"https:\/\/www.robsonbarros.com\/#website\",\"url\":\"https:\/\/www.robsonbarros.com\/\",\"name\":\"Robson BARROS - ALMAZONIA\",\"description\":\"Visit the Robson Barros website\",\"publisher\":{\"@id\":\"https:\/\/www.robsonbarros.com\/#\/schema\/person\/a061c00cd8214ed6d75cd7a0874bf49f\"},\"potentialAction\":[{\"@type\":\"SearchAction\",\"target\":{\"@type\":\"EntryPoint\",\"urlTemplate\":\"https:\/\/www.robsonbarros.com\/?s={search_term_string}\"},\"query-input\":{\"@type\":\"PropertyValueSpecification\",\"valueRequired\":true,\"valueName\":\"search_term_string\"}}],\"inLanguage\":\"pt-BR\"},{\"@type\":[\"Person\",\"Organization\"],\"@id\":\"https:\/\/www.robsonbarros.com\/#\/schema\/person\/a061c00cd8214ed6d75cd7a0874bf49f\",\"name\":\"Robson BARROS\",\"image\":{\"@type\":\"ImageObject\",\"inLanguage\":\"pt-BR\",\"@id\":\"https:\/\/www.robsonbarros.com\/#\/schema\/person\/image\/\",\"url\":\"https:\/\/www.robsonbarros.com\/wp-content\/uploads\/2019\/07\/robson_barros_bass.jpg\",\"contentUrl\":\"https:\/\/www.robsonbarros.com\/wp-content\/uploads\/2019\/07\/robson_barros_bass.jpg\",\"width\":800,\"height\":800,\"caption\":\"Robson BARROS\"},\"logo\":{\"@id\":\"https:\/\/www.robsonbarros.com\/#\/schema\/person\/image\/\"}}]}<\/script>\n<!-- \/ Yoast SEO plugin. -->","yoast_head_json":{"title":"ALMAZONIA [DIGITAL] - Robson BARROS - ALMAZONIA","robots":{"index":"index","follow":"follow","max-snippet":"max-snippet:-1","max-image-preview":"max-image-preview:large","max-video-preview":"max-video-preview:-1"},"canonical":"https:\/\/www.robsonbarros.com\/pt-br\/shop\/almazonia-digital\/","og_locale":"pt_BR","og_type":"article","og_title":"ALMAZONIA [DIGITAL] - Robson BARROS - ALMAZONIA","og_description":"Digital album Selo : independente  ALMAZONIA Robson Barros","og_url":"https:\/\/www.robsonbarros.com\/pt-br\/shop\/almazonia-digital\/","og_site_name":"Robson BARROS - ALMAZONIA","article_modified_time":"2024-12-04T22:41:49+00:00","og_image":[{"width":1465,"height":1488,"url":"https:\/\/www.robsonbarros.com\/wp-content\/uploads\/2019\/07\/almazonia-robson-barros.jpg","type":"image\/jpeg"}],"twitter_card":"summary_large_image","twitter_misc":{"Est. tempo de leitura":"2 minutos"},"schema":{"@context":"https:\/\/schema.org","@graph":[{"@type":"WebPage","@id":"https:\/\/www.robsonbarros.com\/pt-br\/shop\/almazonia-digital\/","url":"https:\/\/www.robsonbarros.com\/pt-br\/shop\/almazonia-digital\/","name":"ALMAZONIA [DIGITAL] - Robson BARROS - ALMAZONIA","isPartOf":{"@id":"https:\/\/www.robsonbarros.com\/#website"},"primaryImageOfPage":{"@id":"https:\/\/www.robsonbarros.com\/pt-br\/shop\/almazonia-digital\/#primaryimage"},"image":{"@id":"https:\/\/www.robsonbarros.com\/pt-br\/shop\/almazonia-digital\/#primaryimage"},"thumbnailUrl":"https:\/\/www.robsonbarros.com\/wp-content\/uploads\/2019\/07\/almazonia-robson-barros.jpg","datePublished":"2024-12-04T22:28:12+00:00","dateModified":"2024-12-04T22:41:49+00:00","breadcrumb":{"@id":"https:\/\/www.robsonbarros.com\/pt-br\/shop\/almazonia-digital\/#breadcrumb"},"inLanguage":"pt-BR","potentialAction":[{"@type":"ReadAction","target":["https:\/\/www.robsonbarros.com\/pt-br\/shop\/almazonia-digital\/"]}]},{"@type":"ImageObject","inLanguage":"pt-BR","@id":"https:\/\/www.robsonbarros.com\/pt-br\/shop\/almazonia-digital\/#primaryimage","url":"https:\/\/www.robsonbarros.com\/wp-content\/uploads\/2019\/07\/almazonia-robson-barros.jpg","contentUrl":"https:\/\/www.robsonbarros.com\/wp-content\/uploads\/2019\/07\/almazonia-robson-barros.jpg","width":1465,"height":1488},{"@type":"BreadcrumbList","@id":"https:\/\/www.robsonbarros.com\/pt-br\/shop\/almazonia-digital\/#breadcrumb","itemListElement":[{"@type":"ListItem","position":1,"name":"Home","item":"https:\/\/www.robsonbarros.com\/pt-br\/"},{"@type":"ListItem","position":2,"name":"Shop","item":"https:\/\/www.robsonbarros.com\/shop\/"},{"@type":"ListItem","position":3,"name":"ALMAZONIA [DIGITAL]"}]},{"@type":"WebSite","@id":"https:\/\/www.robsonbarros.com\/#website","url":"https:\/\/www.robsonbarros.com\/","name":"Robson BARROS - ALMAZONIA","description":"Visit the Robson Barros website","publisher":{"@id":"https:\/\/www.robsonbarros.com\/#\/schema\/person\/a061c00cd8214ed6d75cd7a0874bf49f"},"potentialAction":[{"@type":"SearchAction","target":{"@type":"EntryPoint","urlTemplate":"https:\/\/www.robsonbarros.com\/?s={search_term_string}"},"query-input":{"@type":"PropertyValueSpecification","valueRequired":true,"valueName":"search_term_string"}}],"inLanguage":"pt-BR"},{"@type":["Person","Organization"],"@id":"https:\/\/www.robsonbarros.com\/#\/schema\/person\/a061c00cd8214ed6d75cd7a0874bf49f","name":"Robson BARROS","image":{"@type":"ImageObject","inLanguage":"pt-BR","@id":"https:\/\/www.robsonbarros.com\/#\/schema\/person\/image\/","url":"https:\/\/www.robsonbarros.com\/wp-content\/uploads\/2019\/07\/robson_barros_bass.jpg","contentUrl":"https:\/\/www.robsonbarros.com\/wp-content\/uploads\/2019\/07\/robson_barros_bass.jpg","width":800,"height":800,"caption":"Robson BARROS"},"logo":{"@id":"https:\/\/www.robsonbarros.com\/#\/schema\/person\/image\/"}}]}},"_links":{"self":[{"href":"https:\/\/www.robsonbarros.com\/pt-br\/wp-json\/wp\/v2\/product\/45226","targetHints":{"allow":["GET"]}}],"collection":[{"href":"https:\/\/www.robsonbarros.com\/pt-br\/wp-json\/wp\/v2\/product"}],"about":[{"href":"https:\/\/www.robsonbarros.com\/pt-br\/wp-json\/wp\/v2\/types\/product"}],"version-history":[{"count":0,"href":"https:\/\/www.robsonbarros.com\/pt-br\/wp-json\/wp\/v2\/product\/45226\/revisions"}],"wp:featuredmedia":[{"embeddable":true,"href":"https:\/\/www.robsonbarros.com\/pt-br\/wp-json\/wp\/v2\/media\/44230"}],"wp:attachment":[{"href":"https:\/\/www.robsonbarros.com\/pt-br\/wp-json\/wp\/v2\/media?parent=45226"}],"wp:term":[{"taxonomy":"product_cat","embeddable":true,"href":"https:\/\/www.robsonbarros.com\/pt-br\/wp-json\/wp\/v2\/product_cat?post=45226"},{"taxonomy":"product_tag","embeddable":true,"href":"https:\/\/www.robsonbarros.com\/pt-br\/wp-json\/wp\/v2\/product_tag?post=45226"}],"curies":[{"name":"wp","href":"https:\/\/api.w.org\/{rel}","templated":true}]}}