{"id":45228,"date":"2024-12-04T22:32:04","date_gmt":"2024-12-04T22:32:04","guid":{"rendered":"https:\/\/www.robsonbarros.com\/?post_type=product&#038;p=45228"},"modified":"2024-12-04T22:34:07","modified_gmt":"2024-12-04T22:34:07","slug":"almazonia-download-gratuito","status":"publish","type":"product","link":"https:\/\/www.robsonbarros.com\/pt-br\/shop\/almazonia-download-gratuito\/","title":{"rendered":"1 | ALMAZONIA | Download Gratuito"},"content":{"rendered":"<p>\u00abAlmazonia\u00bb the single \u00abOf a curve of the river born the enchantment&#8230;\u00bb The first title which represents the identity of the album, \u00abAlmazonia\u00bb is a chant celebrating the deep and mysterious soul of the Amazon, in all its richness and density. The vibratory and transcendent intensity of the forest merges with omnipresent percussions and a powerful bass line, to put oneself at the service of a text that invites to the inner journey.<\/p>\n<p><iframe title=\"ALMAZONIA \ud83c\udfb5 ROBSON BARROS [OFFICIAL MUSIC VIDEO]\" width=\"800\" height=\"450\" src=\"https:\/\/www.youtube.com\/embed\/VNhd0D5WcIA?feature=oembed&#038;enablejsapi=1&#038;origin=https:\/\/www.robsonbarros.com\" frameborder=\"0\" allow=\"accelerometer; autoplay; clipboard-write; encrypted-media; gyroscope; picture-in-picture; web-share\" referrerpolicy=\"strict-origin-when-cross-origin\" allowfullscreen><\/iframe><\/p>\n","protected":false},"excerpt":{"rendered":"<p><strong>Trecho da primeira faixa do \u00e1lbum <a href=\"https:\/\/www.robsonbarros.com\/shop\/almazonia\/\">Almazonia<\/a><\/strong><\/p>\n<p>Robson Barros: baixo, guitarra, vocal, composi\u00e7\u00e3o, letras<br \/>\nThibaud Dufoy: teclados<br \/>\nLorry Delatie: bateria, percuss\u00e3o, vocal<br \/>\nLaetitia Jana: vocal, letras<br \/>\nMauricio Sarfatis: percuss\u00e3o<br \/>\nJeffe Otto: bateria<br \/>\nAndr\u00e9 Da Silva: guitarra<\/p>\n","protected":false},"featured_media":44230,"template":"","meta":[],"product_cat":[169,167],"product_tag":[],"class_list":{"0":"post-45228","1":"product","2":"type-product","3":"status-publish","4":"has-post-thumbnail","6":"product_cat-faixa","7":"product_cat-musica","9":"first","10":"instock","11":"downloadable","12":"virtual","13":"purchasable","14":"product-type-simple"},"yoast_head":"<!-- This site is optimized with the Yoast SEO plugin v24.0 - https:\/\/yoast.com\/wordpress\/plugins\/seo\/ -->\n<title>1 | ALMAZONIA | Download Gratuito - Robson BARROS - ALMAZONIA<\/title>\n<meta name=\"robots\" content=\"index, follow, max-snippet:-1, max-image-preview:large, max-video-preview:-1\" \/>\n<link rel=\"canonical\" href=\"https:\/\/www.robsonbarros.com\/pt-br\/shop\/almazonia-download-gratuito\/\" \/>\n<meta property=\"og:locale\" content=\"pt_BR\" \/>\n<meta property=\"og:type\" content=\"article\" \/>\n<meta property=\"og:title\" content=\"1 | ALMAZONIA | Download Gratuito - Robson BARROS - ALMAZONIA\" \/>\n<meta property=\"og:description\" content=\"Trecho da primeira faixa do \u00e1lbum Almazonia  Robson Barros: baixo, guitarra, vocal, composi\u00e7\u00e3o, letras  Thibaud Dufoy: teclados  Lorry Delatie: bateria, percuss\u00e3o, vocal  Laetitia Jana: vocal, letras  Mauricio Sarfatis: percuss\u00e3o  Jeffe Otto: bateria  Andr\u00e9 Da Silva: guitarra\" \/>\n<meta property=\"og:url\" content=\"https:\/\/www.robsonbarros.com\/pt-br\/shop\/almazonia-download-gratuito\/\" \/>\n<meta property=\"og:site_name\" content=\"Robson BARROS - ALMAZONIA\" \/>\n<meta property=\"article:modified_time\" content=\"2024-12-04T22:34:07+00:00\" \/>\n<meta property=\"og:image\" content=\"https:\/\/www.robsonbarros.com\/wp-content\/uploads\/2019\/07\/almazonia-robson-barros.jpg\" \/>\n\t<meta property=\"og:image:width\" content=\"1465\" \/>\n\t<meta property=\"og:image:height\" content=\"1488\" \/>\n\t<meta property=\"og:image:type\" content=\"image\/jpeg\" \/>\n<meta name=\"twitter:card\" content=\"summary_large_image\" \/>\n<meta name=\"twitter:label1\" content=\"Est. tempo de leitura\" \/>\n\t<meta name=\"twitter:data1\" content=\"1 minuto\" \/>\n<script type=\"application\/ld+json\" class=\"yoast-schema-graph\">{\"@context\":\"https:\/\/schema.org\",\"@graph\":[{\"@type\":\"WebPage\",\"@id\":\"https:\/\/www.robsonbarros.com\/pt-br\/shop\/almazonia-download-gratuito\/\",\"url\":\"https:\/\/www.robsonbarros.com\/pt-br\/shop\/almazonia-download-gratuito\/\",\"name\":\"1 | ALMAZONIA | Download Gratuito - Robson BARROS - ALMAZONIA\",\"isPartOf\":{\"@id\":\"https:\/\/www.robsonbarros.com\/#website\"},\"primaryImageOfPage\":{\"@id\":\"https:\/\/www.robsonbarros.com\/pt-br\/shop\/almazonia-download-gratuito\/#primaryimage\"},\"image\":{\"@id\":\"https:\/\/www.robsonbarros.com\/pt-br\/shop\/almazonia-download-gratuito\/#primaryimage\"},\"thumbnailUrl\":\"https:\/\/www.robsonbarros.com\/wp-content\/uploads\/2019\/07\/almazonia-robson-barros.jpg\",\"datePublished\":\"2024-12-04T22:32:04+00:00\",\"dateModified\":\"2024-12-04T22:34:07+00:00\",\"breadcrumb\":{\"@id\":\"https:\/\/www.robsonbarros.com\/pt-br\/shop\/almazonia-download-gratuito\/#breadcrumb\"},\"inLanguage\":\"pt-BR\",\"potentialAction\":[{\"@type\":\"ReadAction\",\"target\":[\"https:\/\/www.robsonbarros.com\/pt-br\/shop\/almazonia-download-gratuito\/\"]}]},{\"@type\":\"ImageObject\",\"inLanguage\":\"pt-BR\",\"@id\":\"https:\/\/www.robsonbarros.com\/pt-br\/shop\/almazonia-download-gratuito\/#primaryimage\",\"url\":\"https:\/\/www.robsonbarros.com\/wp-content\/uploads\/2019\/07\/almazonia-robson-barros.jpg\",\"contentUrl\":\"https:\/\/www.robsonbarros.com\/wp-content\/uploads\/2019\/07\/almazonia-robson-barros.jpg\",\"width\":1465,\"height\":1488},{\"@type\":\"BreadcrumbList\",\"@id\":\"https:\/\/www.robsonbarros.com\/pt-br\/shop\/almazonia-download-gratuito\/#breadcrumb\",\"itemListElement\":[{\"@type\":\"ListItem\",\"position\":1,\"name\":\"Home\",\"item\":\"https:\/\/www.robsonbarros.com\/pt-br\/\"},{\"@type\":\"ListItem\",\"position\":2,\"name\":\"Shop\",\"item\":\"https:\/\/www.robsonbarros.com\/shop\/\"},{\"@type\":\"ListItem\",\"position\":3,\"name\":\"1 | ALMAZONIA | Download Gratuito\"}]},{\"@type\":\"WebSite\",\"@id\":\"https:\/\/www.robsonbarros.com\/#website\",\"url\":\"https:\/\/www.robsonbarros.com\/\",\"name\":\"Robson BARROS - ALMAZONIA\",\"description\":\"Visit the Robson Barros website\",\"publisher\":{\"@id\":\"https:\/\/www.robsonbarros.com\/#\/schema\/person\/a061c00cd8214ed6d75cd7a0874bf49f\"},\"potentialAction\":[{\"@type\":\"SearchAction\",\"target\":{\"@type\":\"EntryPoint\",\"urlTemplate\":\"https:\/\/www.robsonbarros.com\/?s={search_term_string}\"},\"query-input\":{\"@type\":\"PropertyValueSpecification\",\"valueRequired\":true,\"valueName\":\"search_term_string\"}}],\"inLanguage\":\"pt-BR\"},{\"@type\":[\"Person\",\"Organization\"],\"@id\":\"https:\/\/www.robsonbarros.com\/#\/schema\/person\/a061c00cd8214ed6d75cd7a0874bf49f\",\"name\":\"Robson BARROS\",\"image\":{\"@type\":\"ImageObject\",\"inLanguage\":\"pt-BR\",\"@id\":\"https:\/\/www.robsonbarros.com\/#\/schema\/person\/image\/\",\"url\":\"https:\/\/www.robsonbarros.com\/wp-content\/uploads\/2019\/07\/robson_barros_bass.jpg\",\"contentUrl\":\"https:\/\/www.robsonbarros.com\/wp-content\/uploads\/2019\/07\/robson_barros_bass.jpg\",\"width\":800,\"height\":800,\"caption\":\"Robson BARROS\"},\"logo\":{\"@id\":\"https:\/\/www.robsonbarros.com\/#\/schema\/person\/image\/\"}}]}<\/script>\n<!-- \/ Yoast SEO plugin. -->","yoast_head_json":{"title":"1 | ALMAZONIA | Download Gratuito - Robson BARROS - ALMAZONIA","robots":{"index":"index","follow":"follow","max-snippet":"max-snippet:-1","max-image-preview":"max-image-preview:large","max-video-preview":"max-video-preview:-1"},"canonical":"https:\/\/www.robsonbarros.com\/pt-br\/shop\/almazonia-download-gratuito\/","og_locale":"pt_BR","og_type":"article","og_title":"1 | ALMAZONIA | Download Gratuito - Robson BARROS - ALMAZONIA","og_description":"Trecho da primeira faixa do \u00e1lbum Almazonia  Robson Barros: baixo, guitarra, vocal, composi\u00e7\u00e3o, letras  Thibaud Dufoy: teclados  Lorry Delatie: bateria, percuss\u00e3o, vocal  Laetitia Jana: vocal, letras  Mauricio Sarfatis: percuss\u00e3o  Jeffe Otto: bateria  Andr\u00e9 Da Silva: guitarra","og_url":"https:\/\/www.robsonbarros.com\/pt-br\/shop\/almazonia-download-gratuito\/","og_site_name":"Robson BARROS - ALMAZONIA","article_modified_time":"2024-12-04T22:34:07+00:00","og_image":[{"width":1465,"height":1488,"url":"https:\/\/www.robsonbarros.com\/wp-content\/uploads\/2019\/07\/almazonia-robson-barros.jpg","type":"image\/jpeg"}],"twitter_card":"summary_large_image","twitter_misc":{"Est. tempo de leitura":"1 minuto"},"schema":{"@context":"https:\/\/schema.org","@graph":[{"@type":"WebPage","@id":"https:\/\/www.robsonbarros.com\/pt-br\/shop\/almazonia-download-gratuito\/","url":"https:\/\/www.robsonbarros.com\/pt-br\/shop\/almazonia-download-gratuito\/","name":"1 | ALMAZONIA | Download Gratuito - Robson BARROS - ALMAZONIA","isPartOf":{"@id":"https:\/\/www.robsonbarros.com\/#website"},"primaryImageOfPage":{"@id":"https:\/\/www.robsonbarros.com\/pt-br\/shop\/almazonia-download-gratuito\/#primaryimage"},"image":{"@id":"https:\/\/www.robsonbarros.com\/pt-br\/shop\/almazonia-download-gratuito\/#primaryimage"},"thumbnailUrl":"https:\/\/www.robsonbarros.com\/wp-content\/uploads\/2019\/07\/almazonia-robson-barros.jpg","datePublished":"2024-12-04T22:32:04+00:00","dateModified":"2024-12-04T22:34:07+00:00","breadcrumb":{"@id":"https:\/\/www.robsonbarros.com\/pt-br\/shop\/almazonia-download-gratuito\/#breadcrumb"},"inLanguage":"pt-BR","potentialAction":[{"@type":"ReadAction","target":["https:\/\/www.robsonbarros.com\/pt-br\/shop\/almazonia-download-gratuito\/"]}]},{"@type":"ImageObject","inLanguage":"pt-BR","@id":"https:\/\/www.robsonbarros.com\/pt-br\/shop\/almazonia-download-gratuito\/#primaryimage","url":"https:\/\/www.robsonbarros.com\/wp-content\/uploads\/2019\/07\/almazonia-robson-barros.jpg","contentUrl":"https:\/\/www.robsonbarros.com\/wp-content\/uploads\/2019\/07\/almazonia-robson-barros.jpg","width":1465,"height":1488},{"@type":"BreadcrumbList","@id":"https:\/\/www.robsonbarros.com\/pt-br\/shop\/almazonia-download-gratuito\/#breadcrumb","itemListElement":[{"@type":"ListItem","position":1,"name":"Home","item":"https:\/\/www.robsonbarros.com\/pt-br\/"},{"@type":"ListItem","position":2,"name":"Shop","item":"https:\/\/www.robsonbarros.com\/shop\/"},{"@type":"ListItem","position":3,"name":"1 | ALMAZONIA | Download Gratuito"}]},{"@type":"WebSite","@id":"https:\/\/www.robsonbarros.com\/#website","url":"https:\/\/www.robsonbarros.com\/","name":"Robson BARROS - ALMAZONIA","description":"Visit the Robson Barros website","publisher":{"@id":"https:\/\/www.robsonbarros.com\/#\/schema\/person\/a061c00cd8214ed6d75cd7a0874bf49f"},"potentialAction":[{"@type":"SearchAction","target":{"@type":"EntryPoint","urlTemplate":"https:\/\/www.robsonbarros.com\/?s={search_term_string}"},"query-input":{"@type":"PropertyValueSpecification","valueRequired":true,"valueName":"search_term_string"}}],"inLanguage":"pt-BR"},{"@type":["Person","Organization"],"@id":"https:\/\/www.robsonbarros.com\/#\/schema\/person\/a061c00cd8214ed6d75cd7a0874bf49f","name":"Robson BARROS","image":{"@type":"ImageObject","inLanguage":"pt-BR","@id":"https:\/\/www.robsonbarros.com\/#\/schema\/person\/image\/","url":"https:\/\/www.robsonbarros.com\/wp-content\/uploads\/2019\/07\/robson_barros_bass.jpg","contentUrl":"https:\/\/www.robsonbarros.com\/wp-content\/uploads\/2019\/07\/robson_barros_bass.jpg","width":800,"height":800,"caption":"Robson BARROS"},"logo":{"@id":"https:\/\/www.robsonbarros.com\/#\/schema\/person\/image\/"}}]}},"_links":{"self":[{"href":"https:\/\/www.robsonbarros.com\/pt-br\/wp-json\/wp\/v2\/product\/45228","targetHints":{"allow":["GET"]}}],"collection":[{"href":"https:\/\/www.robsonbarros.com\/pt-br\/wp-json\/wp\/v2\/product"}],"about":[{"href":"https:\/\/www.robsonbarros.com\/pt-br\/wp-json\/wp\/v2\/types\/product"}],"version-history":[{"count":0,"href":"https:\/\/www.robsonbarros.com\/pt-br\/wp-json\/wp\/v2\/product\/45228\/revisions"}],"wp:featuredmedia":[{"embeddable":true,"href":"https:\/\/www.robsonbarros.com\/pt-br\/wp-json\/wp\/v2\/media\/44230"}],"wp:attachment":[{"href":"https:\/\/www.robsonbarros.com\/pt-br\/wp-json\/wp\/v2\/media?parent=45228"}],"wp:term":[{"taxonomy":"product_cat","embeddable":true,"href":"https:\/\/www.robsonbarros.com\/pt-br\/wp-json\/wp\/v2\/product_cat?post=45228"},{"taxonomy":"product_tag","embeddable":true,"href":"https:\/\/www.robsonbarros.com\/pt-br\/wp-json\/wp\/v2\/product_tag?post=45228"}],"curies":[{"name":"wp","href":"https:\/\/api.w.org\/{rel}","templated":true}]}}