{"id":45527,"date":"2025-11-25T10:53:30","date_gmt":"2025-11-25T10:53:30","guid":{"rendered":"https:\/\/www.robsonbarros.com\/?post_type=product&#038;p=45527"},"modified":"2025-11-25T10:59:09","modified_gmt":"2025-11-25T10:59:09","slug":"o-poder-oculto-da-musica-robson-barros-portugues-brasileiro","status":"publish","type":"product","link":"https:\/\/www.robsonbarros.com\/pt-br\/shop\/o-poder-oculto-da-musica-robson-barros-portugues-brasileiro\/","title":{"rendered":"O Poder Oculto Da Musica &#8211; Robson Barros (Portugu\u00eas \/ Brasileiro)"},"content":{"rendered":"<p>Robson Barros utiliza o conceito de <span class=\"a-text-bold\">Merkabah Musical<\/span>, que \u00e9 uma abordagem m\u00edstica e espiritual da m\u00fasica, sugerindo que a m\u00fasica pode ser um portal para outras realidades e uma ferramenta de transforma\u00e7\u00e3o emocional e espiritual. Ele tamb\u00e9m apresenta o <span class=\"a-text-bold\">M\u00e9todo TUDSAH<\/span>, que integra essas ideias para criar uma experi\u00eancia musical mais profunda e transformadora.<\/p>\n<p>O livro \u00e9 dividido em v\u00e1rias se\u00e7\u00f5es, cada uma explorando diferentes aspectos do poder oculto da m\u00fasica, como a rela\u00e7\u00e3o entre m\u00fasica e magia, m\u00fasica e numerologia, m\u00fasica e c\u00e1bala, m\u00fasica e ci\u00eancia, e m\u00fasica e tecnologia. Robson Barros tamb\u00e9m discute como a m\u00fasica pode nos conectar com a origem do universo e como ela pode ser usada para expandir nossa consci\u00eancia.<\/p>\n<p>Se voc\u00ea est\u00e1 interessado em como a m\u00fasica pode influenciar a mente e o esp\u00edrito, este livro pode ser uma leitura fascinante e inspiradora.<\/p>\n","protected":false},"excerpt":{"rendered":"<p><span class=\"a-text-bold\">O Poder Oculto da M\u00fasica&#8221;<\/span> \u00e9 um livro escrito por Robson Barros, um multi-instrumentista, compositor e produtor musical brasileiro. O livro explora a conex\u00e3o entre a m\u00fasica e o universo, abordando temas como a magia, a numerologia, a c\u00e1bala e a ci\u00eancia.<\/p>\n","protected":false},"featured_media":45528,"template":"","meta":[],"product_cat":[196,105],"product_tag":[],"class_list":{"0":"post-45527","1":"product","2":"type-product","3":"status-publish","4":"has-post-thumbnail","6":"product_cat-livro","7":"product_cat-spirituality","9":"first","10":"instock","11":"shipping-taxable","12":"product-type-external"},"yoast_head":"<!-- This site is optimized with the Yoast SEO plugin v24.0 - https:\/\/yoast.com\/wordpress\/plugins\/seo\/ -->\n<title>O Poder Oculto Da Musica - Robson Barros (Portugu\u00eas \/ Brasileiro) - Robson BARROS - ALMAZONIA<\/title>\n<meta name=\"robots\" content=\"index, follow, max-snippet:-1, max-image-preview:large, max-video-preview:-1\" \/>\n<link rel=\"canonical\" href=\"https:\/\/www.robsonbarros.com\/pt-br\/shop\/o-poder-oculto-da-musica-robson-barros-portugues-brasileiro\/\" \/>\n<meta property=\"og:locale\" content=\"pt_BR\" \/>\n<meta property=\"og:type\" content=\"article\" \/>\n<meta property=\"og:title\" content=\"O Poder Oculto Da Musica - Robson Barros (Portugu\u00eas \/ Brasileiro) - Robson BARROS - ALMAZONIA\" \/>\n<meta property=\"og:description\" content=\"O Poder Oculto da M\u00fasica&quot; \u00e9 um livro escrito por Robson Barros, um multi-instrumentista, compositor e produtor musical brasileiro. O livro explora a conex\u00e3o entre a m\u00fasica e o universo, abordando temas como a magia, a numerologia, a c\u00e1bala e a ci\u00eancia.\" \/>\n<meta property=\"og:url\" content=\"https:\/\/www.robsonbarros.com\/pt-br\/shop\/o-poder-oculto-da-musica-robson-barros-portugues-brasileiro\/\" \/>\n<meta property=\"og:site_name\" content=\"Robson BARROS - ALMAZONIA\" \/>\n<meta property=\"article:modified_time\" content=\"2025-11-25T10:59:09+00:00\" \/>\n<meta property=\"og:image\" content=\"https:\/\/www.robsonbarros.com\/wp-content\/uploads\/2025\/11\/O-Poder-Oculto-Da-Musica-Robson-Barros-Brasil.jpg\" \/>\n\t<meta property=\"og:image:width\" content=\"1024\" \/>\n\t<meta property=\"og:image:height\" content=\"1024\" \/>\n\t<meta property=\"og:image:type\" content=\"image\/jpeg\" \/>\n<meta name=\"twitter:card\" content=\"summary_large_image\" \/>\n<meta name=\"twitter:label1\" content=\"Est. tempo de leitura\" \/>\n\t<meta name=\"twitter:data1\" content=\"1 minuto\" \/>\n<script type=\"application\/ld+json\" class=\"yoast-schema-graph\">{\"@context\":\"https:\/\/schema.org\",\"@graph\":[{\"@type\":\"WebPage\",\"@id\":\"https:\/\/www.robsonbarros.com\/pt-br\/shop\/o-poder-oculto-da-musica-robson-barros-portugues-brasileiro\/\",\"url\":\"https:\/\/www.robsonbarros.com\/pt-br\/shop\/o-poder-oculto-da-musica-robson-barros-portugues-brasileiro\/\",\"name\":\"O Poder Oculto Da Musica - Robson Barros (Portugu\u00eas \/ Brasileiro) - Robson BARROS - ALMAZONIA\",\"isPartOf\":{\"@id\":\"https:\/\/www.robsonbarros.com\/#website\"},\"primaryImageOfPage\":{\"@id\":\"https:\/\/www.robsonbarros.com\/pt-br\/shop\/o-poder-oculto-da-musica-robson-barros-portugues-brasileiro\/#primaryimage\"},\"image\":{\"@id\":\"https:\/\/www.robsonbarros.com\/pt-br\/shop\/o-poder-oculto-da-musica-robson-barros-portugues-brasileiro\/#primaryimage\"},\"thumbnailUrl\":\"https:\/\/www.robsonbarros.com\/wp-content\/uploads\/2025\/11\/O-Poder-Oculto-Da-Musica-Robson-Barros-Brasil.jpg\",\"datePublished\":\"2025-11-25T10:53:30+00:00\",\"dateModified\":\"2025-11-25T10:59:09+00:00\",\"breadcrumb\":{\"@id\":\"https:\/\/www.robsonbarros.com\/pt-br\/shop\/o-poder-oculto-da-musica-robson-barros-portugues-brasileiro\/#breadcrumb\"},\"inLanguage\":\"pt-BR\",\"potentialAction\":[{\"@type\":\"ReadAction\",\"target\":[\"https:\/\/www.robsonbarros.com\/pt-br\/shop\/o-poder-oculto-da-musica-robson-barros-portugues-brasileiro\/\"]}]},{\"@type\":\"ImageObject\",\"inLanguage\":\"pt-BR\",\"@id\":\"https:\/\/www.robsonbarros.com\/pt-br\/shop\/o-poder-oculto-da-musica-robson-barros-portugues-brasileiro\/#primaryimage\",\"url\":\"https:\/\/www.robsonbarros.com\/wp-content\/uploads\/2025\/11\/O-Poder-Oculto-Da-Musica-Robson-Barros-Brasil.jpg\",\"contentUrl\":\"https:\/\/www.robsonbarros.com\/wp-content\/uploads\/2025\/11\/O-Poder-Oculto-Da-Musica-Robson-Barros-Brasil.jpg\",\"width\":1024,\"height\":1024},{\"@type\":\"BreadcrumbList\",\"@id\":\"https:\/\/www.robsonbarros.com\/pt-br\/shop\/o-poder-oculto-da-musica-robson-barros-portugues-brasileiro\/#breadcrumb\",\"itemListElement\":[{\"@type\":\"ListItem\",\"position\":1,\"name\":\"Home\",\"item\":\"https:\/\/www.robsonbarros.com\/pt-br\/\"},{\"@type\":\"ListItem\",\"position\":2,\"name\":\"Shop\",\"item\":\"https:\/\/www.robsonbarros.com\/shop\/\"},{\"@type\":\"ListItem\",\"position\":3,\"name\":\"O Poder Oculto Da Musica &#8211; Robson Barros (Portugu\u00eas \/ Brasileiro)\"}]},{\"@type\":\"WebSite\",\"@id\":\"https:\/\/www.robsonbarros.com\/#website\",\"url\":\"https:\/\/www.robsonbarros.com\/\",\"name\":\"Robson BARROS - ALMAZONIA\",\"description\":\"Visit the Robson Barros website\",\"publisher\":{\"@id\":\"https:\/\/www.robsonbarros.com\/#\/schema\/person\/a061c00cd8214ed6d75cd7a0874bf49f\"},\"potentialAction\":[{\"@type\":\"SearchAction\",\"target\":{\"@type\":\"EntryPoint\",\"urlTemplate\":\"https:\/\/www.robsonbarros.com\/?s={search_term_string}\"},\"query-input\":{\"@type\":\"PropertyValueSpecification\",\"valueRequired\":true,\"valueName\":\"search_term_string\"}}],\"inLanguage\":\"pt-BR\"},{\"@type\":[\"Person\",\"Organization\"],\"@id\":\"https:\/\/www.robsonbarros.com\/#\/schema\/person\/a061c00cd8214ed6d75cd7a0874bf49f\",\"name\":\"Robson BARROS\",\"image\":{\"@type\":\"ImageObject\",\"inLanguage\":\"pt-BR\",\"@id\":\"https:\/\/www.robsonbarros.com\/#\/schema\/person\/image\/\",\"url\":\"https:\/\/www.robsonbarros.com\/wp-content\/uploads\/2019\/07\/robson_barros_bass.jpg\",\"contentUrl\":\"https:\/\/www.robsonbarros.com\/wp-content\/uploads\/2019\/07\/robson_barros_bass.jpg\",\"width\":800,\"height\":800,\"caption\":\"Robson BARROS\"},\"logo\":{\"@id\":\"https:\/\/www.robsonbarros.com\/#\/schema\/person\/image\/\"}}]}<\/script>\n<!-- \/ Yoast SEO plugin. -->","yoast_head_json":{"title":"O Poder Oculto Da Musica - Robson Barros (Portugu\u00eas \/ Brasileiro) - Robson BARROS - ALMAZONIA","robots":{"index":"index","follow":"follow","max-snippet":"max-snippet:-1","max-image-preview":"max-image-preview:large","max-video-preview":"max-video-preview:-1"},"canonical":"https:\/\/www.robsonbarros.com\/pt-br\/shop\/o-poder-oculto-da-musica-robson-barros-portugues-brasileiro\/","og_locale":"pt_BR","og_type":"article","og_title":"O Poder Oculto Da Musica - Robson Barros (Portugu\u00eas \/ Brasileiro) - Robson BARROS - ALMAZONIA","og_description":"O Poder Oculto da M\u00fasica\" \u00e9 um livro escrito por Robson Barros, um multi-instrumentista, compositor e produtor musical brasileiro. O livro explora a conex\u00e3o entre a m\u00fasica e o universo, abordando temas como a magia, a numerologia, a c\u00e1bala e a ci\u00eancia.","og_url":"https:\/\/www.robsonbarros.com\/pt-br\/shop\/o-poder-oculto-da-musica-robson-barros-portugues-brasileiro\/","og_site_name":"Robson BARROS - ALMAZONIA","article_modified_time":"2025-11-25T10:59:09+00:00","og_image":[{"width":1024,"height":1024,"url":"https:\/\/www.robsonbarros.com\/wp-content\/uploads\/2025\/11\/O-Poder-Oculto-Da-Musica-Robson-Barros-Brasil.jpg","type":"image\/jpeg"}],"twitter_card":"summary_large_image","twitter_misc":{"Est. tempo de leitura":"1 minuto"},"schema":{"@context":"https:\/\/schema.org","@graph":[{"@type":"WebPage","@id":"https:\/\/www.robsonbarros.com\/pt-br\/shop\/o-poder-oculto-da-musica-robson-barros-portugues-brasileiro\/","url":"https:\/\/www.robsonbarros.com\/pt-br\/shop\/o-poder-oculto-da-musica-robson-barros-portugues-brasileiro\/","name":"O Poder Oculto Da Musica - Robson Barros (Portugu\u00eas \/ Brasileiro) - Robson BARROS - ALMAZONIA","isPartOf":{"@id":"https:\/\/www.robsonbarros.com\/#website"},"primaryImageOfPage":{"@id":"https:\/\/www.robsonbarros.com\/pt-br\/shop\/o-poder-oculto-da-musica-robson-barros-portugues-brasileiro\/#primaryimage"},"image":{"@id":"https:\/\/www.robsonbarros.com\/pt-br\/shop\/o-poder-oculto-da-musica-robson-barros-portugues-brasileiro\/#primaryimage"},"thumbnailUrl":"https:\/\/www.robsonbarros.com\/wp-content\/uploads\/2025\/11\/O-Poder-Oculto-Da-Musica-Robson-Barros-Brasil.jpg","datePublished":"2025-11-25T10:53:30+00:00","dateModified":"2025-11-25T10:59:09+00:00","breadcrumb":{"@id":"https:\/\/www.robsonbarros.com\/pt-br\/shop\/o-poder-oculto-da-musica-robson-barros-portugues-brasileiro\/#breadcrumb"},"inLanguage":"pt-BR","potentialAction":[{"@type":"ReadAction","target":["https:\/\/www.robsonbarros.com\/pt-br\/shop\/o-poder-oculto-da-musica-robson-barros-portugues-brasileiro\/"]}]},{"@type":"ImageObject","inLanguage":"pt-BR","@id":"https:\/\/www.robsonbarros.com\/pt-br\/shop\/o-poder-oculto-da-musica-robson-barros-portugues-brasileiro\/#primaryimage","url":"https:\/\/www.robsonbarros.com\/wp-content\/uploads\/2025\/11\/O-Poder-Oculto-Da-Musica-Robson-Barros-Brasil.jpg","contentUrl":"https:\/\/www.robsonbarros.com\/wp-content\/uploads\/2025\/11\/O-Poder-Oculto-Da-Musica-Robson-Barros-Brasil.jpg","width":1024,"height":1024},{"@type":"BreadcrumbList","@id":"https:\/\/www.robsonbarros.com\/pt-br\/shop\/o-poder-oculto-da-musica-robson-barros-portugues-brasileiro\/#breadcrumb","itemListElement":[{"@type":"ListItem","position":1,"name":"Home","item":"https:\/\/www.robsonbarros.com\/pt-br\/"},{"@type":"ListItem","position":2,"name":"Shop","item":"https:\/\/www.robsonbarros.com\/shop\/"},{"@type":"ListItem","position":3,"name":"O Poder Oculto Da Musica &#8211; Robson Barros (Portugu\u00eas \/ Brasileiro)"}]},{"@type":"WebSite","@id":"https:\/\/www.robsonbarros.com\/#website","url":"https:\/\/www.robsonbarros.com\/","name":"Robson BARROS - ALMAZONIA","description":"Visit the Robson Barros website","publisher":{"@id":"https:\/\/www.robsonbarros.com\/#\/schema\/person\/a061c00cd8214ed6d75cd7a0874bf49f"},"potentialAction":[{"@type":"SearchAction","target":{"@type":"EntryPoint","urlTemplate":"https:\/\/www.robsonbarros.com\/?s={search_term_string}"},"query-input":{"@type":"PropertyValueSpecification","valueRequired":true,"valueName":"search_term_string"}}],"inLanguage":"pt-BR"},{"@type":["Person","Organization"],"@id":"https:\/\/www.robsonbarros.com\/#\/schema\/person\/a061c00cd8214ed6d75cd7a0874bf49f","name":"Robson BARROS","image":{"@type":"ImageObject","inLanguage":"pt-BR","@id":"https:\/\/www.robsonbarros.com\/#\/schema\/person\/image\/","url":"https:\/\/www.robsonbarros.com\/wp-content\/uploads\/2019\/07\/robson_barros_bass.jpg","contentUrl":"https:\/\/www.robsonbarros.com\/wp-content\/uploads\/2019\/07\/robson_barros_bass.jpg","width":800,"height":800,"caption":"Robson BARROS"},"logo":{"@id":"https:\/\/www.robsonbarros.com\/#\/schema\/person\/image\/"}}]}},"_links":{"self":[{"href":"https:\/\/www.robsonbarros.com\/pt-br\/wp-json\/wp\/v2\/product\/45527","targetHints":{"allow":["GET"]}}],"collection":[{"href":"https:\/\/www.robsonbarros.com\/pt-br\/wp-json\/wp\/v2\/product"}],"about":[{"href":"https:\/\/www.robsonbarros.com\/pt-br\/wp-json\/wp\/v2\/types\/product"}],"version-history":[{"count":0,"href":"https:\/\/www.robsonbarros.com\/pt-br\/wp-json\/wp\/v2\/product\/45527\/revisions"}],"wp:featuredmedia":[{"embeddable":true,"href":"https:\/\/www.robsonbarros.com\/pt-br\/wp-json\/wp\/v2\/media\/45528"}],"wp:attachment":[{"href":"https:\/\/www.robsonbarros.com\/pt-br\/wp-json\/wp\/v2\/media?parent=45527"}],"wp:term":[{"taxonomy":"product_cat","embeddable":true,"href":"https:\/\/www.robsonbarros.com\/pt-br\/wp-json\/wp\/v2\/product_cat?post=45527"},{"taxonomy":"product_tag","embeddable":true,"href":"https:\/\/www.robsonbarros.com\/pt-br\/wp-json\/wp\/v2\/product_tag?post=45527"}],"curies":[{"name":"wp","href":"https:\/\/api.w.org\/{rel}","templated":true}]}}